{"id":994,"date":"2024-10-31T07:48:45","date_gmt":"2024-10-31T10:48:45","guid":{"rendered":"https:\/\/emporiodoturquinho.com.br\/?post_type=product&#038;p=994"},"modified":"2024-10-31T07:48:45","modified_gmt":"2024-10-31T10:48:45","slug":"fito-viron-grego-grego","status":"publish","type":"product","link":"https:\/\/emporiodoturquinho.com.br\/?product=fito-viron-grego-grego","title":{"rendered":"FITO VIRON GREGO GREGO"},"content":{"rendered":"<p>\u2022 Aumenta a disposi\u00e7\u00e3o<br \/>\n\u2022 Favorece o emagrecimento<br \/>\n\u2022 Rico em cafe\u00edna<br \/>\n\u2022 Sem gl\u00faten<br \/>\n\u2022 Ajuda reduzir os n\u00edveis do colesterol ruim<br \/>\n\u2022 VEGANO<br \/>\n\u2022 Previne o envelhecimento precoce<br \/>\n\u2022 Melhora a imunidade<br \/>\n\u2022 Melhora a concentra\u00e7\u00e3o<br \/>\n\u2022 Auxilia o humor<br \/>\n\u2022 Evita doen\u00e7as card\u00edacas<br \/>\n\u2022 Auxilia tratar a dor de cabe\u00e7a tensional<br \/>\n\u2022 A\u00e7\u00e3o anti-inflamat\u00f3ria e antioxidante<\/p>\n","protected":false},"excerpt":{"rendered":"<p>O Fito Viron Grego Unilife \u00e9 um suplemento polivitam\u00ednico vegano, que oferece uma combina\u00e7\u00e3o \u00fanica de nutrientes para promover energia e vitalidade. Com destaque para a maca peruana e o guaran\u00e1, conhecidos por seus efeitos energizantes e adapt\u00f3genos, o produto ainda conta com um mix completo de vitaminas e minerais essenciais para o bom funcionamento do organismo. Uma op\u00e7\u00e3o pr\u00e1tica e completa para quem busca uma suplementa\u00e7\u00e3o natural e equilibrada.<\/p>\n","protected":false},"featured_media":995,"comment_status":"open","ping_status":"closed","template":"","meta":[],"product_cat":[37],"product_tag":[],"class_list":{"0":"post-994","1":"product","2":"type-product","3":"status-publish","4":"has-post-thumbnail","6":"product_cat-suplementos","8":"first","9":"instock","10":"shipping-taxable","11":"product-type-simple"},"supplier_id":null,"supplier_sku":"","barcode":null,"atum_controlled":true,"out_stock_date":null,"out_stock_threshold":null,"inheritable":false,"inbound_stock":null,"stock_on_hold":0,"sold_today":0,"sales_last_days":0,"reserved_stock":null,"customer_returns":null,"warehouse_damage":null,"lost_in_post":null,"other_logs":null,"out_stock_days":0,"lost_sales":0,"has_location":false,"update_date":"2026-04-22T12:24:26","atum_locations":[],"atum_stock_status":"instock","restock_status":false,"low_stock_amount":"","sales_update_date":"2026-04-22T12:24:26","calc_backorders":null,"_links":{"self":[{"href":"https:\/\/emporiodoturquinho.com.br\/index.php?rest_route=\/wp\/v2\/product\/994","targetHints":{"allow":["GET"]}}],"collection":[{"href":"https:\/\/emporiodoturquinho.com.br\/index.php?rest_route=\/wp\/v2\/product"}],"about":[{"href":"https:\/\/emporiodoturquinho.com.br\/index.php?rest_route=\/wp\/v2\/types\/product"}],"replies":[{"embeddable":true,"href":"https:\/\/emporiodoturquinho.com.br\/index.php?rest_route=%2Fwp%2Fv2%2Fcomments&post=994"}],"wp:featuredmedia":[{"embeddable":true,"href":"https:\/\/emporiodoturquinho.com.br\/index.php?rest_route=\/wp\/v2\/media\/995"}],"wp:attachment":[{"href":"https:\/\/emporiodoturquinho.com.br\/index.php?rest_route=%2Fwp%2Fv2%2Fmedia&parent=994"}],"wp:term":[{"taxonomy":"product_cat","embeddable":true,"href":"https:\/\/emporiodoturquinho.com.br\/index.php?rest_route=%2Fwp%2Fv2%2Fproduct_cat&post=994"},{"taxonomy":"product_tag","embeddable":true,"href":"https:\/\/emporiodoturquinho.com.br\/index.php?rest_route=%2Fwp%2Fv2%2Fproduct_tag&post=994"}],"curies":[{"name":"wp","href":"https:\/\/api.w.org\/{rel}","templated":true}]}}