{"id":992,"date":"2024-10-24T16:58:14","date_gmt":"2024-10-24T19:58:14","guid":{"rendered":"https:\/\/emporiodoturquinho.com.br\/?post_type=product&#038;p=992"},"modified":"2024-10-24T16:58:14","modified_gmt":"2024-10-24T19:58:14","slug":"mix-castanhas","status":"publish","type":"product","link":"https:\/\/emporiodoturquinho.com.br\/?product=mix-castanhas","title":{"rendered":"MIX CASTANHAS"},"content":{"rendered":"<p><strong>Como armazenar\u00a0<\/strong><\/p>\n<p><strong>Por se tratar de produtos naturais livres de conservantes nossos produtos requerem uma armazenagem mais cuidadosa,<\/strong><b>\u00a0<\/b>a melhor<b>\u00a0<\/b>maneira \u00e9\u00a0armazenar em vidro hermeticamente fechado, pode ser armazenado tamb\u00e9m<b>\u00a0<\/b><strong>na geladeira,<\/strong><b>\u00a0<\/b><strong>assim ficar\u00e3o frescos por mais tempo. Para fechar as embalagens\u00a0<\/strong>n\u00e3o use grampos nem fitas<b>,<\/b><strong>\u00a0evitar exposi\u00e7\u00e3o ao calor e luz, pois deixar\u00e3o os produtos como as oleaginosas, frutas secas ou farin\u00e1ceos ran\u00e7osos rapidamente.<\/strong><\/p>\n<p><strong>\u00a0<\/strong>* Todas as informa\u00e7\u00f5es divulgadas s\u00e3o de responsabilidade do fabricante\/fornecedor.<\/p>\n<p>* Imagens ilustrativas, as cores podem alterar conforme o seu monitor<\/p>\n","protected":false},"excerpt":{"rendered":"<p>O alimento auxilia no funcionamento adequado do quadro gastrointestinal e suas gorduras sadias auxiliam na regula\u00e7\u00e3o do colesterol. Da mesma forma, possui nutrientes e minerais fundamentais para o organismo e n\u00e3o h\u00e1 adi\u00e7\u00e3o de a\u00e7\u00facar.<br \/>\nAs oleaginosas presentes neste\u00a0blend\u00a0s\u00e3o: avel\u00e3s,\u00a0Castanha de Caju,\u00a0Castanha\u00a0do Par\u00e1, Passas,\u00a0Am\u00eandoas Cruas, Macad\u00e2mia sem Sal,\u00a0Amendoim\u00a0e Nozes\u00a0Quartz.<br \/>\nPara que fiquem frescas por mais tempo, coloque suas oleaginosas em recipientes de vidro ou pl\u00e1stico bem lacrados e guarde na geladeira. Al\u00e9m disso, mantenha-as longe da exposi\u00e7\u00e3o ao sol, luz e atmosfera\u00a0\u2013\u00a0pois tais\u00a0condi\u00e7\u00f5es rapidamente mudar\u00e3o a textura das sementes.<\/p>\n","protected":false},"featured_media":993,"comment_status":"open","ping_status":"closed","template":"","meta":[],"product_cat":[31],"product_tag":[],"class_list":{"0":"post-992","1":"product","2":"type-product","3":"status-publish","4":"has-post-thumbnail","6":"product_cat-leguminosas","8":"first","9":"instock","10":"shipping-taxable","11":"product-type-simple"},"supplier_id":null,"supplier_sku":"","barcode":null,"atum_controlled":true,"out_stock_date":null,"out_stock_threshold":null,"inheritable":false,"inbound_stock":null,"stock_on_hold":0,"sold_today":0,"sales_last_days":0,"reserved_stock":null,"customer_returns":null,"warehouse_damage":null,"lost_in_post":null,"other_logs":null,"out_stock_days":0,"lost_sales":0,"has_location":false,"update_date":"2026-04-22T12:24:26","atum_locations":[],"atum_stock_status":"instock","restock_status":false,"low_stock_amount":"","sales_update_date":"2026-04-22T12:24:26","calc_backorders":null,"_links":{"self":[{"href":"https:\/\/emporiodoturquinho.com.br\/index.php?rest_route=\/wp\/v2\/product\/992","targetHints":{"allow":["GET"]}}],"collection":[{"href":"https:\/\/emporiodoturquinho.com.br\/index.php?rest_route=\/wp\/v2\/product"}],"about":[{"href":"https:\/\/emporiodoturquinho.com.br\/index.php?rest_route=\/wp\/v2\/types\/product"}],"replies":[{"embeddable":true,"href":"https:\/\/emporiodoturquinho.com.br\/index.php?rest_route=%2Fwp%2Fv2%2Fcomments&post=992"}],"wp:featuredmedia":[{"embeddable":true,"href":"https:\/\/emporiodoturquinho.com.br\/index.php?rest_route=\/wp\/v2\/media\/993"}],"wp:attachment":[{"href":"https:\/\/emporiodoturquinho.com.br\/index.php?rest_route=%2Fwp%2Fv2%2Fmedia&parent=992"}],"wp:term":[{"taxonomy":"product_cat","embeddable":true,"href":"https:\/\/emporiodoturquinho.com.br\/index.php?rest_route=%2Fwp%2Fv2%2Fproduct_cat&post=992"},{"taxonomy":"product_tag","embeddable":true,"href":"https:\/\/emporiodoturquinho.com.br\/index.php?rest_route=%2Fwp%2Fv2%2Fproduct_tag&post=992"}],"curies":[{"name":"wp","href":"https:\/\/api.w.org\/{rel}","templated":true}]}}