{"id":988,"date":"2024-10-21T09:21:01","date_gmt":"2024-10-21T12:21:01","guid":{"rendered":"https:\/\/emporiodoturquinho.com.br\/?post_type=product&#038;p=988"},"modified":"2024-10-21T09:21:01","modified_gmt":"2024-10-21T12:21:01","slug":"gel-massageador-super-gel-30-ervas","status":"publish","type":"product","link":"https:\/\/emporiodoturquinho.com.br\/?product=gel-massageador-super-gel-30-ervas","title":{"rendered":"GEL MASSAGEADOR SUPER GEL 30 ERVAS"},"content":{"rendered":"<p>Composi\u00e7\u00f5es<\/p>\n<p>Erva Santa Maria<br \/>\nNoni<br \/>\nBarbatim\u00e3o<br \/>\nCopaiba<br \/>\nArnica<br \/>\nAndiroba<br \/>\nAlecrim<br \/>\nAroeira<br \/>\nBabosa<br \/>\nConfrei<br \/>\nCentella Asi\u00e1tica<br \/>\nMutamba<br \/>\nCastanha da India<br \/>\nMalva<br \/>\nCastanha do Par\u00e1<br \/>\nArruda<br \/>\nGinkgo Biloba<br \/>\nAgri\u00e3o<br \/>\nEucalipto Globulos<br \/>\nCravo<br \/>\nBardana<br \/>\nCavalinha<br \/>\nMirra<br \/>\nCh\u00e1 Verde<br \/>\nAlfava<br \/>\nGengibre<br \/>\nB\u00e9tula<br \/>\nAquil\u00e9ia<br \/>\nSalsaparrilha<br \/>\nErva Cidreira<\/p>\n","protected":false},"excerpt":{"rendered":"<p>O Super Gel 30 Ervas foi cuidadosamente desenvolvido para provocar na pele uma agrad\u00e1vel sensa\u00e7\u00e3o t\u00e9rmica quente-frio.<\/p>\n<p>O resfriamento da pele seguido de aquecimento intenso e prolongado auxilia na circula\u00e7\u00e3o e melhora os resultados de massagens para relaxamento corporal.<\/p>\n<p>Formulado com 30 extratos vegetais, dentre eles, a Cetella Asi\u00e1tica capaz de prevenir contra o aparecimento de celulite e a Arnica Montana, coadjuvante \u00e0 sensa\u00e7\u00e3o de fadiga muscular.<\/p>\n","protected":false},"featured_media":989,"comment_status":"open","ping_status":"closed","template":"","meta":[],"product_cat":[18],"product_tag":[],"class_list":{"0":"post-988","1":"product","2":"type-product","3":"status-publish","4":"has-post-thumbnail","6":"product_cat-especiais","8":"first","9":"instock","10":"shipping-taxable","11":"product-type-simple"},"supplier_id":null,"supplier_sku":"","barcode":null,"atum_controlled":true,"out_stock_date":null,"out_stock_threshold":null,"inheritable":false,"inbound_stock":null,"stock_on_hold":0,"sold_today":0,"sales_last_days":0,"reserved_stock":null,"customer_returns":null,"warehouse_damage":null,"lost_in_post":null,"other_logs":null,"out_stock_days":0,"lost_sales":0,"has_location":false,"update_date":"2026-04-22T12:24:26","atum_locations":[],"atum_stock_status":"instock","restock_status":false,"low_stock_amount":"","sales_update_date":"2026-04-22T12:24:26","calc_backorders":null,"_links":{"self":[{"href":"https:\/\/emporiodoturquinho.com.br\/index.php?rest_route=\/wp\/v2\/product\/988","targetHints":{"allow":["GET"]}}],"collection":[{"href":"https:\/\/emporiodoturquinho.com.br\/index.php?rest_route=\/wp\/v2\/product"}],"about":[{"href":"https:\/\/emporiodoturquinho.com.br\/index.php?rest_route=\/wp\/v2\/types\/product"}],"replies":[{"embeddable":true,"href":"https:\/\/emporiodoturquinho.com.br\/index.php?rest_route=%2Fwp%2Fv2%2Fcomments&post=988"}],"wp:featuredmedia":[{"embeddable":true,"href":"https:\/\/emporiodoturquinho.com.br\/index.php?rest_route=\/wp\/v2\/media\/989"}],"wp:attachment":[{"href":"https:\/\/emporiodoturquinho.com.br\/index.php?rest_route=%2Fwp%2Fv2%2Fmedia&parent=988"}],"wp:term":[{"taxonomy":"product_cat","embeddable":true,"href":"https:\/\/emporiodoturquinho.com.br\/index.php?rest_route=%2Fwp%2Fv2%2Fproduct_cat&post=988"},{"taxonomy":"product_tag","embeddable":true,"href":"https:\/\/emporiodoturquinho.com.br\/index.php?rest_route=%2Fwp%2Fv2%2Fproduct_tag&post=988"}],"curies":[{"name":"wp","href":"https:\/\/api.w.org\/{rel}","templated":true}]}}