{"id":982,"date":"2024-10-01T12:15:28","date_gmt":"2024-10-01T15:15:28","guid":{"rendered":"https:\/\/emporiodoturquinho.com.br\/?post_type=product&#038;p=982"},"modified":"2024-10-01T12:15:28","modified_gmt":"2024-10-01T15:15:28","slug":"moringa-oleifera","status":"publish","type":"product","link":"https:\/\/emporiodoturquinho.com.br\/?product=moringa-oleifera","title":{"rendered":"MORINGA OLEIFERA"},"content":{"rendered":"<p>A Moringa Oleifera \u00e9 uma planta cheia de benef\u00edcios, o seu valor nutritivo chamou a aten\u00e7\u00e3o de cientistas que t\u00eam a utilizado como f\u00f3rmula para a promo\u00e7\u00e3o de sa\u00fade e bem-estar. As folhas cont\u00eam propriedades extensas que incluem mais de 45 antioxidantes e 35% da composi\u00e7\u00e3o feita de prote\u00ednas.<\/p>\n","protected":false},"excerpt":{"rendered":"<p>Moringa oferece uma combina\u00e7\u00e3o como nenhuma outra, capaz de lidar com praticamente qualquer doen\u00e7a, al\u00e9m de se mostrar uma fonte poderosa de nutrientes e na manuten\u00e7\u00e3o da nossa imunidade.<br class=\"html-br\" \/>Sem d\u00favidas, uma \u00f3tima op\u00e7\u00e3o \u00e0queles que desejam complementar sua alimenta\u00e7\u00e3o em busca de uma vida plena e saud\u00e1vel.<\/p>\n","protected":false},"featured_media":983,"comment_status":"open","ping_status":"closed","template":"","meta":[],"product_cat":[74],"product_tag":[],"class_list":{"0":"post-982","1":"product","2":"type-product","3":"status-publish","4":"has-post-thumbnail","6":"product_cat-chas-e-ervas","8":"first","9":"instock","10":"shipping-taxable","11":"product-type-simple"},"supplier_id":null,"supplier_sku":"","barcode":null,"atum_controlled":true,"out_stock_date":null,"out_stock_threshold":null,"inheritable":false,"inbound_stock":null,"stock_on_hold":0,"sold_today":0,"sales_last_days":0,"reserved_stock":null,"customer_returns":null,"warehouse_damage":null,"lost_in_post":null,"other_logs":null,"out_stock_days":0,"lost_sales":0,"has_location":false,"update_date":"2026-04-22T12:24:26","atum_locations":[],"atum_stock_status":"instock","restock_status":false,"low_stock_amount":"","sales_update_date":"2026-04-22T12:24:26","calc_backorders":null,"_links":{"self":[{"href":"https:\/\/emporiodoturquinho.com.br\/index.php?rest_route=\/wp\/v2\/product\/982","targetHints":{"allow":["GET"]}}],"collection":[{"href":"https:\/\/emporiodoturquinho.com.br\/index.php?rest_route=\/wp\/v2\/product"}],"about":[{"href":"https:\/\/emporiodoturquinho.com.br\/index.php?rest_route=\/wp\/v2\/types\/product"}],"replies":[{"embeddable":true,"href":"https:\/\/emporiodoturquinho.com.br\/index.php?rest_route=%2Fwp%2Fv2%2Fcomments&post=982"}],"wp:featuredmedia":[{"embeddable":true,"href":"https:\/\/emporiodoturquinho.com.br\/index.php?rest_route=\/wp\/v2\/media\/983"}],"wp:attachment":[{"href":"https:\/\/emporiodoturquinho.com.br\/index.php?rest_route=%2Fwp%2Fv2%2Fmedia&parent=982"}],"wp:term":[{"taxonomy":"product_cat","embeddable":true,"href":"https:\/\/emporiodoturquinho.com.br\/index.php?rest_route=%2Fwp%2Fv2%2Fproduct_cat&post=982"},{"taxonomy":"product_tag","embeddable":true,"href":"https:\/\/emporiodoturquinho.com.br\/index.php?rest_route=%2Fwp%2Fv2%2Fproduct_tag&post=982"}],"curies":[{"name":"wp","href":"https:\/\/api.w.org\/{rel}","templated":true}]}}