{"id":978,"date":"2024-09-09T17:56:33","date_gmt":"2024-09-09T20:56:33","guid":{"rendered":"https:\/\/emporiodoturquinho.com.br\/?post_type=product&#038;p=978"},"modified":"2024-09-09T17:56:33","modified_gmt":"2024-09-09T20:56:33","slug":"dissol-2","status":"publish","type":"product","link":"https:\/\/emporiodoturquinho.com.br\/?product=dissol-2","title":{"rendered":"DISSOL"},"content":{"rendered":"","protected":false},"excerpt":{"rendered":"<p>\u00c9 destinado ao tratamento e dissolu\u00e7\u00e3o dos c\u00e1lculos renais e sua elimina\u00e7\u00e3o atrav\u00e9s da urina. Possui a\u00e7\u00e3o diur\u00e9tica, usado nas doen\u00e7as renais e vias urin\u00e1rias (uretrites, cistites, nefrites infecciosas), com a vantagem de provocar diurese abundante, por\u00e9m retendo a albumina.<\/p>\n<p>Empregado nas afec\u00e7\u00f5es hep\u00e1ticas, obstru\u00e7\u00f5es do\u00a0f\u00edgado\u00a0e hemorragia.<\/p>\n","protected":false},"featured_media":979,"comment_status":"open","ping_status":"closed","template":"","meta":[],"product_cat":[37],"product_tag":[],"class_list":{"0":"post-978","1":"product","2":"type-product","3":"status-publish","4":"has-post-thumbnail","6":"product_cat-suplementos","8":"first","9":"instock","10":"shipping-taxable","11":"product-type-simple"},"supplier_id":null,"supplier_sku":"","barcode":null,"atum_controlled":true,"out_stock_date":null,"out_stock_threshold":null,"inheritable":false,"inbound_stock":null,"stock_on_hold":0,"sold_today":0,"sales_last_days":0,"reserved_stock":null,"customer_returns":null,"warehouse_damage":null,"lost_in_post":null,"other_logs":null,"out_stock_days":0,"lost_sales":0,"has_location":false,"update_date":"2026-04-22T12:24:25","atum_locations":[],"atum_stock_status":"instock","restock_status":false,"low_stock_amount":"","sales_update_date":"2026-04-22T12:24:25","calc_backorders":null,"_links":{"self":[{"href":"https:\/\/emporiodoturquinho.com.br\/index.php?rest_route=\/wp\/v2\/product\/978","targetHints":{"allow":["GET"]}}],"collection":[{"href":"https:\/\/emporiodoturquinho.com.br\/index.php?rest_route=\/wp\/v2\/product"}],"about":[{"href":"https:\/\/emporiodoturquinho.com.br\/index.php?rest_route=\/wp\/v2\/types\/product"}],"replies":[{"embeddable":true,"href":"https:\/\/emporiodoturquinho.com.br\/index.php?rest_route=%2Fwp%2Fv2%2Fcomments&post=978"}],"wp:featuredmedia":[{"embeddable":true,"href":"https:\/\/emporiodoturquinho.com.br\/index.php?rest_route=\/wp\/v2\/media\/979"}],"wp:attachment":[{"href":"https:\/\/emporiodoturquinho.com.br\/index.php?rest_route=%2Fwp%2Fv2%2Fmedia&parent=978"}],"wp:term":[{"taxonomy":"product_cat","embeddable":true,"href":"https:\/\/emporiodoturquinho.com.br\/index.php?rest_route=%2Fwp%2Fv2%2Fproduct_cat&post=978"},{"taxonomy":"product_tag","embeddable":true,"href":"https:\/\/emporiodoturquinho.com.br\/index.php?rest_route=%2Fwp%2Fv2%2Fproduct_tag&post=978"}],"curies":[{"name":"wp","href":"https:\/\/api.w.org\/{rel}","templated":true}]}}