{"id":976,"date":"2024-08-14T14:00:54","date_gmt":"2024-08-14T17:00:54","guid":{"rendered":"https:\/\/emporiodoturquinho.com.br\/?post_type=product&#038;p=976"},"modified":"2024-08-14T14:00:54","modified_gmt":"2024-08-14T17:00:54","slug":"favo-de-mel-puro","status":"publish","type":"product","link":"https:\/\/emporiodoturquinho.com.br\/?product=favo-de-mel-puro","title":{"rendered":"FAVO DE MEL PURO"},"content":{"rendered":"<div class=\"ProductStyleBoxDescriptionFC\">Um bom mel, puro e de qualidade cristaliza, esse \u00e9 um processo natural do alimento. Mas fique tranquilo, n\u00e3o existe problema nenhum em mel cristalizado, ele possui as mesmas propriedades nutricionais e energ\u00e9ticas<\/p>\n<div class=\"det-product-filters\"><\/div>\n<\/div>\n","protected":false},"excerpt":{"rendered":"<p>O Mel da Fazenda Benedetti \u00e9 totalmente puro, dispon\u00edvel agora diretamente no favo retirado de nossos api\u00e1rios. Pode ser consumido em diversas formas! Cada embalagem segue com cerca de 200gr.<br \/>\nPossui excelentes propriedades, que auxiliam o bom funcionamento do organismo. Sua composi\u00e7\u00e3o rica em vitaminas, prote\u00ednas e sais minerais agem em problemas respirat\u00f3rios, fun\u00e7\u00f5es intestinais e sistema circulat\u00f3rio. O mel tem a\u00e7\u00e3o bactericida, antiss\u00e9ptica, cicatrizante e revigorante.<\/p>\n","protected":false},"featured_media":977,"comment_status":"open","ping_status":"closed","template":"","meta":[],"product_cat":[53],"product_tag":[],"class_list":{"0":"post-976","1":"product","2":"type-product","3":"status-publish","4":"has-post-thumbnail","6":"product_cat-matinais-e-snacks","8":"first","9":"instock","10":"shipping-taxable","11":"product-type-simple"},"supplier_id":null,"supplier_sku":"","barcode":null,"atum_controlled":true,"out_stock_date":null,"out_stock_threshold":null,"inheritable":false,"inbound_stock":null,"stock_on_hold":0,"sold_today":0,"sales_last_days":0,"reserved_stock":null,"customer_returns":null,"warehouse_damage":null,"lost_in_post":null,"other_logs":null,"out_stock_days":0,"lost_sales":0,"has_location":false,"update_date":"2026-04-22T12:24:25","atum_locations":[],"atum_stock_status":"instock","restock_status":false,"low_stock_amount":"","sales_update_date":"2026-04-22T12:24:25","calc_backorders":null,"_links":{"self":[{"href":"https:\/\/emporiodoturquinho.com.br\/index.php?rest_route=\/wp\/v2\/product\/976","targetHints":{"allow":["GET"]}}],"collection":[{"href":"https:\/\/emporiodoturquinho.com.br\/index.php?rest_route=\/wp\/v2\/product"}],"about":[{"href":"https:\/\/emporiodoturquinho.com.br\/index.php?rest_route=\/wp\/v2\/types\/product"}],"replies":[{"embeddable":true,"href":"https:\/\/emporiodoturquinho.com.br\/index.php?rest_route=%2Fwp%2Fv2%2Fcomments&post=976"}],"wp:featuredmedia":[{"embeddable":true,"href":"https:\/\/emporiodoturquinho.com.br\/index.php?rest_route=\/wp\/v2\/media\/977"}],"wp:attachment":[{"href":"https:\/\/emporiodoturquinho.com.br\/index.php?rest_route=%2Fwp%2Fv2%2Fmedia&parent=976"}],"wp:term":[{"taxonomy":"product_cat","embeddable":true,"href":"https:\/\/emporiodoturquinho.com.br\/index.php?rest_route=%2Fwp%2Fv2%2Fproduct_cat&post=976"},{"taxonomy":"product_tag","embeddable":true,"href":"https:\/\/emporiodoturquinho.com.br\/index.php?rest_route=%2Fwp%2Fv2%2Fproduct_tag&post=976"}],"curies":[{"name":"wp","href":"https:\/\/api.w.org\/{rel}","templated":true}]}}