{"id":974,"date":"2024-08-14T13:57:34","date_gmt":"2024-08-14T16:57:34","guid":{"rendered":"https:\/\/emporiodoturquinho.com.br\/?post_type=product&#038;p=974"},"modified":"2024-08-14T13:57:34","modified_gmt":"2024-08-14T16:57:34","slug":"picolinato-de-cromo","status":"publish","type":"product","link":"https:\/\/emporiodoturquinho.com.br\/?product=picolinato-de-cromo","title":{"rendered":"PICOLINATO DE CROMO"},"content":{"rendered":"<p>&#8211; Uma parte vital do mecanismo natural do corpo para controlar os n\u00edveis de a\u00e7\u00facar no sangue;<br \/>\n&#8211; Ajuda a prevenir doen\u00e7as card\u00edacas coron\u00e1rias;<br \/>\n&#8211; Ajuda a suportar uma manuten\u00e7\u00e3o de peso saud\u00e1vel;<br \/>\n&#8211; O suplemento de cromo pode suportar uma vis\u00e3o saud\u00e1vel;<br \/>\n&#8211; Suporta um equil\u00edbrio saud\u00e1vel do colesterol.<\/p>\n","protected":false},"excerpt":{"rendered":"<p>O Picolinato de Cromo \u00e9 um suplemento diet\u00e9tico que atua como a solu\u00e7\u00e3o desse problema, j\u00e1 que ele inibe a vontade de ingerir doces. Assim, voc\u00ea n\u00e3o passar\u00e1 vontade, n\u00e3o ir\u00e1 ingerir calorias extras e continuar\u00e1 sua dieta com sucesso.<\/p>\n","protected":false},"featured_media":975,"comment_status":"open","ping_status":"closed","template":"","meta":[],"product_cat":[37],"product_tag":[],"class_list":{"0":"post-974","1":"product","2":"type-product","3":"status-publish","4":"has-post-thumbnail","6":"product_cat-suplementos","8":"first","9":"instock","10":"shipping-taxable","11":"product-type-simple"},"supplier_id":null,"supplier_sku":"","barcode":null,"atum_controlled":true,"out_stock_date":null,"out_stock_threshold":null,"inheritable":false,"inbound_stock":null,"stock_on_hold":0,"sold_today":0,"sales_last_days":0,"reserved_stock":null,"customer_returns":null,"warehouse_damage":null,"lost_in_post":null,"other_logs":null,"out_stock_days":0,"lost_sales":0,"has_location":false,"update_date":"2026-04-22T12:24:25","atum_locations":[],"atum_stock_status":"instock","restock_status":false,"low_stock_amount":"","sales_update_date":"2026-04-22T12:24:25","calc_backorders":null,"_links":{"self":[{"href":"https:\/\/emporiodoturquinho.com.br\/index.php?rest_route=\/wp\/v2\/product\/974","targetHints":{"allow":["GET"]}}],"collection":[{"href":"https:\/\/emporiodoturquinho.com.br\/index.php?rest_route=\/wp\/v2\/product"}],"about":[{"href":"https:\/\/emporiodoturquinho.com.br\/index.php?rest_route=\/wp\/v2\/types\/product"}],"replies":[{"embeddable":true,"href":"https:\/\/emporiodoturquinho.com.br\/index.php?rest_route=%2Fwp%2Fv2%2Fcomments&post=974"}],"wp:featuredmedia":[{"embeddable":true,"href":"https:\/\/emporiodoturquinho.com.br\/index.php?rest_route=\/wp\/v2\/media\/975"}],"wp:attachment":[{"href":"https:\/\/emporiodoturquinho.com.br\/index.php?rest_route=%2Fwp%2Fv2%2Fmedia&parent=974"}],"wp:term":[{"taxonomy":"product_cat","embeddable":true,"href":"https:\/\/emporiodoturquinho.com.br\/index.php?rest_route=%2Fwp%2Fv2%2Fproduct_cat&post=974"},{"taxonomy":"product_tag","embeddable":true,"href":"https:\/\/emporiodoturquinho.com.br\/index.php?rest_route=%2Fwp%2Fv2%2Fproduct_tag&post=974"}],"curies":[{"name":"wp","href":"https:\/\/api.w.org\/{rel}","templated":true}]}}