{"id":972,"date":"2024-08-14T13:54:43","date_gmt":"2024-08-14T16:54:43","guid":{"rendered":"https:\/\/emporiodoturquinho.com.br\/?post_type=product&#038;p=972"},"modified":"2024-08-14T13:54:43","modified_gmt":"2024-08-14T16:54:43","slug":"curcuma-max","status":"publish","type":"product","link":"https:\/\/emporiodoturquinho.com.br\/?product=curcuma-max","title":{"rendered":"C\u00daRCUMA MAX"},"content":{"rendered":"<p class=\"text-justify \">A\u00e7afr\u00e3o Raiz Extrato P\u00f3 95% e Antiumectantes Di\u00f3xido de Sil\u00edcio Coloidal, Estearato de Magn\u00e9sio e Carbonato de C\u00e1lcio. C\u00e1psula: Gelificante gelatina, \u00e1gua purificada, umectante glicerina e corante di\u00f3xido de tit\u00e2nio. N\u00c3O CONT\u00c9M GL\u00daTEN.<\/p>\n","protected":false},"excerpt":{"rendered":"<p>Rica em antioxidantes, a c\u00farcuma pode ajudar a evitar a produ\u00e7\u00e3o excessiva de radicais livres. Estudos demonstram que esse alimento \u00e9 capaz ainda de estimular a cogni\u00e7\u00e3o e a atividade cerebral, bem como pode prevenir e melhorar o d\u00e9ficit de mem\u00f3ria e cogni\u00e7\u00e3o associado \u00e0 idade.<\/p>\n","protected":false},"featured_media":973,"comment_status":"open","ping_status":"closed","template":"","meta":[],"product_cat":[37],"product_tag":[],"class_list":{"0":"post-972","1":"product","2":"type-product","3":"status-publish","4":"has-post-thumbnail","6":"product_cat-suplementos","8":"first","9":"instock","10":"shipping-taxable","11":"product-type-simple"},"supplier_id":null,"supplier_sku":"","barcode":null,"atum_controlled":true,"out_stock_date":null,"out_stock_threshold":null,"inheritable":false,"inbound_stock":null,"stock_on_hold":0,"sold_today":0,"sales_last_days":0,"reserved_stock":null,"customer_returns":null,"warehouse_damage":null,"lost_in_post":null,"other_logs":null,"out_stock_days":0,"lost_sales":0,"has_location":false,"update_date":"2026-04-22T12:24:25","atum_locations":[],"atum_stock_status":"instock","restock_status":false,"low_stock_amount":"","sales_update_date":"2026-04-22T12:24:25","calc_backorders":null,"_links":{"self":[{"href":"https:\/\/emporiodoturquinho.com.br\/index.php?rest_route=\/wp\/v2\/product\/972","targetHints":{"allow":["GET"]}}],"collection":[{"href":"https:\/\/emporiodoturquinho.com.br\/index.php?rest_route=\/wp\/v2\/product"}],"about":[{"href":"https:\/\/emporiodoturquinho.com.br\/index.php?rest_route=\/wp\/v2\/types\/product"}],"replies":[{"embeddable":true,"href":"https:\/\/emporiodoturquinho.com.br\/index.php?rest_route=%2Fwp%2Fv2%2Fcomments&post=972"}],"wp:featuredmedia":[{"embeddable":true,"href":"https:\/\/emporiodoturquinho.com.br\/index.php?rest_route=\/wp\/v2\/media\/973"}],"wp:attachment":[{"href":"https:\/\/emporiodoturquinho.com.br\/index.php?rest_route=%2Fwp%2Fv2%2Fmedia&parent=972"}],"wp:term":[{"taxonomy":"product_cat","embeddable":true,"href":"https:\/\/emporiodoturquinho.com.br\/index.php?rest_route=%2Fwp%2Fv2%2Fproduct_cat&post=972"},{"taxonomy":"product_tag","embeddable":true,"href":"https:\/\/emporiodoturquinho.com.br\/index.php?rest_route=%2Fwp%2Fv2%2Fproduct_tag&post=972"}],"curies":[{"name":"wp","href":"https:\/\/api.w.org\/{rel}","templated":true}]}}