{"id":970,"date":"2024-08-12T16:21:42","date_gmt":"2024-08-12T19:21:42","guid":{"rendered":"https:\/\/emporiodoturquinho.com.br\/?post_type=product&#038;p=970"},"modified":"2024-08-12T16:28:12","modified_gmt":"2024-08-12T19:28:12","slug":"aral-al-karram","status":"publish","type":"product","link":"https:\/\/emporiodoturquinho.com.br\/?product=aral-al-karram","title":{"rendered":"ARAK AL KARRAM"},"content":{"rendered":"","protected":false},"excerpt":{"rendered":"<p>O Aperitivo Arak Alkaissar, foi desenvolvido no L\u00edbano, e ap\u00f3s passar por alguns processos de produ\u00e7\u00e3o, apresenta colora\u00e7\u00e3o incolor, ao nariz, entrega aroma de ervas arom\u00e1ticas. Na boca, \u00e9 uma bebida de sabor equil\u00edbrado, agrad\u00e1vel e final longo.<\/p>\n<p>Pa\u00eds Pa\u00eds \/ L\u00edbano<br \/>\nPa\u00eds Teor Alco\u00f3lico\/ 13,1% a 15%<br \/>\nPa\u00eds Tamanho da Garrafa \/ 750ml<br \/>\nPa\u00eds Harmoniza\u00e7\u00e3o \/ Puro ou com gelo.<\/p>\n","protected":false},"featured_media":971,"comment_status":"open","ping_status":"closed","template":"","meta":[],"product_cat":[74],"product_tag":[],"class_list":{"0":"post-970","1":"product","2":"type-product","3":"status-publish","4":"has-post-thumbnail","6":"product_cat-chas-e-ervas","8":"first","9":"instock","10":"shipping-taxable","11":"product-type-simple"},"supplier_id":null,"supplier_sku":"","barcode":null,"atum_controlled":true,"out_stock_date":null,"out_stock_threshold":null,"inheritable":false,"inbound_stock":null,"stock_on_hold":0,"sold_today":0,"sales_last_days":0,"reserved_stock":null,"customer_returns":null,"warehouse_damage":null,"lost_in_post":null,"other_logs":null,"out_stock_days":0,"lost_sales":0,"has_location":false,"update_date":"2026-04-22T12:24:25","atum_locations":[],"atum_stock_status":"instock","restock_status":false,"low_stock_amount":"","sales_update_date":"2026-04-22T12:24:25","calc_backorders":null,"_links":{"self":[{"href":"https:\/\/emporiodoturquinho.com.br\/index.php?rest_route=\/wp\/v2\/product\/970","targetHints":{"allow":["GET"]}}],"collection":[{"href":"https:\/\/emporiodoturquinho.com.br\/index.php?rest_route=\/wp\/v2\/product"}],"about":[{"href":"https:\/\/emporiodoturquinho.com.br\/index.php?rest_route=\/wp\/v2\/types\/product"}],"replies":[{"embeddable":true,"href":"https:\/\/emporiodoturquinho.com.br\/index.php?rest_route=%2Fwp%2Fv2%2Fcomments&post=970"}],"wp:featuredmedia":[{"embeddable":true,"href":"https:\/\/emporiodoturquinho.com.br\/index.php?rest_route=\/wp\/v2\/media\/971"}],"wp:attachment":[{"href":"https:\/\/emporiodoturquinho.com.br\/index.php?rest_route=%2Fwp%2Fv2%2Fmedia&parent=970"}],"wp:term":[{"taxonomy":"product_cat","embeddable":true,"href":"https:\/\/emporiodoturquinho.com.br\/index.php?rest_route=%2Fwp%2Fv2%2Fproduct_cat&post=970"},{"taxonomy":"product_tag","embeddable":true,"href":"https:\/\/emporiodoturquinho.com.br\/index.php?rest_route=%2Fwp%2Fv2%2Fproduct_tag&post=970"}],"curies":[{"name":"wp","href":"https:\/\/api.w.org\/{rel}","templated":true}]}}