{"id":959,"date":"2024-08-08T08:24:57","date_gmt":"2024-08-08T11:24:57","guid":{"rendered":"https:\/\/emporiodoturquinho.com.br\/?post_type=product&#038;p=959"},"modified":"2024-08-08T08:24:57","modified_gmt":"2024-08-08T11:24:57","slug":"betacaroteno","status":"publish","type":"product","link":"https:\/\/emporiodoturquinho.com.br\/?product=betacaroteno","title":{"rendered":"BETACAROTENO"},"content":{"rendered":"<p>Al\u00e9m da vitamina A, o composto tamb\u00e9m \u00e9 enriquecido com vitamina C, uma poderosa vitamina que traz muitos benef\u00edcios para a sa\u00fade.<\/p>\n","protected":false},"excerpt":{"rendered":"<table>\n<tbody>\n<tr>\n<td colspan=\"3\">Informa\u00e7\u00e3o nutricional &#8211; Por\u00e7\u00e3o de 1 c\u00e1psula<\/td>\n<\/tr>\n<tr>\n<td colspan=\"2\">Quantidade por por\u00e7\u00e3o (0,5g)<\/td>\n<td>%VD(*)<\/td>\n<\/tr>\n<tr>\n<td align=\"left\">Valor Energ\u00e9tico<\/td>\n<td>0 kcal<\/td>\n<td>0%<\/td>\n<\/tr>\n<tr>\n<td>Vitamina C<\/td>\n<td>45 mg<\/td>\n<td>100**<\/td>\n<\/tr>\n<tr>\n<td>Vitamina A<\/td>\n<td>600 mcg<\/td>\n<td>100**<\/td>\n<\/tr>\n<tr>\n<td>Betacaroteno<\/td>\n<td>4 mg<\/td>\n<td>***<\/td>\n<\/tr>\n<tr>\n<td colspan=\"3\">(*)\u00a0<i>Valores Di\u00e1rios de refer\u00eancia com base em uma dieta de 2.000 kcal ou 8.400 kJ. Seus Valores Di\u00e1rios podem ser maiores ou menores, dependendo de suas necessidades energ\u00e9ticas.<\/i><\/td>\n<\/tr>\n<tr>\n<td colspan=\"3\">(**)\u00a0<i>% de Ingest\u00e3o Di\u00e1ria Recomendada (IDR) pelo Minist\u00e9rio da Sa\u00fade.<\/i><\/td>\n<\/tr>\n<\/tbody>\n<\/table>\n","protected":false},"featured_media":960,"comment_status":"open","ping_status":"closed","template":"","meta":[],"product_cat":[37],"product_tag":[],"class_list":{"0":"post-959","1":"product","2":"type-product","3":"status-publish","4":"has-post-thumbnail","6":"product_cat-suplementos","8":"first","9":"instock","10":"shipping-taxable","11":"product-type-simple"},"supplier_id":null,"supplier_sku":"","barcode":null,"atum_controlled":true,"out_stock_date":null,"out_stock_threshold":null,"inheritable":false,"inbound_stock":null,"stock_on_hold":0,"sold_today":0,"sales_last_days":0,"reserved_stock":null,"customer_returns":null,"warehouse_damage":null,"lost_in_post":null,"other_logs":null,"out_stock_days":0,"lost_sales":0,"has_location":false,"update_date":"2026-04-22T12:24:25","atum_locations":[],"atum_stock_status":"instock","restock_status":false,"low_stock_amount":"","sales_update_date":"2026-04-22T12:24:25","calc_backorders":null,"_links":{"self":[{"href":"https:\/\/emporiodoturquinho.com.br\/index.php?rest_route=\/wp\/v2\/product\/959","targetHints":{"allow":["GET"]}}],"collection":[{"href":"https:\/\/emporiodoturquinho.com.br\/index.php?rest_route=\/wp\/v2\/product"}],"about":[{"href":"https:\/\/emporiodoturquinho.com.br\/index.php?rest_route=\/wp\/v2\/types\/product"}],"replies":[{"embeddable":true,"href":"https:\/\/emporiodoturquinho.com.br\/index.php?rest_route=%2Fwp%2Fv2%2Fcomments&post=959"}],"wp:featuredmedia":[{"embeddable":true,"href":"https:\/\/emporiodoturquinho.com.br\/index.php?rest_route=\/wp\/v2\/media\/960"}],"wp:attachment":[{"href":"https:\/\/emporiodoturquinho.com.br\/index.php?rest_route=%2Fwp%2Fv2%2Fmedia&parent=959"}],"wp:term":[{"taxonomy":"product_cat","embeddable":true,"href":"https:\/\/emporiodoturquinho.com.br\/index.php?rest_route=%2Fwp%2Fv2%2Fproduct_cat&post=959"},{"taxonomy":"product_tag","embeddable":true,"href":"https:\/\/emporiodoturquinho.com.br\/index.php?rest_route=%2Fwp%2Fv2%2Fproduct_tag&post=959"}],"curies":[{"name":"wp","href":"https:\/\/api.w.org\/{rel}","templated":true}]}}