{"id":955,"date":"2024-08-07T09:17:21","date_gmt":"2024-08-07T12:17:21","guid":{"rendered":"https:\/\/emporiodoturquinho.com.br\/?post_type=product&#038;p=955"},"modified":"2024-08-07T09:17:40","modified_gmt":"2024-08-07T12:17:40","slug":"955","status":"publish","type":"product","link":"https:\/\/emporiodoturquinho.com.br\/?product=955","title":{"rendered":"LIPROST-E"},"content":{"rendered":"","protected":false},"excerpt":{"rendered":"<p>O LIPROST \u00e9 um suplemento alimentar totalmente vegano, elaborado a partir de licopeno e vitamina E. O licopeno \u00e9 um pigmento carotenoide que \u00e9 respons\u00e1vel pela cor vermelha e alaranjada de alguns tipos de alimentos, essa subst\u00e2ncia possui uma grande quantidade propriedades antioxidantes e anti-inflamat\u00f3rias que podem ajudar a proteger as c\u00e9lulas do organismo do dano causado pelos radicais livres. A vitamina E \u00e9 uma vitamina lipossol\u00favel que est\u00e1 presente no plasma e na part\u00edcula de LDL, ela n\u00e3o \u00e9 produzida pelo pr\u00f3prio organismo e por isso ela deve ser obtida atrav\u00e9s de alimentos ou suplementos alimentares.<\/p>\n","protected":false},"featured_media":956,"comment_status":"open","ping_status":"closed","template":"","meta":[],"product_cat":[37],"product_tag":[],"class_list":{"0":"post-955","1":"product","2":"type-product","3":"status-publish","4":"has-post-thumbnail","6":"product_cat-suplementos","8":"first","9":"instock","10":"shipping-taxable","11":"product-type-simple"},"supplier_id":null,"supplier_sku":"","barcode":null,"atum_controlled":true,"out_stock_date":null,"out_stock_threshold":null,"inheritable":false,"inbound_stock":null,"stock_on_hold":0,"sold_today":0,"sales_last_days":0,"reserved_stock":null,"customer_returns":null,"warehouse_damage":null,"lost_in_post":null,"other_logs":null,"out_stock_days":0,"lost_sales":0,"has_location":false,"update_date":"2026-04-22T12:24:25","atum_locations":[],"atum_stock_status":"instock","restock_status":false,"low_stock_amount":"","sales_update_date":"2026-04-22T12:24:25","calc_backorders":null,"_links":{"self":[{"href":"https:\/\/emporiodoturquinho.com.br\/index.php?rest_route=\/wp\/v2\/product\/955","targetHints":{"allow":["GET"]}}],"collection":[{"href":"https:\/\/emporiodoturquinho.com.br\/index.php?rest_route=\/wp\/v2\/product"}],"about":[{"href":"https:\/\/emporiodoturquinho.com.br\/index.php?rest_route=\/wp\/v2\/types\/product"}],"replies":[{"embeddable":true,"href":"https:\/\/emporiodoturquinho.com.br\/index.php?rest_route=%2Fwp%2Fv2%2Fcomments&post=955"}],"wp:featuredmedia":[{"embeddable":true,"href":"https:\/\/emporiodoturquinho.com.br\/index.php?rest_route=\/wp\/v2\/media\/956"}],"wp:attachment":[{"href":"https:\/\/emporiodoturquinho.com.br\/index.php?rest_route=%2Fwp%2Fv2%2Fmedia&parent=955"}],"wp:term":[{"taxonomy":"product_cat","embeddable":true,"href":"https:\/\/emporiodoturquinho.com.br\/index.php?rest_route=%2Fwp%2Fv2%2Fproduct_cat&post=955"},{"taxonomy":"product_tag","embeddable":true,"href":"https:\/\/emporiodoturquinho.com.br\/index.php?rest_route=%2Fwp%2Fv2%2Fproduct_tag&post=955"}],"curies":[{"name":"wp","href":"https:\/\/api.w.org\/{rel}","templated":true}]}}