{"id":947,"date":"2024-08-07T09:09:15","date_gmt":"2024-08-07T12:09:15","guid":{"rendered":"https:\/\/emporiodoturquinho.com.br\/?post_type=product&#038;p=947"},"modified":"2024-08-07T09:09:15","modified_gmt":"2024-08-07T12:09:15","slug":"azeite-de-dende","status":"publish","type":"product","link":"https:\/\/emporiodoturquinho.com.br\/?product=azeite-de-dende","title":{"rendered":"AZEITE DE DEND\u00ca"},"content":{"rendered":"","protected":false},"excerpt":{"rendered":"<div class=\"elementor-element elementor-element-a40b4a6 elementor-widget elementor-widget-theme-post-excerpt\" data-id=\"a40b4a6\" data-element_type=\"widget\" data-widget_type=\"theme-post-excerpt.default\">\n<div class=\"elementor-widget-container\">O \u00f3leo de palma, como tamb\u00e9m \u00e9 conhecido o azeite de dend\u00ea, \u00e9 extra\u00eddo de frutos do dendezeiro, uma palma origin\u00e1ria do continente africano. \u00c9 amplamente consumido por baianas de acaraj\u00e9, restaurantes e consumidores em geral. Esse \u00f3leo mant\u00eam as caracter\u00edsticas integrais do produto. O azeite Kidend\u00ea Integral, \u00e9 embalado seguindo os procedimentos de boas pr\u00e1ticas, buscando sempre a conserva\u00e7\u00e3o do produto e as condi\u00e7\u00f5es ideais para o consumo, com um sabor caracter\u00edstico. \u00c9 bastante indicado para moquecas e cozidos.<\/div>\n<\/div>\n<div class=\"elementor-element elementor-element-14d9804 elementor-widget elementor-widget-theme-post-content\" data-id=\"14d9804\" data-element_type=\"widget\" data-widget_type=\"theme-post-content.default\">\n<div class=\"elementor-widget-container\">\n<div class=\"page\" title=\"Page 1\">\n<div class=\"layoutArea\">\n<div class=\"column\">\n<p>Esse \u00f3leo mant\u00eam as caracter\u00edsticas integrais do produto. O azeite Kidend\u00ea Integral, \u00e9 embalado seguindo os procedimentos de boas pr\u00e1ticas, buscando sempre a conserva\u00e7\u00e3o do produto e as condi\u00e7\u00f5es ideais para o consumo, com um sabor caracter\u00edstico.<\/p>\n<\/div>\n<\/div>\n<\/div>\n<\/div>\n<\/div>\n","protected":false},"featured_media":948,"comment_status":"open","ping_status":"closed","template":"","meta":[],"product_cat":[63,86],"product_tag":[],"class_list":{"0":"post-947","1":"product","2":"type-product","3":"status-publish","4":"has-post-thumbnail","6":"product_cat-cozinhar-e-temperar","7":"product_cat-oleo","9":"first","10":"instock","11":"shipping-taxable","12":"product-type-simple"},"supplier_id":null,"supplier_sku":"","barcode":null,"atum_controlled":true,"out_stock_date":null,"out_stock_threshold":null,"inheritable":false,"inbound_stock":null,"stock_on_hold":0,"sold_today":0,"sales_last_days":0,"reserved_stock":null,"customer_returns":null,"warehouse_damage":null,"lost_in_post":null,"other_logs":null,"out_stock_days":0,"lost_sales":0,"has_location":false,"update_date":"2026-04-22T12:24:25","atum_locations":[],"atum_stock_status":"instock","restock_status":false,"low_stock_amount":"","sales_update_date":"2026-04-22T12:24:25","calc_backorders":null,"_links":{"self":[{"href":"https:\/\/emporiodoturquinho.com.br\/index.php?rest_route=\/wp\/v2\/product\/947","targetHints":{"allow":["GET"]}}],"collection":[{"href":"https:\/\/emporiodoturquinho.com.br\/index.php?rest_route=\/wp\/v2\/product"}],"about":[{"href":"https:\/\/emporiodoturquinho.com.br\/index.php?rest_route=\/wp\/v2\/types\/product"}],"replies":[{"embeddable":true,"href":"https:\/\/emporiodoturquinho.com.br\/index.php?rest_route=%2Fwp%2Fv2%2Fcomments&post=947"}],"wp:featuredmedia":[{"embeddable":true,"href":"https:\/\/emporiodoturquinho.com.br\/index.php?rest_route=\/wp\/v2\/media\/948"}],"wp:attachment":[{"href":"https:\/\/emporiodoturquinho.com.br\/index.php?rest_route=%2Fwp%2Fv2%2Fmedia&parent=947"}],"wp:term":[{"taxonomy":"product_cat","embeddable":true,"href":"https:\/\/emporiodoturquinho.com.br\/index.php?rest_route=%2Fwp%2Fv2%2Fproduct_cat&post=947"},{"taxonomy":"product_tag","embeddable":true,"href":"https:\/\/emporiodoturquinho.com.br\/index.php?rest_route=%2Fwp%2Fv2%2Fproduct_tag&post=947"}],"curies":[{"name":"wp","href":"https:\/\/api.w.org\/{rel}","templated":true}]}}