{"id":945,"date":"2024-08-07T09:07:44","date_gmt":"2024-08-07T12:07:44","guid":{"rendered":"https:\/\/emporiodoturquinho.com.br\/?post_type=product&#038;p=945"},"modified":"2024-08-07T09:07:44","modified_gmt":"2024-08-07T12:07:44","slug":"pimenta-cumari","status":"publish","type":"product","link":"https:\/\/emporiodoturquinho.com.br\/?product=pimenta-cumari","title":{"rendered":"PIMENTA CUMARI"},"content":{"rendered":"","protected":false},"excerpt":{"rendered":"<p>Cumari (Capsicum baccatum) \u00e9 nativa do Brasil, sendo mais popular na regi\u00e3o nordeste e presente na prepara\u00e7\u00e3o de diversas iguarias. Ela \u00e9 muito popular na regi\u00e3o sudeste, principalmente em S\u00e3o Paulo. Ela \u00e9 conhecida por v\u00e1rios nomes tais como cumari verdadeira, comari, cumbari e pimenta passarinho; al\u00e9m de encontrada em geleias e conservas. \u00c9 rica em carboidratos, fibras alimentares, vitaminas A, B6 e C; al\u00e9m de de sais minerais tais como magn\u00e9sio, ferro e pot\u00e1ssio. Ela apresenta propriedades anti-inflamat\u00f3ria, antioxidante, hipoglicemiante e anticancer\u00edgena. Seu uso regular, em doses moderadas, auxilia no fortalecimento do sistema imunol\u00f3gico, na preven\u00e7\u00e3o do envelhecimento precoce, na acelera\u00e7\u00e3o do metabolismo, da digest\u00e3o; al\u00e9m de ajudar no controle dos n\u00edveis do colesterol e da press\u00e3o sangu\u00ednea. Pimenta Cumari Verde em Conserva Pote com 170 gramas drenado. Ingredientes: Pimenta Cumari Verde, Vinagre, Sal, Conservantes. N\u00e3o Cont\u00e9m Gl\u00faten Fabricante: Aroma D\u00b4Minas<\/p>\n","protected":false},"featured_media":946,"comment_status":"open","ping_status":"closed","template":"","meta":[],"product_cat":[63,71],"product_tag":[],"class_list":{"0":"post-945","1":"product","2":"type-product","3":"status-publish","4":"has-post-thumbnail","6":"product_cat-cozinhar-e-temperar","7":"product_cat-temperos-e-especiarias","9":"first","10":"instock","11":"shipping-taxable","12":"product-type-simple"},"supplier_id":null,"supplier_sku":"","barcode":null,"atum_controlled":true,"out_stock_date":null,"out_stock_threshold":null,"inheritable":false,"inbound_stock":null,"stock_on_hold":0,"sold_today":0,"sales_last_days":0,"reserved_stock":null,"customer_returns":null,"warehouse_damage":null,"lost_in_post":null,"other_logs":null,"out_stock_days":0,"lost_sales":0,"has_location":false,"update_date":"2026-04-22T12:24:25","atum_locations":[],"atum_stock_status":"instock","restock_status":false,"low_stock_amount":"","sales_update_date":"2026-04-22T12:24:25","calc_backorders":null,"_links":{"self":[{"href":"https:\/\/emporiodoturquinho.com.br\/index.php?rest_route=\/wp\/v2\/product\/945","targetHints":{"allow":["GET"]}}],"collection":[{"href":"https:\/\/emporiodoturquinho.com.br\/index.php?rest_route=\/wp\/v2\/product"}],"about":[{"href":"https:\/\/emporiodoturquinho.com.br\/index.php?rest_route=\/wp\/v2\/types\/product"}],"replies":[{"embeddable":true,"href":"https:\/\/emporiodoturquinho.com.br\/index.php?rest_route=%2Fwp%2Fv2%2Fcomments&post=945"}],"wp:featuredmedia":[{"embeddable":true,"href":"https:\/\/emporiodoturquinho.com.br\/index.php?rest_route=\/wp\/v2\/media\/946"}],"wp:attachment":[{"href":"https:\/\/emporiodoturquinho.com.br\/index.php?rest_route=%2Fwp%2Fv2%2Fmedia&parent=945"}],"wp:term":[{"taxonomy":"product_cat","embeddable":true,"href":"https:\/\/emporiodoturquinho.com.br\/index.php?rest_route=%2Fwp%2Fv2%2Fproduct_cat&post=945"},{"taxonomy":"product_tag","embeddable":true,"href":"https:\/\/emporiodoturquinho.com.br\/index.php?rest_route=%2Fwp%2Fv2%2Fproduct_tag&post=945"}],"curies":[{"name":"wp","href":"https:\/\/api.w.org\/{rel}","templated":true}]}}