{"id":943,"date":"2024-08-06T09:39:22","date_gmt":"2024-08-06T12:39:22","guid":{"rendered":"https:\/\/emporiodoturquinho.com.br\/?post_type=product&#038;p=943"},"modified":"2024-08-06T09:39:22","modified_gmt":"2024-08-06T12:39:22","slug":"pomada-massageadora-sucupira","status":"publish","type":"product","link":"https:\/\/emporiodoturquinho.com.br\/?product=pomada-massageadora-sucupira","title":{"rendered":"POMADA MASSAGEADORA SUCUPIRA"},"content":{"rendered":"<ul class=\"ui-vpp-highlighted-specs__features-list\">\n<li class=\"ui-vpp-highlighted-specs__features-list-item ui-pdp-color--BLACK ui-pdp-size--XSMALL ui-pdp-family--REGULAR\">Peso da unidade: 150 g<\/li>\n<li class=\"ui-vpp-highlighted-specs__features-list-item ui-pdp-color--BLACK ui-pdp-size--XSMALL ui-pdp-family--REGULAR\">Volume da unidade: 150 mL<\/li>\n<li class=\"ui-vpp-highlighted-specs__features-list-item ui-pdp-color--BLACK ui-pdp-size--XSMALL ui-pdp-family--REGULAR\">Fragr\u00e2ncia: Canforado<\/li>\n<li class=\"ui-vpp-highlighted-specs__features-list-item ui-pdp-color--BLACK ui-pdp-size--XSMALL ui-pdp-family--REGULAR\">Tipo de embalagem: Tubo<\/li>\n<li class=\"ui-vpp-highlighted-specs__features-list-item ui-pdp-color--BLACK ui-pdp-size--XSMALL ui-pdp-family--REGULAR\">Para todos os tipos de pele.<\/li>\n<li class=\"ui-vpp-highlighted-specs__features-list-item ui-pdp-color--BLACK ui-pdp-size--XSMALL ui-pdp-family--REGULAR\">\u00c9 hipoalerg\u00eanico.<\/li>\n<li class=\"ui-vpp-highlighted-specs__features-list-item ui-pdp-color--BLACK ui-pdp-size--XSMALL ui-pdp-family--REGULAR\">Fun\u00e7\u00e3o principal: Nutritivo.<\/li>\n<\/ul>\n","protected":false},"excerpt":{"rendered":"<p>A Pomada Massageadora Sucupira Apinil \u00e9 um produto de cuidado corporal, especialmente formulado para nutrir a pele e proporcionar uma sensa\u00e7\u00e3o de bem-estar. Com uma fragr\u00e2ncia canforada, esta pomada \u00e9 ideal para aliviar o desconforto que surge ao longo do dia. \u00c9 hipoalerg\u00eanico, tornando-o adequado para todos os tipos de pele. A pomada vem em um tubo de 150g, tornando-a f\u00e1cil de aplicar e perfeita para levar em viagens. A consist\u00eancia cremosa permite uma aplica\u00e7\u00e3o suave e uniforme, garantindo que a pele absorva todos os nutrientes. A pomada \u00e9 adequada para aplica\u00e7\u00e3o em todo o corpo, tornando-a uma solu\u00e7\u00e3o vers\u00e1til para o cuidado da pele. Al\u00e9m disso, a Pomada Massageadora Sucupira tem uma fun\u00e7\u00e3o de massagem, que ajuda a relaxar os m\u00fasculos e a promover uma sensa\u00e7\u00e3o de relaxamento. Com um volume de 150 mL, esta pomada \u00e9 suficiente para v\u00e1rias aplica\u00e7\u00f5es, garantindo que voc\u00ea tenha sempre \u00e0 m\u00e3o quando precisar.<\/p>\n","protected":false},"featured_media":944,"comment_status":"open","ping_status":"closed","template":"","meta":[],"product_cat":[37],"product_tag":[],"class_list":{"0":"post-943","1":"product","2":"type-product","3":"status-publish","4":"has-post-thumbnail","6":"product_cat-suplementos","8":"first","9":"instock","10":"shipping-taxable","11":"product-type-simple"},"supplier_id":null,"supplier_sku":"","barcode":null,"atum_controlled":true,"out_stock_date":null,"out_stock_threshold":null,"inheritable":false,"inbound_stock":null,"stock_on_hold":0,"sold_today":0,"sales_last_days":0,"reserved_stock":null,"customer_returns":null,"warehouse_damage":null,"lost_in_post":null,"other_logs":null,"out_stock_days":0,"lost_sales":0,"has_location":false,"update_date":"2026-04-22T12:24:25","atum_locations":[],"atum_stock_status":"instock","restock_status":false,"low_stock_amount":"","sales_update_date":"2026-04-22T12:24:25","calc_backorders":null,"_links":{"self":[{"href":"https:\/\/emporiodoturquinho.com.br\/index.php?rest_route=\/wp\/v2\/product\/943","targetHints":{"allow":["GET"]}}],"collection":[{"href":"https:\/\/emporiodoturquinho.com.br\/index.php?rest_route=\/wp\/v2\/product"}],"about":[{"href":"https:\/\/emporiodoturquinho.com.br\/index.php?rest_route=\/wp\/v2\/types\/product"}],"replies":[{"embeddable":true,"href":"https:\/\/emporiodoturquinho.com.br\/index.php?rest_route=%2Fwp%2Fv2%2Fcomments&post=943"}],"wp:featuredmedia":[{"embeddable":true,"href":"https:\/\/emporiodoturquinho.com.br\/index.php?rest_route=\/wp\/v2\/media\/944"}],"wp:attachment":[{"href":"https:\/\/emporiodoturquinho.com.br\/index.php?rest_route=%2Fwp%2Fv2%2Fmedia&parent=943"}],"wp:term":[{"taxonomy":"product_cat","embeddable":true,"href":"https:\/\/emporiodoturquinho.com.br\/index.php?rest_route=%2Fwp%2Fv2%2Fproduct_cat&post=943"},{"taxonomy":"product_tag","embeddable":true,"href":"https:\/\/emporiodoturquinho.com.br\/index.php?rest_route=%2Fwp%2Fv2%2Fproduct_tag&post=943"}],"curies":[{"name":"wp","href":"https:\/\/api.w.org\/{rel}","templated":true}]}}