{"id":941,"date":"2024-08-06T09:36:00","date_gmt":"2024-08-06T12:36:00","guid":{"rendered":"https:\/\/emporiodoturquinho.com.br\/?post_type=product&#038;p=941"},"modified":"2024-08-06T09:36:38","modified_gmt":"2024-08-06T12:36:38","slug":"manteiga-ghee-clarificado","status":"publish","type":"product","link":"https:\/\/emporiodoturquinho.com.br\/?product=manteiga-ghee-clarificado","title":{"rendered":"MANTEIGA GHEE CLARIFICADO"},"content":{"rendered":"<ul class=\"flex gap-[30px] flex-col mt-[30px]\">\n<li>\n<h5 class=\"text-gray-900 relative text-[16px] font-bold mb-[10px] uppercase after:w-10 after:h-[1px] after:bg-primary after:absolute after:left-0 after:-bottom-[1px]\">Ingredientes<\/h5>\n<h5 class=\"text-[14px]\">Manteiga sem sal.<\/h5>\n<\/li>\n<li>\n<h5 class=\"text-gray-900 relative text-[16px] font-bold mb-[10px] uppercase after:w-10 after:h-[1px] after:bg-primary after:absolute after:left-0 after:-bottom-[1px]\">Restri\u00e7\u00e3o alimentar<\/h5>\n<h5 class=\"text-[14px]\">ATEN\u00c7\u00c3O AL\u00c9RGICOS: CONT\u00c9M DERIVADOS DO LEITE. N\u00e3o cont\u00e9m gl\u00faten.<\/h5>\n<\/li>\n<li>\n<h5 class=\"text-gray-900 relative text-[16px] font-bold mb-[10px] uppercase after:w-10 after:h-[1px] after:bg-primary after:absolute after:left-0 after:-bottom-[1px]\">Recomenda\u00e7\u00e3o de consumo<\/h5>\n<h5 class=\"text-[14px]\">Pode ser usado em receitas doces, salgadas, no p\u00e3o, em torradas ou conforme preferir. Na culin\u00e1ria substituindo o \u00f3leo, manteiga e o azeite.<\/h5>\n<\/li>\n<\/ul>\n","protected":false},"excerpt":{"rendered":"<p>A Manteiga Ghee ou Manteiga Clarificada \u00e9 uma manteiga sem lactose, livre de toxinas do leite, sendo ideal para pessoas intolerantes a lactose, sendo muito mais ben\u00e9fico para a sa\u00fade. Sem adi\u00e7\u00e3o de nenhum produto qu\u00edmico, a Manteiga Ghee \u00e9 tradicionalmente produzida ao aquecer manteiga fresca e de boa qualidade at\u00e9 que ela se torne um l\u00edquido dourado, transl\u00facido e com perfume caracter\u00edstico. Durante esse processo, a lactose coagulada e outros s\u00f3lidos do leite s\u00e3o removidos, podendo ent\u00e3o ser consumida por pessoas que tenham intoler\u00e2ncia \u00e0 lactose. A Manteiga Ghee suporta temperaturas superiores \u00e0 da manteiga comum e de outros \u00f3leos sem criar toxinas. Al\u00e9m de mais saud\u00e1vel, real\u00e7a o sabor e o aroma dos alimentos. O sabor da Ghee \u00e9 mais acentuado do que a manteiga tradicional, por isso ela pode ser usada em menor quantidade.<\/p>\n","protected":false},"featured_media":942,"comment_status":"open","ping_status":"closed","template":"","meta":[],"product_cat":[63,71],"product_tag":[],"class_list":{"0":"post-941","1":"product","2":"type-product","3":"status-publish","4":"has-post-thumbnail","6":"product_cat-cozinhar-e-temperar","7":"product_cat-temperos-e-especiarias","9":"first","10":"instock","11":"shipping-taxable","12":"product-type-simple"},"supplier_id":null,"supplier_sku":"","barcode":null,"atum_controlled":true,"out_stock_date":null,"out_stock_threshold":null,"inheritable":false,"inbound_stock":null,"stock_on_hold":0,"sold_today":0,"sales_last_days":0,"reserved_stock":null,"customer_returns":null,"warehouse_damage":null,"lost_in_post":null,"other_logs":null,"out_stock_days":0,"lost_sales":0,"has_location":false,"update_date":"2026-04-22T12:24:25","atum_locations":[],"atum_stock_status":"instock","restock_status":false,"low_stock_amount":"","sales_update_date":"2026-04-22T12:24:25","calc_backorders":null,"_links":{"self":[{"href":"https:\/\/emporiodoturquinho.com.br\/index.php?rest_route=\/wp\/v2\/product\/941","targetHints":{"allow":["GET"]}}],"collection":[{"href":"https:\/\/emporiodoturquinho.com.br\/index.php?rest_route=\/wp\/v2\/product"}],"about":[{"href":"https:\/\/emporiodoturquinho.com.br\/index.php?rest_route=\/wp\/v2\/types\/product"}],"replies":[{"embeddable":true,"href":"https:\/\/emporiodoturquinho.com.br\/index.php?rest_route=%2Fwp%2Fv2%2Fcomments&post=941"}],"wp:featuredmedia":[{"embeddable":true,"href":"https:\/\/emporiodoturquinho.com.br\/index.php?rest_route=\/wp\/v2\/media\/942"}],"wp:attachment":[{"href":"https:\/\/emporiodoturquinho.com.br\/index.php?rest_route=%2Fwp%2Fv2%2Fmedia&parent=941"}],"wp:term":[{"taxonomy":"product_cat","embeddable":true,"href":"https:\/\/emporiodoturquinho.com.br\/index.php?rest_route=%2Fwp%2Fv2%2Fproduct_cat&post=941"},{"taxonomy":"product_tag","embeddable":true,"href":"https:\/\/emporiodoturquinho.com.br\/index.php?rest_route=%2Fwp%2Fv2%2Fproduct_tag&post=941"}],"curies":[{"name":"wp","href":"https:\/\/api.w.org\/{rel}","templated":true}]}}