{"id":935,"date":"2024-07-30T14:42:46","date_gmt":"2024-07-30T17:42:46","guid":{"rendered":"https:\/\/emporiodoturquinho.com.br\/?post_type=product&#038;p=935"},"modified":"2024-07-30T14:42:47","modified_gmt":"2024-07-30T17:42:47","slug":"cappuccino-utam-tradicional","status":"publish","type":"product","link":"https:\/\/emporiodoturquinho.com.br\/?product=cappuccino-utam-tradicional","title":{"rendered":"CAPPUCCINO UTAM TRADICIONAL"},"content":{"rendered":"<p>Cappuccino Utam Tradicional 1 kg: \u00e9 uma op\u00e7\u00e3o deliciosa para aqueles momentos de descontra\u00e7\u00e3o e alegria.<br \/>\nDe preparo f\u00e1cil e pr\u00e1tico, v\u00e3o bem nos lanches e sempre que der aquela vontade de saborear o caf\u00e9 com algo a mais.<\/p>\n<p>Apresenta\u00e7\u00e3o: Mistura para preparo de cappuccino<br \/>\nIngredientes: A\u00e7\u00facar, leite integral em p\u00f3, caf\u00e9 sol\u00favel, cacau e canela.<br \/>\nEspumante: bicarbonato de s\u00f3dio.<br \/>\nCorpo: Encorpado<br \/>\nEmbalagem: sanfonada metalizada<\/p>\n","protected":false},"excerpt":{"rendered":"<p>Cappuccino Utam Tradicional \u00e9 uma op\u00e7\u00e3o deliciosa para aqueles momentos de descontra\u00e7\u00e3o e alegria. De preparo f\u00e1cil e pr\u00e1tico, v\u00e3o bem nos lanches e sempre que der aquela vontade de saborear o caf\u00e9 com algo a mais.<\/p>\n","protected":false},"featured_media":936,"comment_status":"open","ping_status":"closed","template":"","meta":[],"product_cat":[74,53],"product_tag":[],"class_list":{"0":"post-935","1":"product","2":"type-product","3":"status-publish","4":"has-post-thumbnail","6":"product_cat-chas-e-ervas","7":"product_cat-matinais-e-snacks","9":"first","10":"instock","11":"shipping-taxable","12":"product-type-simple"},"supplier_id":null,"supplier_sku":"","barcode":null,"atum_controlled":true,"out_stock_date":null,"out_stock_threshold":null,"inheritable":false,"inbound_stock":null,"stock_on_hold":0,"sold_today":0,"sales_last_days":0,"reserved_stock":null,"customer_returns":null,"warehouse_damage":null,"lost_in_post":null,"other_logs":null,"out_stock_days":0,"lost_sales":0,"has_location":false,"update_date":"2026-04-22T12:24:25","atum_locations":[],"atum_stock_status":"instock","restock_status":false,"low_stock_amount":"","sales_update_date":"2026-04-22T12:24:25","calc_backorders":null,"_links":{"self":[{"href":"https:\/\/emporiodoturquinho.com.br\/index.php?rest_route=\/wp\/v2\/product\/935","targetHints":{"allow":["GET"]}}],"collection":[{"href":"https:\/\/emporiodoturquinho.com.br\/index.php?rest_route=\/wp\/v2\/product"}],"about":[{"href":"https:\/\/emporiodoturquinho.com.br\/index.php?rest_route=\/wp\/v2\/types\/product"}],"replies":[{"embeddable":true,"href":"https:\/\/emporiodoturquinho.com.br\/index.php?rest_route=%2Fwp%2Fv2%2Fcomments&post=935"}],"wp:featuredmedia":[{"embeddable":true,"href":"https:\/\/emporiodoturquinho.com.br\/index.php?rest_route=\/wp\/v2\/media\/936"}],"wp:attachment":[{"href":"https:\/\/emporiodoturquinho.com.br\/index.php?rest_route=%2Fwp%2Fv2%2Fmedia&parent=935"}],"wp:term":[{"taxonomy":"product_cat","embeddable":true,"href":"https:\/\/emporiodoturquinho.com.br\/index.php?rest_route=%2Fwp%2Fv2%2Fproduct_cat&post=935"},{"taxonomy":"product_tag","embeddable":true,"href":"https:\/\/emporiodoturquinho.com.br\/index.php?rest_route=%2Fwp%2Fv2%2Fproduct_tag&post=935"}],"curies":[{"name":"wp","href":"https:\/\/api.w.org\/{rel}","templated":true}]}}