{"id":933,"date":"2024-07-30T14:40:11","date_gmt":"2024-07-30T17:40:11","guid":{"rendered":"https:\/\/emporiodoturquinho.com.br\/?post_type=product&#038;p=933"},"modified":"2024-07-30T15:01:00","modified_gmt":"2024-07-30T18:01:00","slug":"cafe-espresso-crema","status":"publish","type":"product","link":"https:\/\/emporiodoturquinho.com.br\/?product=cafe-espresso-crema","title":{"rendered":"CAF\u00c9 ESPRESSO CREMA EM GR\u00c3OS"},"content":{"rendered":"<p>Veja nossa sugest\u00f5es abaixo para ter sua dose perfeita:<\/p>\n<p>\u2022 Em m\u00e1quinas de espresso, analisar sempre a press\u00e3o e temperatura ideal para a extra\u00e7\u00e3o, utilizando sempre \u00e1gua filtrada, temperatura entre 88\u00ba e 92\u00baC; Press\u00e3o de 9 bar.<\/p>\n<p>\u2022 Lembre-se tamb\u00e9m de moer o gr\u00e3o apenas no momento da extra\u00e7\u00e3o, o que ira conservar e ressaltar as caracter\u00edsticas de aroma e sabor;<\/p>\n<p>\u2022 Utilize de 7g a 10g de caf\u00e9 para cada x\u00edcara de 50 ml;<\/p>\n<p>\u2022 Importante fazer a compacta\u00e7\u00e3o correta para evitar que o caf\u00e9 saia sem express\u00e3o e sem corpo (aguado);<\/p>\n<p>\u2022 O tempo de extra\u00e7\u00e3o para uma x\u00edcara de 50 ml \u00e9 de 25 a 30 segundos;<\/p>\n<p>\u2022 D\u00ea prefer\u00eancia \u00e0s x\u00edcaras de porcelana de fundo arredondado e pr\u00e9-aquecidas;<\/p>\n<p>\u2022 E para que, ap\u00f3s aberto, o seu Caf\u00e9 Utam Espresso Crema se mantenha fresquinho, armazene-o na embalagem bem fechada ou em pote herm\u00e9tico e distante de produtos de odores fortes e materiais de limpeza, em ambiente escuro sem contato com a incid\u00eancia de luz direta.<\/p>\n<p>&nbsp;<\/p>\n","protected":false},"excerpt":{"rendered":"<p>Um caf\u00e9 produzido com gr\u00e3os 100% ar\u00e1bica, que proporcionam uma bebida dura de torra m\u00e9dia. O blend diferenciado apresenta notas marcantes com nuances de am\u00eandoas torradas e castanhas, resultando um caf\u00e9 intenso, com textura aveludada, e corpo marcante.<\/p>\n<p>Conta com Selos de Pureza e de Qualidade Superior, certificados pela ABIC (Associa\u00e7\u00e3o Brasileira da Ind\u00fastria de Caf\u00e9). Selo este somente para caf\u00e9s com nota de 6,0 a 7,3, assim atestando a qualidade de seus gr\u00e3os e de toda a parte que envolve um caf\u00e9 de qualidade como o beneficiamento e torra, (em ponto ideal, que real\u00e7a as caracter\u00edsticas de sabor do caf\u00e9), al\u00e9m de garantir que a empresa possua boas pr\u00e1ticas de fabrica\u00e7\u00e3o e sustentabilidade.<\/p>\n","protected":false},"featured_media":934,"comment_status":"open","ping_status":"closed","template":"","meta":[],"product_cat":[74,53],"product_tag":[],"class_list":{"0":"post-933","1":"product","2":"type-product","3":"status-publish","4":"has-post-thumbnail","6":"product_cat-chas-e-ervas","7":"product_cat-matinais-e-snacks","9":"first","10":"instock","11":"shipping-taxable","12":"product-type-simple"},"supplier_id":null,"supplier_sku":"","barcode":null,"atum_controlled":true,"out_stock_date":null,"out_stock_threshold":null,"inheritable":false,"inbound_stock":null,"stock_on_hold":0,"sold_today":0,"sales_last_days":0,"reserved_stock":null,"customer_returns":null,"warehouse_damage":null,"lost_in_post":null,"other_logs":null,"out_stock_days":0,"lost_sales":0,"has_location":false,"update_date":"2026-04-22T12:24:25","atum_locations":[],"atum_stock_status":"instock","restock_status":false,"low_stock_amount":"","sales_update_date":"2026-04-22T12:24:25","calc_backorders":null,"_links":{"self":[{"href":"https:\/\/emporiodoturquinho.com.br\/index.php?rest_route=\/wp\/v2\/product\/933","targetHints":{"allow":["GET"]}}],"collection":[{"href":"https:\/\/emporiodoturquinho.com.br\/index.php?rest_route=\/wp\/v2\/product"}],"about":[{"href":"https:\/\/emporiodoturquinho.com.br\/index.php?rest_route=\/wp\/v2\/types\/product"}],"replies":[{"embeddable":true,"href":"https:\/\/emporiodoturquinho.com.br\/index.php?rest_route=%2Fwp%2Fv2%2Fcomments&post=933"}],"wp:featuredmedia":[{"embeddable":true,"href":"https:\/\/emporiodoturquinho.com.br\/index.php?rest_route=\/wp\/v2\/media\/934"}],"wp:attachment":[{"href":"https:\/\/emporiodoturquinho.com.br\/index.php?rest_route=%2Fwp%2Fv2%2Fmedia&parent=933"}],"wp:term":[{"taxonomy":"product_cat","embeddable":true,"href":"https:\/\/emporiodoturquinho.com.br\/index.php?rest_route=%2Fwp%2Fv2%2Fproduct_cat&post=933"},{"taxonomy":"product_tag","embeddable":true,"href":"https:\/\/emporiodoturquinho.com.br\/index.php?rest_route=%2Fwp%2Fv2%2Fproduct_tag&post=933"}],"curies":[{"name":"wp","href":"https:\/\/api.w.org\/{rel}","templated":true}]}}