{"id":931,"date":"2024-07-29T15:31:49","date_gmt":"2024-07-29T18:31:49","guid":{"rendered":"https:\/\/emporiodoturquinho.com.br\/?post_type=product&#038;p=931"},"modified":"2024-07-29T15:31:50","modified_gmt":"2024-07-29T18:31:50","slug":"cereja-em-calda-com-cabo-e-sem","status":"publish","type":"product","link":"https:\/\/emporiodoturquinho.com.br\/?product=cereja-em-calda-com-cabo-e-sem","title":{"rendered":"CEREJA EM CALDA (COM CABO E SEM)"},"content":{"rendered":"<p><strong>Sugest\u00e3o de uso:<\/strong>\u00a0Pode ser utilizada como decora\u00e7\u00e3o, em drinks, recheios, doces e muito mais!<\/p>\n<p><strong>Ingredientes:\u00a0<\/strong>Cerejas , \u00e1gua, a\u00e7\u00facar, glicose, aroma artificial de marrasquino, acidulante, \u00e1cido c\u00edtrico e corante vermelho 40. Cont\u00e9m aromatizante sint\u00e9tico id\u00eantico ao natural.<\/p>\n","protected":false},"excerpt":{"rendered":"<p><strong>Descri\u00e7\u00e3o:\u00a0<\/strong>A cereja marrasquino Curic\u00f3 \u00e9 uma cereja de origem chilena com um sabor delicioso, preservada e ado\u00e7ada. Muito utilizada em drinks, como decora\u00e7\u00e3o, recheios de bolos, tortas, outros itens de confeitaria, milk shake, sorveterias e muito mais. A cereja \u00e9 uma fruta rica em nutrientes antioxidantes, como as vitaminas A e C, e em minerais como pot\u00e1ssio e c\u00e1lcio, auxiliando no fortalecimento do sistema imunol\u00f3gico e combatendo o envelhecimento precoce<\/p>\n","protected":false},"featured_media":932,"comment_status":"open","ping_status":"closed","template":"","meta":[],"product_cat":[77],"product_tag":[],"class_list":{"0":"post-931","1":"product","2":"type-product","3":"status-publish","4":"has-post-thumbnail","6":"product_cat-frutas-desidratadas","8":"first","9":"instock","10":"shipping-taxable","11":"product-type-simple"},"supplier_id":null,"supplier_sku":"","barcode":null,"atum_controlled":true,"out_stock_date":null,"out_stock_threshold":null,"inheritable":false,"inbound_stock":null,"stock_on_hold":0,"sold_today":0,"sales_last_days":0,"reserved_stock":null,"customer_returns":null,"warehouse_damage":null,"lost_in_post":null,"other_logs":null,"out_stock_days":0,"lost_sales":0,"has_location":false,"update_date":"2026-04-22T12:24:25","atum_locations":[],"atum_stock_status":"instock","restock_status":false,"low_stock_amount":"","sales_update_date":"2026-04-22T12:24:25","calc_backorders":null,"_links":{"self":[{"href":"https:\/\/emporiodoturquinho.com.br\/index.php?rest_route=\/wp\/v2\/product\/931","targetHints":{"allow":["GET"]}}],"collection":[{"href":"https:\/\/emporiodoturquinho.com.br\/index.php?rest_route=\/wp\/v2\/product"}],"about":[{"href":"https:\/\/emporiodoturquinho.com.br\/index.php?rest_route=\/wp\/v2\/types\/product"}],"replies":[{"embeddable":true,"href":"https:\/\/emporiodoturquinho.com.br\/index.php?rest_route=%2Fwp%2Fv2%2Fcomments&post=931"}],"wp:featuredmedia":[{"embeddable":true,"href":"https:\/\/emporiodoturquinho.com.br\/index.php?rest_route=\/wp\/v2\/media\/932"}],"wp:attachment":[{"href":"https:\/\/emporiodoturquinho.com.br\/index.php?rest_route=%2Fwp%2Fv2%2Fmedia&parent=931"}],"wp:term":[{"taxonomy":"product_cat","embeddable":true,"href":"https:\/\/emporiodoturquinho.com.br\/index.php?rest_route=%2Fwp%2Fv2%2Fproduct_cat&post=931"},{"taxonomy":"product_tag","embeddable":true,"href":"https:\/\/emporiodoturquinho.com.br\/index.php?rest_route=%2Fwp%2Fv2%2Fproduct_tag&post=931"}],"curies":[{"name":"wp","href":"https:\/\/api.w.org\/{rel}","templated":true}]}}