{"id":929,"date":"2024-07-29T11:35:04","date_gmt":"2024-07-29T14:35:04","guid":{"rendered":"https:\/\/emporiodoturquinho.com.br\/?post_type=product&#038;p=929"},"modified":"2024-07-29T11:35:04","modified_gmt":"2024-07-29T14:35:04","slug":"funghi-seco-desidratado","status":"publish","type":"product","link":"https:\/\/emporiodoturquinho.com.br\/?product=funghi-seco-desidratado","title":{"rendered":"FUNGHI SECO DESIDRATADO"},"content":{"rendered":"<p>Validade aproximada 1 ano.<\/p>\n<p>Conservar em ambiente seco, fresco e ao abrigo do sol.<\/p>\n<p>Ap\u00f3s aberto consumir todo o conte\u00fado ou guardar bem fechado.<\/p>\n","protected":false},"excerpt":{"rendered":"<p style=\"font-weight: 400;\">Este cogumelo \u00e9 origin\u00e1rio do Chile. Ele tem aroma e sabor intensos, e cai muito bem no preparo de massas, risotos, recheios de tortas e em carnes.<\/p>\n<p style=\"font-weight: 400;\">Na It\u00e1lia funghi significa cogumelos. Ent\u00e3o quando se fala funghi secchi queremos dizer cogumelos desidratados ou secos. O cogumelo desidratado chileno \u00e9 da esp\u00e9cie\u00a0<em>Suillus luteus<\/em>, anteriormente identificada como\u00a0<em>Boletus luteus<\/em>. O nome comercial brasileiro \u00e9 fungui seco ou fungi seco.<\/p>\n<p style=\"font-weight: 400;\">Antes de usar, os cogumelos podem ser lavados com um pouco de \u00e1gua. Para reidratar deixe os cogumelos submersos por 30 minutos em \u00e1gua morna. Ao retirar esprema os cogumelos com a m\u00e3o. Os cogumelos podem ser usados em\u00a0molhos, risotos, tortas e at\u00e9 sobremesas. A \u00e1gua escura resultante da hidrata\u00e7\u00e3o pode ser utilizada em diversos preparos.<\/p>\n<p style=\"font-weight: 400;\">A por\u00e7\u00e3o de 25g \u00e9 ideal para elabora\u00e7\u00e3o de pratos que servem uma a duas pessoas.<\/p>\n","protected":false},"featured_media":930,"comment_status":"open","ping_status":"closed","template":"","meta":[],"product_cat":[77],"product_tag":[],"class_list":{"0":"post-929","1":"product","2":"type-product","3":"status-publish","4":"has-post-thumbnail","6":"product_cat-frutas-desidratadas","8":"first","9":"instock","10":"shipping-taxable","11":"product-type-simple"},"supplier_id":null,"supplier_sku":"","barcode":null,"atum_controlled":true,"out_stock_date":null,"out_stock_threshold":null,"inheritable":false,"inbound_stock":null,"stock_on_hold":0,"sold_today":0,"sales_last_days":0,"reserved_stock":null,"customer_returns":null,"warehouse_damage":null,"lost_in_post":null,"other_logs":null,"out_stock_days":0,"lost_sales":0,"has_location":false,"update_date":"2026-04-22T12:24:25","atum_locations":[],"atum_stock_status":"instock","restock_status":false,"low_stock_amount":"","sales_update_date":"2026-04-22T12:24:25","calc_backorders":null,"_links":{"self":[{"href":"https:\/\/emporiodoturquinho.com.br\/index.php?rest_route=\/wp\/v2\/product\/929","targetHints":{"allow":["GET"]}}],"collection":[{"href":"https:\/\/emporiodoturquinho.com.br\/index.php?rest_route=\/wp\/v2\/product"}],"about":[{"href":"https:\/\/emporiodoturquinho.com.br\/index.php?rest_route=\/wp\/v2\/types\/product"}],"replies":[{"embeddable":true,"href":"https:\/\/emporiodoturquinho.com.br\/index.php?rest_route=%2Fwp%2Fv2%2Fcomments&post=929"}],"wp:featuredmedia":[{"embeddable":true,"href":"https:\/\/emporiodoturquinho.com.br\/index.php?rest_route=\/wp\/v2\/media\/930"}],"wp:attachment":[{"href":"https:\/\/emporiodoturquinho.com.br\/index.php?rest_route=%2Fwp%2Fv2%2Fmedia&parent=929"}],"wp:term":[{"taxonomy":"product_cat","embeddable":true,"href":"https:\/\/emporiodoturquinho.com.br\/index.php?rest_route=%2Fwp%2Fv2%2Fproduct_cat&post=929"},{"taxonomy":"product_tag","embeddable":true,"href":"https:\/\/emporiodoturquinho.com.br\/index.php?rest_route=%2Fwp%2Fv2%2Fproduct_tag&post=929"}],"curies":[{"name":"wp","href":"https:\/\/api.w.org\/{rel}","templated":true}]}}