{"id":923,"date":"2024-07-29T11:16:20","date_gmt":"2024-07-29T14:16:20","guid":{"rendered":"https:\/\/emporiodoturquinho.com.br\/?post_type=product&#038;p=923"},"modified":"2024-07-29T11:17:09","modified_gmt":"2024-07-29T14:17:09","slug":"923","status":"publish","type":"product","link":"https:\/\/emporiodoturquinho.com.br\/?product=923","title":{"rendered":"KOMBUCHA ARTESANAL FRUTAS VERMELHAS"},"content":{"rendered":"<p>O kombucha \u00e9 uma bebida gaseificada natural que nasceu na China por volta de 220 anos antes de Cristo \u2013 onde \u00e9 conhecida como \u201celixir da sa\u00fade\u201d. Depois da col\u00f4nia de kombucha ficar fermentando no ch\u00e1 e a\u00e7\u00facar pelo per\u00edodo indicado, ela origina uma bebida rica em probi\u00f3ticos, vitaminas do complexo C e B, amino\u00e1cidos essenciais, enzimas e propriedades antioxidantes e energ\u00e9ticas.<\/p>\n","protected":false},"excerpt":{"rendered":"<p>Estes s\u00e3o as principais propriedades do kombucha e efeitos no nosso organism<span class=\"text_exposed_show\">o:<\/span><\/p>\n<div class=\"text_exposed_show\">\n<p>Estimula o metabolismo de carboidratos e controla a fome e compuls\u00e3o por doces e carboidratos em geral;<\/p>\n<p>Ajuda o bom funcionamento do sistema digest\u00f3rio devido ao alto teor em probi\u00f3ticos, \u00e1cidos ben\u00e9ficos e enzimas;<\/p>\n<p>Aumenta a sensa\u00e7\u00e3o de energia e vitalidade devido ao teor de ferro presentes na bebida;<\/p>\n<p>Fortalece o sistema imunol\u00f3gico por ser rico em vitaminas, probi\u00f3ticos e antioxidantes essenciais para a prote\u00e7\u00e3o das c\u00e9lulas e para evitar doen\u00e7as inflamat\u00f3rias.<\/p>\n<\/div>\n","protected":false},"featured_media":924,"comment_status":"open","ping_status":"closed","template":"","meta":[],"product_cat":[37],"product_tag":[],"class_list":{"0":"post-923","1":"product","2":"type-product","3":"status-publish","4":"has-post-thumbnail","6":"product_cat-suplementos","8":"first","9":"instock","10":"shipping-taxable","11":"product-type-simple"},"supplier_id":null,"supplier_sku":"","barcode":null,"atum_controlled":true,"out_stock_date":null,"out_stock_threshold":null,"inheritable":false,"inbound_stock":null,"stock_on_hold":0,"sold_today":0,"sales_last_days":0,"reserved_stock":null,"customer_returns":null,"warehouse_damage":null,"lost_in_post":null,"other_logs":null,"out_stock_days":0,"lost_sales":0,"has_location":false,"update_date":"2026-04-22T12:24:25","atum_locations":[],"atum_stock_status":"instock","restock_status":false,"low_stock_amount":"","sales_update_date":"2026-04-22T12:24:25","calc_backorders":null,"_links":{"self":[{"href":"https:\/\/emporiodoturquinho.com.br\/index.php?rest_route=\/wp\/v2\/product\/923","targetHints":{"allow":["GET"]}}],"collection":[{"href":"https:\/\/emporiodoturquinho.com.br\/index.php?rest_route=\/wp\/v2\/product"}],"about":[{"href":"https:\/\/emporiodoturquinho.com.br\/index.php?rest_route=\/wp\/v2\/types\/product"}],"replies":[{"embeddable":true,"href":"https:\/\/emporiodoturquinho.com.br\/index.php?rest_route=%2Fwp%2Fv2%2Fcomments&post=923"}],"wp:featuredmedia":[{"embeddable":true,"href":"https:\/\/emporiodoturquinho.com.br\/index.php?rest_route=\/wp\/v2\/media\/924"}],"wp:attachment":[{"href":"https:\/\/emporiodoturquinho.com.br\/index.php?rest_route=%2Fwp%2Fv2%2Fmedia&parent=923"}],"wp:term":[{"taxonomy":"product_cat","embeddable":true,"href":"https:\/\/emporiodoturquinho.com.br\/index.php?rest_route=%2Fwp%2Fv2%2Fproduct_cat&post=923"},{"taxonomy":"product_tag","embeddable":true,"href":"https:\/\/emporiodoturquinho.com.br\/index.php?rest_route=%2Fwp%2Fv2%2Fproduct_tag&post=923"}],"curies":[{"name":"wp","href":"https:\/\/api.w.org\/{rel}","templated":true}]}}