{"id":921,"date":"2024-07-29T11:12:19","date_gmt":"2024-07-29T14:12:19","guid":{"rendered":"https:\/\/emporiodoturquinho.com.br\/?post_type=product&#038;p=921"},"modified":"2024-07-29T11:19:44","modified_gmt":"2024-07-29T14:19:44","slug":"921","status":"publish","type":"product","link":"https:\/\/emporiodoturquinho.com.br\/?product=921","title":{"rendered":"\u00d3LEO DE SEMENTE DE AB\u00d3BORA"},"content":{"rendered":"<p>Pesquisas apontam que o\u00a0<b>\u00d3leo de Semente de Ab\u00f3boras<\/b>\u00a0pode melhorar os sintomas da Hiperplasia Benigna da Pr\u00f3stata (HBP), a popular Pr\u00f3stata Inchada. Para melhores resultados alie o \u00d3leo de Ab\u00f3bora com as C\u00e1psulas para Tratamento da Pr\u00f3stata.<\/p>\n","protected":false},"excerpt":{"rendered":"<p>O \u00f3leo de sementes de ab\u00f3bora \u00e9 um \u00f3leo bom para a sa\u00fade porque \u00e9 rico em vitamina E e gorduras saud\u00e1veis. O \u00d3leo de Semente de Uva atua tamb\u00e9m auxiliar no tratamento de doen\u00e7as cardiovasculares, previne a aterosclerose e auxilia no controle da hipertens\u00e3o arterial.<\/p>\n","protected":false},"featured_media":922,"comment_status":"open","ping_status":"closed","template":"","meta":[],"product_cat":[37],"product_tag":[],"class_list":{"0":"post-921","1":"product","2":"type-product","3":"status-publish","4":"has-post-thumbnail","6":"product_cat-suplementos","8":"first","9":"instock","10":"shipping-taxable","11":"product-type-simple"},"supplier_id":null,"supplier_sku":"","barcode":null,"atum_controlled":true,"out_stock_date":null,"out_stock_threshold":null,"inheritable":false,"inbound_stock":null,"stock_on_hold":0,"sold_today":0,"sales_last_days":0,"reserved_stock":null,"customer_returns":null,"warehouse_damage":null,"lost_in_post":null,"other_logs":null,"out_stock_days":0,"lost_sales":0,"has_location":false,"update_date":"2026-04-22T12:24:25","atum_locations":[],"atum_stock_status":"instock","restock_status":false,"low_stock_amount":"","sales_update_date":"2026-04-22T12:24:25","calc_backorders":null,"_links":{"self":[{"href":"https:\/\/emporiodoturquinho.com.br\/index.php?rest_route=\/wp\/v2\/product\/921","targetHints":{"allow":["GET"]}}],"collection":[{"href":"https:\/\/emporiodoturquinho.com.br\/index.php?rest_route=\/wp\/v2\/product"}],"about":[{"href":"https:\/\/emporiodoturquinho.com.br\/index.php?rest_route=\/wp\/v2\/types\/product"}],"replies":[{"embeddable":true,"href":"https:\/\/emporiodoturquinho.com.br\/index.php?rest_route=%2Fwp%2Fv2%2Fcomments&post=921"}],"wp:featuredmedia":[{"embeddable":true,"href":"https:\/\/emporiodoturquinho.com.br\/index.php?rest_route=\/wp\/v2\/media\/922"}],"wp:attachment":[{"href":"https:\/\/emporiodoturquinho.com.br\/index.php?rest_route=%2Fwp%2Fv2%2Fmedia&parent=921"}],"wp:term":[{"taxonomy":"product_cat","embeddable":true,"href":"https:\/\/emporiodoturquinho.com.br\/index.php?rest_route=%2Fwp%2Fv2%2Fproduct_cat&post=921"},{"taxonomy":"product_tag","embeddable":true,"href":"https:\/\/emporiodoturquinho.com.br\/index.php?rest_route=%2Fwp%2Fv2%2Fproduct_tag&post=921"}],"curies":[{"name":"wp","href":"https:\/\/api.w.org\/{rel}","templated":true}]}}