{"id":916,"date":"2024-07-24T10:16:53","date_gmt":"2024-07-24T13:16:53","guid":{"rendered":"https:\/\/emporiodoturquinho.com.br\/?post_type=product&#038;p=916"},"modified":"2024-07-24T10:16:53","modified_gmt":"2024-07-24T13:16:53","slug":"oleo-essencial-de-olibano","status":"publish","type":"product","link":"https:\/\/emporiodoturquinho.com.br\/?product=oleo-essencial-de-olibano","title":{"rendered":"\u00d3LEO ESSENCIAL DE OL\u00cdBANO"},"content":{"rendered":"<p>\u00d3leo essencial de Ol\u00edbano, 5ml<br \/>\nNome cient\u00edfico:\u00a0<em>Boswellia carterii<\/em><br \/>\nOrigem: Som\u00e1lia<br \/>\nExtra\u00e7\u00e3o: Destila\u00e7\u00e3o a vapor da resina<\/p>\n","protected":false},"excerpt":{"rendered":"<p align=\"justify\"><strong>Propriedades f\u00edsicas*:<\/strong>\u00a0Anti-inflamat\u00f3rio, usado no controle de artrite e artrose. Expectorante, alivia os sintomas de tosse, bronquite, asma e pneumonia. Regenerador celular utilizado nos cuidados com pele inflamada, seca e envelhecida. Tamb\u00e9m tem propriedades antibacterianas e antif\u00fangicas.<br \/>\n<strong>Propriedades emocionais*:<\/strong>\u00a0Antidepressivo, acalma em estados de ang\u00fastia. Auxilia em casos de depress\u00e3o p\u00f3s-parto.<br \/>\n<strong>Propriedades vibracionais*:<\/strong>\u00a0Induz \u00e0 medita\u00e7\u00e3o. Promove clareza e a concentra\u00e7\u00e3o. Atrav\u00e9s de\u00a0<em>insights<\/em>\u00a0promove compreens\u00e3o de rela\u00e7\u00f5es de causa e efeito. Indicado para aqueles que t\u00eam medo da morte, de mudan\u00e7as dr\u00e1sticas ou que perderam um ente querido. Equilibra os 7 chakras. Estimula o 3\u00b0, 6\u00b0 e o 7\u00b0 chakra.<br \/>\n<strong>Precau\u00e7\u00f5es:<\/strong>\u00a0Sensibilizante da pele. Em aplica\u00e7\u00f5es faciais, utilize a concentra\u00e7\u00e3o de 0,5%.<\/p>\n<p align=\"justify\">* Baseado em evid\u00eancias de acordo com a pr\u00e1tica cl\u00ednica.<\/p>\n<p><strong>Aten\u00e7\u00e3o:<\/strong>\u00a0Os \u00f3leos essenciais s\u00e3o extratos puros das plantas, muito concentrados. A superdosagem pode causar dermatites e intoxica\u00e7\u00e3o. Na d\u00favida, siga a orienta\u00e7\u00e3o de um aromaterapeuta.<\/p>\n","protected":false},"featured_media":918,"comment_status":"open","ping_status":"closed","template":"","meta":[],"product_cat":[78],"product_tag":[],"class_list":{"0":"post-916","1":"product","2":"type-product","3":"status-publish","4":"has-post-thumbnail","6":"product_cat-oleos-essenciais","8":"first","9":"instock","10":"shipping-taxable","11":"product-type-simple"},"supplier_id":null,"supplier_sku":"","barcode":null,"atum_controlled":true,"out_stock_date":null,"out_stock_threshold":null,"inheritable":false,"inbound_stock":null,"stock_on_hold":0,"sold_today":0,"sales_last_days":0,"reserved_stock":null,"customer_returns":null,"warehouse_damage":null,"lost_in_post":null,"other_logs":null,"out_stock_days":0,"lost_sales":0,"has_location":false,"update_date":"2026-04-22T12:24:25","atum_locations":[],"atum_stock_status":"instock","restock_status":false,"low_stock_amount":"","sales_update_date":"2026-04-22T12:24:25","calc_backorders":null,"_links":{"self":[{"href":"https:\/\/emporiodoturquinho.com.br\/index.php?rest_route=\/wp\/v2\/product\/916","targetHints":{"allow":["GET"]}}],"collection":[{"href":"https:\/\/emporiodoturquinho.com.br\/index.php?rest_route=\/wp\/v2\/product"}],"about":[{"href":"https:\/\/emporiodoturquinho.com.br\/index.php?rest_route=\/wp\/v2\/types\/product"}],"replies":[{"embeddable":true,"href":"https:\/\/emporiodoturquinho.com.br\/index.php?rest_route=%2Fwp%2Fv2%2Fcomments&post=916"}],"wp:featuredmedia":[{"embeddable":true,"href":"https:\/\/emporiodoturquinho.com.br\/index.php?rest_route=\/wp\/v2\/media\/918"}],"wp:attachment":[{"href":"https:\/\/emporiodoturquinho.com.br\/index.php?rest_route=%2Fwp%2Fv2%2Fmedia&parent=916"}],"wp:term":[{"taxonomy":"product_cat","embeddable":true,"href":"https:\/\/emporiodoturquinho.com.br\/index.php?rest_route=%2Fwp%2Fv2%2Fproduct_cat&post=916"},{"taxonomy":"product_tag","embeddable":true,"href":"https:\/\/emporiodoturquinho.com.br\/index.php?rest_route=%2Fwp%2Fv2%2Fproduct_tag&post=916"}],"curies":[{"name":"wp","href":"https:\/\/api.w.org\/{rel}","templated":true}]}}