{"id":914,"date":"2024-07-24T10:12:53","date_gmt":"2024-07-24T13:12:53","guid":{"rendered":"https:\/\/emporiodoturquinho.com.br\/?post_type=product&#038;p=914"},"modified":"2024-07-24T10:14:04","modified_gmt":"2024-07-24T13:14:04","slug":"914","status":"publish","type":"product","link":"https:\/\/emporiodoturquinho.com.br\/?product=914","title":{"rendered":"\u00d3LEO RESINA DE MIRA"},"content":{"rendered":"<p>Componentes principais: Ocimeno, lindestreno e furanoeudesmadieno.<\/p>\n<p>M\u00e9todo de extra\u00e7\u00e3o: Solvente.<\/p>\n<p>Nota olfativa: Baixa.<\/p>\n<p>Classifica\u00e7\u00e3o de fragr\u00e2ncia: Quente, terral, amadeirado.<\/p>\n<p>Fam\u00edlia: Burseraceae.<\/p>\n","protected":false},"excerpt":{"rendered":"<p>A mirra \u00e9 uma arvore espinhosa, que pode chegar at\u00e9 5 metros de altura na forma nativa, pertencente \u00e0 fam\u00edlia Burseraceae. Apesar de ser nativa da \u00c1frica, tamb\u00e9m pode ser encontrada no Oriente M\u00e9dio, \u00cdndia e Tail\u00e2ndia. Seu nome deriva do aramaico e do \u00e1rabe e significa \u201camargo\u201d.<\/p>\n<p>Apresenta folhas pequenas e verdes, com flores brancas no formato de espigas. Prefere solos rasos ou calc\u00e1rios, por isso se desenvolve melhor em clima de cerrado ou des\u00e9rtico. Quando cortado, o tronco dessa \u00e1rvore libera uma resina bastante arom\u00e1tica, utilizada em larga escala em diversas prepara\u00e7\u00f5es, principalmente, cosm\u00e9ticas.<\/p>\n<p>Os eg\u00edpcios utilizavam-se de mirra na adora\u00e7\u00e3o do deus Sol e nos procedimentos de embalsamamento. H\u00e1 relatos b\u00edblicos de que tenha sido um dos presentes dos Reis Magos ao menino Jesus, pois al\u00e9m de ser considerada artigo de luxo na \u00e9poca, ainda era conhecida por sua capacidade natural de repelir insetos.<\/p>\n<p>O \u00f3leo essencial de Mirra \u00e9 extra\u00eddo da pr\u00f3pria resina, com um rendimento de 1,5% \u00e0 15%, dependendo da safra. Diferente de outros \u00f3leos essenciais, esse apresenta uma viscosidade mais alta, lembrando at\u00e9 mesmo o aspecto de um mel. Por conta de sua origem e composi\u00e7\u00e3o, trata-se de um \u00f3leo menos vol\u00e1til e mais untuoso sendo, hoje em dia, utilizado em diversas composi\u00e7\u00f5es de cosm\u00e9ticos.<\/p>\n","protected":false},"featured_media":915,"comment_status":"open","ping_status":"closed","template":"","meta":[],"product_cat":[78],"product_tag":[],"class_list":{"0":"post-914","1":"product","2":"type-product","3":"status-publish","4":"has-post-thumbnail","6":"product_cat-oleos-essenciais","8":"first","9":"instock","10":"shipping-taxable","11":"product-type-simple"},"supplier_id":null,"supplier_sku":"","barcode":null,"atum_controlled":true,"out_stock_date":null,"out_stock_threshold":null,"inheritable":false,"inbound_stock":null,"stock_on_hold":0,"sold_today":0,"sales_last_days":0,"reserved_stock":null,"customer_returns":null,"warehouse_damage":null,"lost_in_post":null,"other_logs":null,"out_stock_days":0,"lost_sales":0,"has_location":false,"update_date":"2026-04-22T12:24:25","atum_locations":[],"atum_stock_status":"instock","restock_status":false,"low_stock_amount":"","sales_update_date":"2026-04-22T12:24:25","calc_backorders":null,"_links":{"self":[{"href":"https:\/\/emporiodoturquinho.com.br\/index.php?rest_route=\/wp\/v2\/product\/914","targetHints":{"allow":["GET"]}}],"collection":[{"href":"https:\/\/emporiodoturquinho.com.br\/index.php?rest_route=\/wp\/v2\/product"}],"about":[{"href":"https:\/\/emporiodoturquinho.com.br\/index.php?rest_route=\/wp\/v2\/types\/product"}],"replies":[{"embeddable":true,"href":"https:\/\/emporiodoturquinho.com.br\/index.php?rest_route=%2Fwp%2Fv2%2Fcomments&post=914"}],"wp:featuredmedia":[{"embeddable":true,"href":"https:\/\/emporiodoturquinho.com.br\/index.php?rest_route=\/wp\/v2\/media\/915"}],"wp:attachment":[{"href":"https:\/\/emporiodoturquinho.com.br\/index.php?rest_route=%2Fwp%2Fv2%2Fmedia&parent=914"}],"wp:term":[{"taxonomy":"product_cat","embeddable":true,"href":"https:\/\/emporiodoturquinho.com.br\/index.php?rest_route=%2Fwp%2Fv2%2Fproduct_cat&post=914"},{"taxonomy":"product_tag","embeddable":true,"href":"https:\/\/emporiodoturquinho.com.br\/index.php?rest_route=%2Fwp%2Fv2%2Fproduct_tag&post=914"}],"curies":[{"name":"wp","href":"https:\/\/api.w.org\/{rel}","templated":true}]}}