{"id":910,"date":"2024-07-17T09:58:19","date_gmt":"2024-07-17T12:58:19","guid":{"rendered":"https:\/\/emporiodoturquinho.com.br\/?post_type=product&#038;p=910"},"modified":"2024-07-17T09:58:19","modified_gmt":"2024-07-17T12:58:19","slug":"creatina-herbamed","status":"publish","type":"product","link":"https:\/\/emporiodoturquinho.com.br\/?product=creatina-herbamed","title":{"rendered":"CREATINA HERBAMED"},"content":{"rendered":"<p>Recomenda\u00e7\u00f5es de uso:<br \/>\nConsumir 1 (um) scoop de 3g em 200ml de \u00e1gua uma vez ao dia,<br \/>\npreferencialmente pr\u00f3ximo \u00e0s refei\u00e7\u00f5es ou conforme orienta\u00e7\u00e3o<br \/>\ndo m\u00e9dico e\/ou nutricionista.<\/p>\n<p>Cuidados de conserva\u00e7\u00e3o:<br \/>\nConservar o produto em sua embalagem original, mantendo<br \/>\nbem fechado em local seco e fresco, ao abrigo de luz, em<br \/>\ntemperatura ambiente (15 e 30\u00baC).<br \/>\nAp\u00f3s aberto, consumir em at\u00e9 120 dias.<\/p>\n","protected":false},"excerpt":{"rendered":"<p><span class=\"a-list-item\">A Creatina Monohidratada \u00e9 indicada para gerar mais for\u00e7a nos treinos de alta intensidade e de curta dura\u00e7\u00e3o; Fornecimento de energia para as c\u00e9lulas musculares; Aumento da disponibilidade de energia nos m\u00fasculos; Fornecimento de uma fonte r\u00e1pida de fosfocreatina, que pode ser usada durante exerc\u00edcios f\u00edsicos intensos e de curta dura\u00e7\u00e3o; Estimula\u00e7\u00e3o da s\u00edntese de prote\u00ednas, promovendo aumento de energia e prolongando a dura\u00e7\u00e3o dos exerc\u00edcios f\u00edsicos; Contribui\u00e7\u00e3o para o aumento da massa e da for\u00e7a muscular.<\/span><\/p>\n","protected":false},"featured_media":911,"comment_status":"open","ping_status":"closed","template":"","meta":[],"product_cat":[37],"product_tag":[],"class_list":{"0":"post-910","1":"product","2":"type-product","3":"status-publish","4":"has-post-thumbnail","6":"product_cat-suplementos","8":"first","9":"instock","10":"shipping-taxable","11":"product-type-simple"},"supplier_id":null,"supplier_sku":"","barcode":null,"atum_controlled":true,"out_stock_date":null,"out_stock_threshold":null,"inheritable":false,"inbound_stock":null,"stock_on_hold":0,"sold_today":0,"sales_last_days":0,"reserved_stock":null,"customer_returns":null,"warehouse_damage":null,"lost_in_post":null,"other_logs":null,"out_stock_days":0,"lost_sales":0,"has_location":false,"update_date":"2026-04-22T12:24:25","atum_locations":[],"atum_stock_status":"instock","restock_status":false,"low_stock_amount":"","sales_update_date":"2026-04-22T12:24:25","calc_backorders":null,"_links":{"self":[{"href":"https:\/\/emporiodoturquinho.com.br\/index.php?rest_route=\/wp\/v2\/product\/910","targetHints":{"allow":["GET"]}}],"collection":[{"href":"https:\/\/emporiodoturquinho.com.br\/index.php?rest_route=\/wp\/v2\/product"}],"about":[{"href":"https:\/\/emporiodoturquinho.com.br\/index.php?rest_route=\/wp\/v2\/types\/product"}],"replies":[{"embeddable":true,"href":"https:\/\/emporiodoturquinho.com.br\/index.php?rest_route=%2Fwp%2Fv2%2Fcomments&post=910"}],"wp:featuredmedia":[{"embeddable":true,"href":"https:\/\/emporiodoturquinho.com.br\/index.php?rest_route=\/wp\/v2\/media\/911"}],"wp:attachment":[{"href":"https:\/\/emporiodoturquinho.com.br\/index.php?rest_route=%2Fwp%2Fv2%2Fmedia&parent=910"}],"wp:term":[{"taxonomy":"product_cat","embeddable":true,"href":"https:\/\/emporiodoturquinho.com.br\/index.php?rest_route=%2Fwp%2Fv2%2Fproduct_cat&post=910"},{"taxonomy":"product_tag","embeddable":true,"href":"https:\/\/emporiodoturquinho.com.br\/index.php?rest_route=%2Fwp%2Fv2%2Fproduct_tag&post=910"}],"curies":[{"name":"wp","href":"https:\/\/api.w.org\/{rel}","templated":true}]}}