{"id":900,"date":"2024-06-17T16:05:26","date_gmt":"2024-06-17T19:05:26","guid":{"rendered":"https:\/\/emporiodoturquinho.com.br\/?post_type=product&#038;p=900"},"modified":"2024-06-17T16:05:26","modified_gmt":"2024-06-17T19:05:26","slug":"elixir-de-inhame","status":"publish","type":"product","link":"https:\/\/emporiodoturquinho.com.br\/?product=elixir-de-inhame","title":{"rendered":"ELIXIR DE INHAME"},"content":{"rendered":"<p>Elixir de Inhame 100% Natural<\/p>\n<p>Como usar: Tomar Elixir de Inhame uma colher de sopa no almo\u00e7o e outra antes do jantar. O uso cont\u00ednuo desse medicamento n\u00e3o deve ser feito por mais de 3 meses. Contraindica\u00e7\u00f5es: A idade m\u00ednima para o uso do Elixir de Inhame \u00e9 de 14 anos. Mulheres gr\u00e1vidas e\/ou em fase de amamenta\u00e7\u00e3o devem evitar esse produto, pois a sua formula\u00e7\u00e3o cont\u00e9m \u00e1lcool.<\/p>\n","protected":false},"excerpt":{"rendered":"<p>O Elixir de Inhame \u00e9 usado principalmente para limpar o organismo, entretanto ele tamb\u00e9m possui propriedades que ajudam a diminuir dores abdominais como c\u00f3licas menstruais e tamb\u00e9m auxilia na\u00a0digest\u00e3o. O Elixir de Inhame \u00e9 tamb\u00e9m conhecido como Elixir de Inhame-da-costa e pode ser encontrado em farm\u00e1cias ou lojas que trabalham com produtos naturais Elixir de Inhame serve para engravidar? O Elixir de Inhame serve de ajuda para estimular a ovula\u00e7\u00e3o da mulher. Tomar o Elixir de Inhame pode sim ajudar, mas n\u00e3o \u00e9 o causador principal. Como o inhame possui uma grande concentra\u00e7\u00e3o de vitamina B6, isso ajuda a estimular a fertiliza\u00e7\u00e3o feminina, mas, dependendo do organismo e da dosagem do medicamento, o efeito pode ser o oposto, podendo at\u00e9 retardar as chances de gravidez. Principais benef\u00edcios do Elixir de Inhame: &#8211; Limpar o organismo de toxinas ruins, que s\u00e3o eliminadas no suor e com a urina. &#8211; Auxilia na diminui\u00e7\u00e3o do surgimento de acne na pele &#8211; Reduz dores abdominais, como c\u00f3licas resultantes do ciclo menstrual. &#8211; Auxilia na digest\u00e3o de alimentos com muita gordura &#8211; Reduz sintomas de inflama\u00e7\u00e3o causados por artrite ou reumatismo &#8211; O Elixir de Inhame serve ainda como diur\u00e9tico (aumento na vontade de urinar) e analg\u00e9sico (dores). &#8211; O Elixir de Inhame serve tamb\u00e9m para prevenir febre amarela, mal\u00e1ria e dengue. \u00c9 como se um bloqueio fosse criado contra a\u00e7\u00f5es de -mosquitos que transmitem essas doen\u00e7as. Outros Benef\u00edcios do inhame em geral -Ajuda a limpar o sangue -Ajuda a fortalecer o sistema de defesa do organismo -Retira fur\u00fanculo -Diminui a inflama\u00e7\u00e3o de cicatrizes -Ajuda a evita o incha\u00e7o -Auxilia tamb\u00e9m na inflama\u00e7\u00e3o de hemorroidas -Auxilia no emagrecimento -Bom contra o c\u00e2ncer -Bom para o cora\u00e7\u00e3o -Ajuda no combate do mal de Alzheimer (Doen\u00e7a que tem como principais sintomas a perda de mem\u00f3ria e confus\u00e3o mental.) -Depurativo do sangue (ajuda a limpar as impurezas no sangue) -Diminui riscos de anemia -O inhame auxilia na sa\u00fade da mulher. Pesquisas mostram que no per\u00edodo da menopausa o h\u00e1bito de consumir o inhame, seja natural, o suco de inhame, ou o inhame cozido, \u00e9 muito \u00fatil e tamb\u00e9m diminui a tens\u00e3o pr\u00e9-menstrual e ajuda a diminuir os riscos da endometriose. Segue uma pequena lista de Receitas de Suco de Inhame<\/p>\n","protected":false},"featured_media":901,"comment_status":"open","ping_status":"closed","template":"","meta":[],"product_cat":[37],"product_tag":[],"class_list":{"0":"post-900","1":"product","2":"type-product","3":"status-publish","4":"has-post-thumbnail","6":"product_cat-suplementos","8":"first","9":"instock","10":"shipping-taxable","11":"product-type-simple"},"supplier_id":null,"supplier_sku":"","barcode":null,"atum_controlled":true,"out_stock_date":null,"out_stock_threshold":null,"inheritable":false,"inbound_stock":null,"stock_on_hold":0,"sold_today":0,"sales_last_days":0,"reserved_stock":null,"customer_returns":null,"warehouse_damage":null,"lost_in_post":null,"other_logs":null,"out_stock_days":0,"lost_sales":0,"has_location":false,"update_date":"2026-04-22T12:24:25","atum_locations":[],"atum_stock_status":"instock","restock_status":false,"low_stock_amount":"","sales_update_date":"2026-04-22T12:24:25","calc_backorders":null,"_links":{"self":[{"href":"https:\/\/emporiodoturquinho.com.br\/index.php?rest_route=\/wp\/v2\/product\/900","targetHints":{"allow":["GET"]}}],"collection":[{"href":"https:\/\/emporiodoturquinho.com.br\/index.php?rest_route=\/wp\/v2\/product"}],"about":[{"href":"https:\/\/emporiodoturquinho.com.br\/index.php?rest_route=\/wp\/v2\/types\/product"}],"replies":[{"embeddable":true,"href":"https:\/\/emporiodoturquinho.com.br\/index.php?rest_route=%2Fwp%2Fv2%2Fcomments&post=900"}],"wp:featuredmedia":[{"embeddable":true,"href":"https:\/\/emporiodoturquinho.com.br\/index.php?rest_route=\/wp\/v2\/media\/901"}],"wp:attachment":[{"href":"https:\/\/emporiodoturquinho.com.br\/index.php?rest_route=%2Fwp%2Fv2%2Fmedia&parent=900"}],"wp:term":[{"taxonomy":"product_cat","embeddable":true,"href":"https:\/\/emporiodoturquinho.com.br\/index.php?rest_route=%2Fwp%2Fv2%2Fproduct_cat&post=900"},{"taxonomy":"product_tag","embeddable":true,"href":"https:\/\/emporiodoturquinho.com.br\/index.php?rest_route=%2Fwp%2Fv2%2Fproduct_tag&post=900"}],"curies":[{"name":"wp","href":"https:\/\/api.w.org\/{rel}","templated":true}]}}