{"id":895,"date":"2024-06-04T09:32:50","date_gmt":"2024-06-04T12:32:50","guid":{"rendered":"https:\/\/emporiodoturquinho.com.br\/?post_type=product&#038;p=895"},"modified":"2024-06-04T09:32:50","modified_gmt":"2024-06-04T12:32:50","slug":"milho-de-pipoca-mushroom","status":"publish","type":"product","link":"https:\/\/emporiodoturquinho.com.br\/?product=milho-de-pipoca-mushroom","title":{"rendered":"MILHO DE PIPOCA MUSHROOM"},"content":{"rendered":"<p>Produto de qualidade. Padr\u00e3o Mushroom.Tipo 1: Classe AmareloPercentual de arredondamento superior a 90% quando preparado de maneira correta, em aparelho a ar, regulado corretamente.Ideal para pipoca gourmet Como fazer pipoca com milho Mushroom? O modo de preparo do milho mushroom \u00e9 um pouco diferente do milho comum, a temperatura precisa estar bem alta. Tanto na panela pipoqueira ou na pipoqueira el\u00e9trica, deve ter pelo menos 180\u00b0C.MODO DE PREPARO NA PANELA PIPOQUEIRAO segredo para estourar o milho Mushroom \u00e9 usar uma forte de calor bem forte. Aquecer 50g de \u00f3leo na panela pipoqueira. Colocar 110g de milho Mushroom apenas quando o \u00f3leo j\u00e1 estiver bem quente, a pelo menos 180\u00b0C. Na foto, a pipoca foi estourada com \u00f3leo a mais de 190\u00b0C. Veja se todos os gr\u00e3os est\u00e3o em contato com o fundo da panela. N\u00e3o sobrepor os gr\u00e3os. Mexa at\u00e9 que todo o milho esteja estourado. N\u00e3o adicionar sal, a\u00e7\u00facar ou qualquer outro ingrediente ao estourar. Adicionar o caramelo ap\u00f3s o milho estourado. NA PIPOQUEIRA EL\u00c9TRICAAquecer a pipoqueira el\u00e9trica pelo menos at\u00e9 180\u00b0C, depois adicionar 40g do milho mushroom e aguardar o milho estourar e sua pipoca redondinha estar\u00e1 pronta!RECEITA QUE VOC\u00ca PODE UTILIZAR PIPOCA COM CHOCOLATE BRANCO E LEITE EM P\u00d3Ingredientes:1 x\u00edcara (ch\u00e1) de milho para pipoca; 1\/2 x\u00edcara (ch\u00e1) de \u00e1gua; 1\/2 x\u00edcara (ch\u00e1) de \u00f3leo; 1\/4 x\u00edcara (ch\u00e1) de a\u00e7\u00facar. Coloque tudo na pipoqueira; quando come\u00e7ar a estourar, misture sempre. Enquanto isso, derreta no microondas 200g de chocolate branco (30 segundinhos em pot\u00eancia alta). Assim que a pipoca estourar, jogue em uma tigela grande; por cima, jogue o chocolate derretido e misture bem. A seguir jogue leite em p\u00f3 o quanto baste para a pipoca ficar sequinha. Espere esfriar para servir. Dica: quem n\u00e3o tiver pipoqueira pode fazer em uma panela normal, mas que seja de fundo grosso. Demora um tempinho para pipocar por causa da \u00e1gua, mas vale a pena. Dura at\u00e9 4 dias em potes fechados.<\/p>\n","protected":false},"excerpt":{"rendered":"<p>MILHO DE PIPOCA MUSHROOM PARA RECEITAS GOURMET Porque usar o milho mushroom? A calda de a\u00e7\u00facar tem mais superf\u00edcie para aderir no milho estourado, formando uma bolinha crocante e o formato tamb\u00e9m evita que a pipoca quebre. Outra caracter\u00edstica not\u00e1vel \u00e9 menor presen\u00e7a das casquinhas que ficam entre gengiva e dente. Milho para pipoca especial para pipocas doces<\/p>\n","protected":false},"featured_media":896,"comment_status":"open","ping_status":"closed","template":"","meta":[],"product_cat":[22],"product_tag":[],"class_list":{"0":"post-895","1":"product","2":"type-product","3":"status-publish","4":"has-post-thumbnail","6":"product_cat-oleaginosas","8":"first","9":"instock","10":"shipping-taxable","11":"product-type-simple"},"supplier_id":null,"supplier_sku":"","barcode":null,"atum_controlled":true,"out_stock_date":null,"out_stock_threshold":null,"inheritable":false,"inbound_stock":null,"stock_on_hold":0,"sold_today":0,"sales_last_days":0,"reserved_stock":null,"customer_returns":null,"warehouse_damage":null,"lost_in_post":null,"other_logs":null,"out_stock_days":0,"lost_sales":0,"has_location":false,"update_date":"2026-04-22T12:24:25","atum_locations":[],"atum_stock_status":"instock","restock_status":false,"low_stock_amount":"","sales_update_date":"2026-04-22T12:24:25","calc_backorders":null,"_links":{"self":[{"href":"https:\/\/emporiodoturquinho.com.br\/index.php?rest_route=\/wp\/v2\/product\/895","targetHints":{"allow":["GET"]}}],"collection":[{"href":"https:\/\/emporiodoturquinho.com.br\/index.php?rest_route=\/wp\/v2\/product"}],"about":[{"href":"https:\/\/emporiodoturquinho.com.br\/index.php?rest_route=\/wp\/v2\/types\/product"}],"replies":[{"embeddable":true,"href":"https:\/\/emporiodoturquinho.com.br\/index.php?rest_route=%2Fwp%2Fv2%2Fcomments&post=895"}],"wp:featuredmedia":[{"embeddable":true,"href":"https:\/\/emporiodoturquinho.com.br\/index.php?rest_route=\/wp\/v2\/media\/896"}],"wp:attachment":[{"href":"https:\/\/emporiodoturquinho.com.br\/index.php?rest_route=%2Fwp%2Fv2%2Fmedia&parent=895"}],"wp:term":[{"taxonomy":"product_cat","embeddable":true,"href":"https:\/\/emporiodoturquinho.com.br\/index.php?rest_route=%2Fwp%2Fv2%2Fproduct_cat&post=895"},{"taxonomy":"product_tag","embeddable":true,"href":"https:\/\/emporiodoturquinho.com.br\/index.php?rest_route=%2Fwp%2Fv2%2Fproduct_tag&post=895"}],"curies":[{"name":"wp","href":"https:\/\/api.w.org\/{rel}","templated":true}]}}