{"id":891,"date":"2024-05-22T15:28:05","date_gmt":"2024-05-22T18:28:05","guid":{"rendered":"https:\/\/emporiodoturquinho.com.br\/?post_type=product&#038;p=891"},"modified":"2024-05-22T15:28:05","modified_gmt":"2024-05-22T18:28:05","slug":"quitosana-500mg-60-capsulas","status":"publish","type":"product","link":"https:\/\/emporiodoturquinho.com.br\/?product=quitosana-500mg-60-capsulas","title":{"rendered":"QUITOSANA 500MG 60 C\u00c1PSULAS"},"content":{"rendered":"<p>Tabela nutricional<\/p>\n<p>INFORMA\u00c7\u00c3O NUTRICIONAL<\/p>\n<p>Por\u00e7\u00e3o 2g (4 c\u00e1psulas)<\/p>\n<p>Quantidade por por\u00e7\u00e3o<\/p>\n<p>%VD(*)<\/p>\n<p>Valor Energ\u00e9tico<\/p>\n<p>0kcal \/ 0kJ<\/p>\n<p>0%<\/p>\n<p>Carboidratos<\/p>\n<p>0,0g<\/p>\n<p>0%<\/p>\n<p>Prote\u00ednas<\/p>\n<p>0g<\/p>\n<p>0%<\/p>\n<p>Gorduras Totais<\/p>\n<p>0,0g<\/p>\n<p>0%<\/p>\n<p>Gorduras Saturadas<\/p>\n<p>0,0g<\/p>\n<p>0%<\/p>\n<p>Gorduras Trans<\/p>\n<p>0,0g<\/p>\n<p>**<\/p>\n<p>Fibra Alimentar<\/p>\n<p>2,28g<\/p>\n<p>9%<\/p>\n<p>S\u00f3dio<\/p>\n<p>0,00mg<\/p>\n<p>0%<\/p>\n<p>(*)% Valores di\u00e1rios de refer\u00eancia com base em uma dieta de 2000kcal ou 8400kJ. Seus valores di\u00e1rios podem ser maiores ou menores dependendo das suas necessidades energ\u00e9ticas.<\/p>\n<p>(**) Valor di\u00e1rio n\u00e3o estabelecido.<\/p>\n<p>&nbsp;<\/p>\n<p>Advert\u00eancias:<\/p>\n<p>Produto indicado para o grupo populacional \u2265 19 anos.<\/p>\n<p>Este produto n\u00e3o \u00e9 um medicamento.<\/p>\n<p>N\u00e3o exceder a recomenda\u00e7\u00e3o di\u00e1ria de consumo indicada na embalagem.<\/p>\n<p>Mantenha fora do alcance de crian\u00e7as.<\/p>\n<p>Conservar ao abrigo de luz, calor e umidade. Ap\u00f3s aberto consumir em at\u00e9 60 dias.<\/p>\n<p>&nbsp;<\/p>\n<p>N\u00e3o cont\u00e9m gl\u00faten<\/p>\n","protected":false},"excerpt":{"rendered":"<p>Quitosana \u00e9 um suplemento alimentar.<br \/>\nIngredientes: Quitosana em p\u00f3, umectante glicerina e gelatina.<br \/>\nRecomenda\u00e7\u00f5es de uso: Ingerir 2 (duas) c\u00e1psulas, 2 (duas) vezes ao dia.<\/p>\n","protected":false},"featured_media":892,"comment_status":"open","ping_status":"closed","template":"","meta":[],"product_cat":[37],"product_tag":[],"class_list":{"0":"post-891","1":"product","2":"type-product","3":"status-publish","4":"has-post-thumbnail","6":"product_cat-suplementos","8":"first","9":"instock","10":"shipping-taxable","11":"product-type-simple"},"supplier_id":null,"supplier_sku":"","barcode":null,"atum_controlled":true,"out_stock_date":null,"out_stock_threshold":null,"inheritable":false,"inbound_stock":null,"stock_on_hold":0,"sold_today":0,"sales_last_days":0,"reserved_stock":null,"customer_returns":null,"warehouse_damage":null,"lost_in_post":null,"other_logs":null,"out_stock_days":0,"lost_sales":0,"has_location":false,"update_date":"2026-04-22T12:24:25","atum_locations":[],"atum_stock_status":"instock","restock_status":false,"low_stock_amount":"","sales_update_date":"2026-04-22T12:24:25","calc_backorders":null,"_links":{"self":[{"href":"https:\/\/emporiodoturquinho.com.br\/index.php?rest_route=\/wp\/v2\/product\/891","targetHints":{"allow":["GET"]}}],"collection":[{"href":"https:\/\/emporiodoturquinho.com.br\/index.php?rest_route=\/wp\/v2\/product"}],"about":[{"href":"https:\/\/emporiodoturquinho.com.br\/index.php?rest_route=\/wp\/v2\/types\/product"}],"replies":[{"embeddable":true,"href":"https:\/\/emporiodoturquinho.com.br\/index.php?rest_route=%2Fwp%2Fv2%2Fcomments&post=891"}],"wp:featuredmedia":[{"embeddable":true,"href":"https:\/\/emporiodoturquinho.com.br\/index.php?rest_route=\/wp\/v2\/media\/892"}],"wp:attachment":[{"href":"https:\/\/emporiodoturquinho.com.br\/index.php?rest_route=%2Fwp%2Fv2%2Fmedia&parent=891"}],"wp:term":[{"taxonomy":"product_cat","embeddable":true,"href":"https:\/\/emporiodoturquinho.com.br\/index.php?rest_route=%2Fwp%2Fv2%2Fproduct_cat&post=891"},{"taxonomy":"product_tag","embeddable":true,"href":"https:\/\/emporiodoturquinho.com.br\/index.php?rest_route=%2Fwp%2Fv2%2Fproduct_tag&post=891"}],"curies":[{"name":"wp","href":"https:\/\/api.w.org\/{rel}","templated":true}]}}