{"id":889,"date":"2024-05-06T15:44:15","date_gmt":"2024-05-06T18:44:15","guid":{"rendered":"https:\/\/emporiodoturquinho.com.br\/?post_type=product&#038;p=889"},"modified":"2024-05-06T15:44:15","modified_gmt":"2024-05-06T18:44:15","slug":"berin-life-suco-de-beringela-500ml-100-natural-concentrado","status":"publish","type":"product","link":"https:\/\/emporiodoturquinho.com.br\/?product=berin-life-suco-de-beringela-500ml-100-natural-concentrado","title":{"rendered":"BERIN LIFE SUCO DE BERINGELA 500ML 100% NATURAL CONCENTRADO"},"content":{"rendered":"<p><strong>Beneficios:<\/strong><\/p>\n<ul>\n<li>Auxilia no combate a gordura no f\u00edgado<\/li>\n<li>Auxilia no controle da glicose no sangue<\/li>\n<li>Reduz os n\u00edveis de colesterol (LDL)Promove a sa\u00fade estomacal<\/li>\n<li>Inibe a compuls\u00e3o por digestivos e antioxidantes<\/li>\n<li>Auxilia em caso de \u00falceras, protege a mucosa do\u00a0est\u00f4mago<\/li>\n<li>Ajuda no controle da press\u00e3o arterial<\/li>\n<li>Promove sa\u00fade cardiovascular<\/li>\n<li>Previne doen\u00e7as do sistema urin\u00e1rio<\/li>\n<li>Ajuda a combater a obesidade<\/li>\n<\/ul>\n<p><strong>Ingredientes:<\/strong>\u00a0Camomila (Matricaria recutita),\u00a0Carqueja (Baccharis genistelloids),\u00a0Ch\u00e1 verde (Cam\u00e9lia sinensis),\u00a0Hortel\u00e3 (Mentha piperita),\u00a0Suco de berinjela (Solanum melongena),\u00a0Aromatizante natural de Quassia (Quassia amaral),\u00a0Corante Caramelo IV (INS 150d), Conservador Sorbato de Pot\u00e1ssio (INS 202)\u00a0e \u00c1gua pot\u00e1vel filtrada.<\/p>\n<p><strong>Informa\u00e7\u00e3o Nutricional:\u00a0<\/strong>N\u00e3o cont\u00e9m quantidade significativa de calorias,\u00a0carboidratos, prote\u00ednas, gorduras totais,\u00a0gorduras saturadas, gorduras trans,\u00a0fibra alimentar e s\u00f3dio.<\/p>\n","protected":false},"excerpt":{"rendered":"<p><strong>Berin Life<\/strong>\u00a0\u00e9 um concentrado de ervas selecionadas que auxiliam no combate e preven\u00e7\u00e3o a mais de 20 tipos de doen\u00e7as como: Gordura no f\u00edgado, manchas na pele, \u00e1cido \u00farico, boca amarga, diabetes, colesterol, azia, \u00falcera, gastrite, m\u00e1 digest\u00e3o e ressaca.Al\u00e9m de ser um redutor de peso Natural!<\/p>\n","protected":false},"featured_media":890,"comment_status":"open","ping_status":"closed","template":"","meta":[],"product_cat":[74],"product_tag":[],"class_list":{"0":"post-889","1":"product","2":"type-product","3":"status-publish","4":"has-post-thumbnail","6":"product_cat-chas-e-ervas","8":"first","9":"instock","10":"shipping-taxable","11":"product-type-simple"},"supplier_id":null,"supplier_sku":"","barcode":null,"atum_controlled":true,"out_stock_date":null,"out_stock_threshold":null,"inheritable":false,"inbound_stock":null,"stock_on_hold":0,"sold_today":0,"sales_last_days":0,"reserved_stock":null,"customer_returns":null,"warehouse_damage":null,"lost_in_post":null,"other_logs":null,"out_stock_days":0,"lost_sales":0,"has_location":false,"update_date":"2026-04-22T12:24:25","atum_locations":[],"atum_stock_status":"instock","restock_status":false,"low_stock_amount":"","sales_update_date":"2026-04-22T12:24:25","calc_backorders":null,"_links":{"self":[{"href":"https:\/\/emporiodoturquinho.com.br\/index.php?rest_route=\/wp\/v2\/product\/889","targetHints":{"allow":["GET"]}}],"collection":[{"href":"https:\/\/emporiodoturquinho.com.br\/index.php?rest_route=\/wp\/v2\/product"}],"about":[{"href":"https:\/\/emporiodoturquinho.com.br\/index.php?rest_route=\/wp\/v2\/types\/product"}],"replies":[{"embeddable":true,"href":"https:\/\/emporiodoturquinho.com.br\/index.php?rest_route=%2Fwp%2Fv2%2Fcomments&post=889"}],"wp:featuredmedia":[{"embeddable":true,"href":"https:\/\/emporiodoturquinho.com.br\/index.php?rest_route=\/wp\/v2\/media\/890"}],"wp:attachment":[{"href":"https:\/\/emporiodoturquinho.com.br\/index.php?rest_route=%2Fwp%2Fv2%2Fmedia&parent=889"}],"wp:term":[{"taxonomy":"product_cat","embeddable":true,"href":"https:\/\/emporiodoturquinho.com.br\/index.php?rest_route=%2Fwp%2Fv2%2Fproduct_cat&post=889"},{"taxonomy":"product_tag","embeddable":true,"href":"https:\/\/emporiodoturquinho.com.br\/index.php?rest_route=%2Fwp%2Fv2%2Fproduct_tag&post=889"}],"curies":[{"name":"wp","href":"https:\/\/api.w.org\/{rel}","templated":true}]}}