{"id":866,"date":"2024-05-02T14:11:21","date_gmt":"2024-05-02T17:11:21","guid":{"rendered":"https:\/\/emporiodoturquinho.com.br\/?post_type=product&#038;p=866"},"modified":"2024-05-02T14:11:21","modified_gmt":"2024-05-02T17:11:21","slug":"erva-mate-menta-e-limao","status":"publish","type":"product","link":"https:\/\/emporiodoturquinho.com.br\/?product=erva-mate-menta-e-limao","title":{"rendered":"ERVA-MATE MENTA E LIM\u00c3O"},"content":{"rendered":"","protected":false},"excerpt":{"rendered":"<div class=\"preview-subtitle-holder removable-parent order-handle\">\n<h3 id=\"vbid-2504ceb8-u7waqc8r\" class=\"preview-element preview-subtitle magic-circle-holder text-element quick-text-style-menu   allow-mobile-hide\" data-menu-name=\"PREVIEW_SUBTITLE\" data-orig-font-size=\"14\">Erva-mate para terer\u00e9 &#8211; 500g<\/h3>\n<\/div>\n<p>COMPOSI\u00c7\u00c3O: Ilex paraguariensis (erva-mate), Aroma artificial de menta e Aroma artificial de lim\u00e3o.<\/p>\n","protected":false},"featured_media":867,"comment_status":"open","ping_status":"closed","template":"","meta":[],"product_cat":[74],"product_tag":[],"class_list":{"0":"post-866","1":"product","2":"type-product","3":"status-publish","4":"has-post-thumbnail","6":"product_cat-chas-e-ervas","8":"first","9":"instock","10":"shipping-taxable","11":"product-type-simple"},"supplier_id":null,"supplier_sku":"","barcode":null,"atum_controlled":true,"out_stock_date":null,"out_stock_threshold":null,"inheritable":false,"inbound_stock":null,"stock_on_hold":0,"sold_today":0,"sales_last_days":0,"reserved_stock":null,"customer_returns":null,"warehouse_damage":null,"lost_in_post":null,"other_logs":null,"out_stock_days":0,"lost_sales":0,"has_location":false,"update_date":"2026-04-22T12:24:25","atum_locations":[],"atum_stock_status":"instock","restock_status":false,"low_stock_amount":"","sales_update_date":"2026-04-22T12:24:25","calc_backorders":null,"_links":{"self":[{"href":"https:\/\/emporiodoturquinho.com.br\/index.php?rest_route=\/wp\/v2\/product\/866","targetHints":{"allow":["GET"]}}],"collection":[{"href":"https:\/\/emporiodoturquinho.com.br\/index.php?rest_route=\/wp\/v2\/product"}],"about":[{"href":"https:\/\/emporiodoturquinho.com.br\/index.php?rest_route=\/wp\/v2\/types\/product"}],"replies":[{"embeddable":true,"href":"https:\/\/emporiodoturquinho.com.br\/index.php?rest_route=%2Fwp%2Fv2%2Fcomments&post=866"}],"wp:featuredmedia":[{"embeddable":true,"href":"https:\/\/emporiodoturquinho.com.br\/index.php?rest_route=\/wp\/v2\/media\/867"}],"wp:attachment":[{"href":"https:\/\/emporiodoturquinho.com.br\/index.php?rest_route=%2Fwp%2Fv2%2Fmedia&parent=866"}],"wp:term":[{"taxonomy":"product_cat","embeddable":true,"href":"https:\/\/emporiodoturquinho.com.br\/index.php?rest_route=%2Fwp%2Fv2%2Fproduct_cat&post=866"},{"taxonomy":"product_tag","embeddable":true,"href":"https:\/\/emporiodoturquinho.com.br\/index.php?rest_route=%2Fwp%2Fv2%2Fproduct_tag&post=866"}],"curies":[{"name":"wp","href":"https:\/\/api.w.org\/{rel}","templated":true}]}}