{"id":862,"date":"2024-05-02T13:59:10","date_gmt":"2024-05-02T16:59:10","guid":{"rendered":"https:\/\/emporiodoturquinho.com.br\/?post_type=product&#038;p=862"},"modified":"2024-05-02T13:59:10","modified_gmt":"2024-05-02T16:59:10","slug":"erva-mate-barao-tradicional-500gr","status":"publish","type":"product","link":"https:\/\/emporiodoturquinho.com.br\/?product=erva-mate-barao-tradicional-500gr","title":{"rendered":"ERVA MATE BAR\u00c3O TRADICIONAL 500gr"},"content":{"rendered":"<p><em>Indicado para quem procura um chimarr\u00e3o com sabor suave de tradi\u00e7\u00e3o<\/em><\/p>\n<p>Embalagem pl\u00e1stica laminada<br \/>\nPeso: 500g<\/p>\n<p>INFORMA\u00c7\u00c3O NUTRICIONAL: A Resolu\u00e7\u00e3o RDC n\u00ba 360, de 23 de dezembro de 2003, aprova Regulamento T\u00e9cnico sobre Rotulagem Nutricional de Alimentos Embalados, tornando obrigat\u00f3ria a rotulagem nutricional. No entanto, o presente Regulamento T\u00e9cnico n\u00e3o se aplica aos produtos caf\u00e9, erva mate, ch\u00e1 e outras ervas sem adi\u00e7\u00e3o de outros ingredientes. Este produto \u00e9 isento de registro conforme a RDC n\u00ba 23, de 2000 e a RDC n\u00ba 27, de 2010.<\/p>\n<p>Padr\u00e3o: Brasileiro<br \/>\nVariedade: Blend de ervais nativos e cultivados<br \/>\nProcesso:\u00a0 Secador rotativo e moagem em pil\u00e3o<\/p>\n<p>SEM ADI\u00c7\u00c3O DE A\u00c7\u00daCAR<\/p>\n","protected":false},"excerpt":{"rendered":"<p><strong>Erva Mate Bar\u00e3o Tradicional &#8211; V\u00e1cuo<\/strong><\/p>\n<p>A Erva-mate Bar\u00e3o Tradicional \u00e9 produzida com um blend especial que valoriza a qualidade dos ervais cultivados na regi\u00e3o de Bar\u00e3o de Cotegipe. Sua secagem \u00e9 realizada em secador rotativo, que confere a erva-mate uma cor mais intensa, um sabor herbal fresco levemente tostado e defumado. Embalada a v\u00e1cuo para garantir o frescor do sabor e da cor da erva-mate por at\u00e9 2 anos.<\/p>\n","protected":false},"featured_media":863,"comment_status":"open","ping_status":"closed","template":"","meta":[],"product_cat":[74],"product_tag":[],"class_list":{"0":"post-862","1":"product","2":"type-product","3":"status-publish","4":"has-post-thumbnail","6":"product_cat-chas-e-ervas","8":"first","9":"instock","10":"shipping-taxable","11":"product-type-simple"},"supplier_id":null,"supplier_sku":"","barcode":null,"atum_controlled":true,"out_stock_date":null,"out_stock_threshold":null,"inheritable":false,"inbound_stock":null,"stock_on_hold":0,"sold_today":0,"sales_last_days":0,"reserved_stock":null,"customer_returns":null,"warehouse_damage":null,"lost_in_post":null,"other_logs":null,"out_stock_days":0,"lost_sales":0,"has_location":false,"update_date":"2026-04-22T12:24:25","atum_locations":[],"atum_stock_status":"instock","restock_status":false,"low_stock_amount":"","sales_update_date":"2026-04-22T12:24:25","calc_backorders":null,"_links":{"self":[{"href":"https:\/\/emporiodoturquinho.com.br\/index.php?rest_route=\/wp\/v2\/product\/862","targetHints":{"allow":["GET"]}}],"collection":[{"href":"https:\/\/emporiodoturquinho.com.br\/index.php?rest_route=\/wp\/v2\/product"}],"about":[{"href":"https:\/\/emporiodoturquinho.com.br\/index.php?rest_route=\/wp\/v2\/types\/product"}],"replies":[{"embeddable":true,"href":"https:\/\/emporiodoturquinho.com.br\/index.php?rest_route=%2Fwp%2Fv2%2Fcomments&post=862"}],"wp:featuredmedia":[{"embeddable":true,"href":"https:\/\/emporiodoturquinho.com.br\/index.php?rest_route=\/wp\/v2\/media\/863"}],"wp:attachment":[{"href":"https:\/\/emporiodoturquinho.com.br\/index.php?rest_route=%2Fwp%2Fv2%2Fmedia&parent=862"}],"wp:term":[{"taxonomy":"product_cat","embeddable":true,"href":"https:\/\/emporiodoturquinho.com.br\/index.php?rest_route=%2Fwp%2Fv2%2Fproduct_cat&post=862"},{"taxonomy":"product_tag","embeddable":true,"href":"https:\/\/emporiodoturquinho.com.br\/index.php?rest_route=%2Fwp%2Fv2%2Fproduct_tag&post=862"}],"curies":[{"name":"wp","href":"https:\/\/api.w.org\/{rel}","templated":true}]}}