{"id":860,"date":"2024-04-24T15:20:43","date_gmt":"2024-04-24T18:20:43","guid":{"rendered":"https:\/\/emporiodoturquinho.com.br\/?post_type=product&#038;p=860"},"modified":"2024-04-24T15:20:43","modified_gmt":"2024-04-24T18:20:43","slug":"sabonete-liquido-revitaliza","status":"publish","type":"product","link":"https:\/\/emporiodoturquinho.com.br\/?product=sabonete-liquido-revitaliza","title":{"rendered":"SABONETE LIQUIDO REVITALIZA"},"content":{"rendered":"<p>Os sabonetes l\u00edquidos Florata s\u00e3o enriquecidos com \u00f3leos essenciais, o que lhes garante suavidade e deliciosos aromas, al\u00e9m de proporcionar \u00e0 pele um toque macio e principalmente as propriedades terap\u00eauticas das plantas.<br \/>\nCom ingredientes naturais e livre de aditivos qu\u00edmicos, a linha de sabonetes da Florata respeita a natureza e acima de tudo, voc\u00ea!<\/p>\n","protected":false},"excerpt":{"rendered":"<p>Os sabonetes l\u00edquidos Florata s\u00e3o enriquecidos com \u00f3leos essenciais, o que lhes garante suavidade e deliciosos aromas, al\u00e9m de proporcionar \u00e0 pele um toque macio e<span class=\"excerpt-hellip\"> [\u2026]<\/span><\/p>\n","protected":false},"featured_media":861,"comment_status":"open","ping_status":"closed","template":"","meta":[],"product_cat":[85,78],"product_tag":[],"class_list":{"0":"post-860","1":"product","2":"type-product","3":"status-publish","4":"has-post-thumbnail","6":"product_cat-florata-sabonetes-liquidos-enriquecidos-com-oleos-essenciais","7":"product_cat-oleos-essenciais","9":"first","10":"instock","11":"shipping-taxable","12":"product-type-simple"},"supplier_id":null,"supplier_sku":"","barcode":null,"atum_controlled":true,"out_stock_date":null,"out_stock_threshold":null,"inheritable":false,"inbound_stock":null,"stock_on_hold":0,"sold_today":0,"sales_last_days":0,"reserved_stock":null,"customer_returns":null,"warehouse_damage":null,"lost_in_post":null,"other_logs":null,"out_stock_days":0,"lost_sales":0,"has_location":false,"update_date":"2026-04-22T12:24:25","atum_locations":[],"atum_stock_status":"instock","restock_status":false,"low_stock_amount":"","sales_update_date":"2026-04-22T12:24:25","calc_backorders":null,"_links":{"self":[{"href":"https:\/\/emporiodoturquinho.com.br\/index.php?rest_route=\/wp\/v2\/product\/860","targetHints":{"allow":["GET"]}}],"collection":[{"href":"https:\/\/emporiodoturquinho.com.br\/index.php?rest_route=\/wp\/v2\/product"}],"about":[{"href":"https:\/\/emporiodoturquinho.com.br\/index.php?rest_route=\/wp\/v2\/types\/product"}],"replies":[{"embeddable":true,"href":"https:\/\/emporiodoturquinho.com.br\/index.php?rest_route=%2Fwp%2Fv2%2Fcomments&post=860"}],"wp:featuredmedia":[{"embeddable":true,"href":"https:\/\/emporiodoturquinho.com.br\/index.php?rest_route=\/wp\/v2\/media\/861"}],"wp:attachment":[{"href":"https:\/\/emporiodoturquinho.com.br\/index.php?rest_route=%2Fwp%2Fv2%2Fmedia&parent=860"}],"wp:term":[{"taxonomy":"product_cat","embeddable":true,"href":"https:\/\/emporiodoturquinho.com.br\/index.php?rest_route=%2Fwp%2Fv2%2Fproduct_cat&post=860"},{"taxonomy":"product_tag","embeddable":true,"href":"https:\/\/emporiodoturquinho.com.br\/index.php?rest_route=%2Fwp%2Fv2%2Fproduct_tag&post=860"}],"curies":[{"name":"wp","href":"https:\/\/api.w.org\/{rel}","templated":true}]}}