{"id":852,"date":"2024-04-24T15:17:10","date_gmt":"2024-04-24T18:17:10","guid":{"rendered":"https:\/\/emporiodoturquinho.com.br\/?post_type=product&#038;p=852"},"modified":"2024-04-24T15:23:54","modified_gmt":"2024-04-24T18:23:54","slug":"xo-teimosia","status":"publish","type":"product","link":"https:\/\/emporiodoturquinho.com.br\/?product=xo-teimosia","title":{"rendered":"\u00d3LEO ESSENCIAL KIDS  XO TEIMOSIA"},"content":{"rendered":"<p>As vezes o que procuramos \u00e9 uma alternativa natural e sem contraindica\u00e7\u00f5es para tratar \u00e0s crian\u00e7as e, pensando nisso, a Florata tem a linha de florais Kids.<\/p>\n<p>S\u00e3o sete temas que oferecem um complemento ao tratamento m\u00e9dico convencional.<\/p>\n<p>Nossos florais Kids s\u00e3o livres de \u00e1lcool, pois, valorizamos a leveza dos ingredientes oferecidos aos pequenos. Oferecidos puro ou dilu\u00eddos em \u00e1gua ou suco para atenuar o gosto, nossos florais s\u00e3o uma boa op\u00e7\u00e3o para ajudar na melhora de sintomas como ansiedade, teimosia, dificuldade no sono, entre outros problemas infantis.<\/p>\n","protected":false},"excerpt":{"rendered":"<p>As vezes o que procuramos \u00e9 uma alternativa natural e sem contraindica\u00e7\u00f5es para tratar \u00e0s crian\u00e7as e, pensando nisso, a Florata tem a linha de florais<span class=\"excerpt-hellip\"> [\u2026]<\/span><\/p>\n","protected":false},"featured_media":853,"comment_status":"open","ping_status":"closed","template":"","meta":[],"product_cat":[80,78],"product_tag":[],"class_list":{"0":"post-852","1":"product","2":"type-product","3":"status-publish","4":"has-post-thumbnail","6":"product_cat-florata-florais-linha-kids","7":"product_cat-oleos-essenciais","9":"first","10":"instock","11":"shipping-taxable","12":"product-type-simple"},"supplier_id":null,"supplier_sku":"","barcode":null,"atum_controlled":true,"out_stock_date":null,"out_stock_threshold":null,"inheritable":false,"inbound_stock":null,"stock_on_hold":0,"sold_today":0,"sales_last_days":0,"reserved_stock":null,"customer_returns":null,"warehouse_damage":null,"lost_in_post":null,"other_logs":null,"out_stock_days":0,"lost_sales":0,"has_location":false,"update_date":"2026-04-22T12:24:24","atum_locations":[],"atum_stock_status":"instock","restock_status":false,"low_stock_amount":"","sales_update_date":"2026-04-22T12:24:24","calc_backorders":null,"_links":{"self":[{"href":"https:\/\/emporiodoturquinho.com.br\/index.php?rest_route=\/wp\/v2\/product\/852","targetHints":{"allow":["GET"]}}],"collection":[{"href":"https:\/\/emporiodoturquinho.com.br\/index.php?rest_route=\/wp\/v2\/product"}],"about":[{"href":"https:\/\/emporiodoturquinho.com.br\/index.php?rest_route=\/wp\/v2\/types\/product"}],"replies":[{"embeddable":true,"href":"https:\/\/emporiodoturquinho.com.br\/index.php?rest_route=%2Fwp%2Fv2%2Fcomments&post=852"}],"wp:featuredmedia":[{"embeddable":true,"href":"https:\/\/emporiodoturquinho.com.br\/index.php?rest_route=\/wp\/v2\/media\/853"}],"wp:attachment":[{"href":"https:\/\/emporiodoturquinho.com.br\/index.php?rest_route=%2Fwp%2Fv2%2Fmedia&parent=852"}],"wp:term":[{"taxonomy":"product_cat","embeddable":true,"href":"https:\/\/emporiodoturquinho.com.br\/index.php?rest_route=%2Fwp%2Fv2%2Fproduct_cat&post=852"},{"taxonomy":"product_tag","embeddable":true,"href":"https:\/\/emporiodoturquinho.com.br\/index.php?rest_route=%2Fwp%2Fv2%2Fproduct_tag&post=852"}],"curies":[{"name":"wp","href":"https:\/\/api.w.org\/{rel}","templated":true}]}}