{"id":789,"date":"2024-04-24T14:53:17","date_gmt":"2024-04-24T17:53:17","guid":{"rendered":"https:\/\/emporiodoturquinho.com.br\/?post_type=product&#038;p=789"},"modified":"2024-04-24T15:30:46","modified_gmt":"2024-04-24T18:30:46","slug":"colim","status":"publish","type":"product","link":"https:\/\/emporiodoturquinho.com.br\/?product=colim","title":{"rendered":"\u00d3LEO ESSENCIAL BABY COLIM"},"content":{"rendered":"<p>Se tem algo que valorizamos, \u00e9 o bem estar dos pequenos. A fragilidade e a sensibilidade dos beb\u00eas foi cuidadosamente estudada para criar nossa linha de Blends Baby Florata. Combinando \u00f3leos essenciais delicados, por\u00e9m, ricos em propriedades medicinais, os Blends Choro, Colim, Sonim e Harmonia s\u00e3o ideais para proporcionar momentos de sa\u00fade e satisfa\u00e7\u00e3o. Dilu\u00eddos no suave \u00f3leo vegetal de semente de uva, nossos blends podem ser utilizados com seguran\u00e7a em beb\u00eas e crian\u00e7as. Desfrute dos benef\u00edcios e proporcione ao seu filho momentos de carinho e relaxamento com a linha baby.<\/p>\n","protected":false},"excerpt":{"rendered":"<p>Se tem algo que valorizamos, \u00e9 o bem estar dos pequenos. A fragilidade e a sensibilidade dos beb\u00eas foi cuidadosamente estudada para criar nossa linha de<span class=\"excerpt-hellip\"> [\u2026]<\/span><\/p>\n","protected":false},"featured_media":790,"comment_status":"open","ping_status":"closed","template":"","meta":[],"product_cat":[83,78],"product_tag":[],"class_list":{"0":"post-789","1":"product","2":"type-product","3":"status-publish","4":"has-post-thumbnail","6":"product_cat-florata-oleos-essenciais-linha-baby","7":"product_cat-oleos-essenciais","9":"first","10":"instock","11":"shipping-taxable","12":"product-type-simple"},"supplier_id":null,"supplier_sku":"","barcode":null,"atum_controlled":true,"out_stock_date":null,"out_stock_threshold":null,"inheritable":false,"inbound_stock":null,"stock_on_hold":0,"sold_today":0,"sales_last_days":0,"reserved_stock":null,"customer_returns":null,"warehouse_damage":null,"lost_in_post":null,"other_logs":null,"out_stock_days":0,"lost_sales":0,"has_location":false,"update_date":"2026-04-22T12:24:25","atum_locations":[],"atum_stock_status":"instock","restock_status":false,"low_stock_amount":"","sales_update_date":"2026-04-22T12:24:25","calc_backorders":null,"_links":{"self":[{"href":"https:\/\/emporiodoturquinho.com.br\/index.php?rest_route=\/wp\/v2\/product\/789","targetHints":{"allow":["GET"]}}],"collection":[{"href":"https:\/\/emporiodoturquinho.com.br\/index.php?rest_route=\/wp\/v2\/product"}],"about":[{"href":"https:\/\/emporiodoturquinho.com.br\/index.php?rest_route=\/wp\/v2\/types\/product"}],"replies":[{"embeddable":true,"href":"https:\/\/emporiodoturquinho.com.br\/index.php?rest_route=%2Fwp%2Fv2%2Fcomments&post=789"}],"wp:featuredmedia":[{"embeddable":true,"href":"https:\/\/emporiodoturquinho.com.br\/index.php?rest_route=\/wp\/v2\/media\/790"}],"wp:attachment":[{"href":"https:\/\/emporiodoturquinho.com.br\/index.php?rest_route=%2Fwp%2Fv2%2Fmedia&parent=789"}],"wp:term":[{"taxonomy":"product_cat","embeddable":true,"href":"https:\/\/emporiodoturquinho.com.br\/index.php?rest_route=%2Fwp%2Fv2%2Fproduct_cat&post=789"},{"taxonomy":"product_tag","embeddable":true,"href":"https:\/\/emporiodoturquinho.com.br\/index.php?rest_route=%2Fwp%2Fv2%2Fproduct_tag&post=789"}],"curies":[{"name":"wp","href":"https:\/\/api.w.org\/{rel}","templated":true}]}}