{"id":778,"date":"2024-04-24T14:48:46","date_gmt":"2024-04-24T17:48:46","guid":{"rendered":"https:\/\/emporiodoturquinho.com.br\/?post_type=product&#038;p=778"},"modified":"2024-04-24T15:31:57","modified_gmt":"2024-04-24T18:31:57","slug":"folego","status":"publish","type":"product","link":"https:\/\/emporiodoturquinho.com.br\/?product=folego","title":{"rendered":"\u00d3LEO ESSENCIAL BLEND FOLEGO"},"content":{"rendered":"<p>Pensando em potencializar os benef\u00edcios dos \u00f3leos essenciais, a Florata criou a linha Blend, com quatro novos produtos que combinam entre si as matrizes energ\u00e9ticas de diversos \u00f3leos essenciais. Produzidos para aflorar as mais diferentes sensa\u00e7\u00f5es, os blends Astral, F\u00f4lego, Sedu\u00e7\u00e3o e Sossego com certeza v\u00e3o proporcionar momentos de relaxamento e bem estar a voc\u00ea e sua fam\u00edlia.<\/p>\n","protected":false},"excerpt":{"rendered":"<p>Pensando em potencializar os benef\u00edcios dos \u00f3leos essenciais, a Florata criou a linha Blend, com quatro novos produtos que combinam entre si as matrizes energ\u00e9ticas de<span class=\"excerpt-hellip\"> [\u2026]<\/span><\/p>\n","protected":false},"featured_media":784,"comment_status":"open","ping_status":"closed","template":"","meta":[],"product_cat":[84,78],"product_tag":[],"class_list":{"0":"post-778","1":"product","2":"type-product","3":"status-publish","4":"has-post-thumbnail","6":"product_cat-florata-oleos-essenciais-linha-blends","7":"product_cat-oleos-essenciais","9":"first","10":"instock","11":"shipping-taxable","12":"product-type-simple"},"supplier_id":null,"supplier_sku":"","barcode":null,"atum_controlled":true,"out_stock_date":null,"out_stock_threshold":null,"inheritable":false,"inbound_stock":null,"stock_on_hold":0,"sold_today":0,"sales_last_days":0,"reserved_stock":null,"customer_returns":null,"warehouse_damage":null,"lost_in_post":null,"other_logs":null,"out_stock_days":0,"lost_sales":0,"has_location":false,"update_date":"2026-04-22T12:24:26","atum_locations":[],"atum_stock_status":"instock","restock_status":false,"low_stock_amount":"","sales_update_date":"2026-04-22T12:24:26","calc_backorders":null,"_links":{"self":[{"href":"https:\/\/emporiodoturquinho.com.br\/index.php?rest_route=\/wp\/v2\/product\/778","targetHints":{"allow":["GET"]}}],"collection":[{"href":"https:\/\/emporiodoturquinho.com.br\/index.php?rest_route=\/wp\/v2\/product"}],"about":[{"href":"https:\/\/emporiodoturquinho.com.br\/index.php?rest_route=\/wp\/v2\/types\/product"}],"replies":[{"embeddable":true,"href":"https:\/\/emporiodoturquinho.com.br\/index.php?rest_route=%2Fwp%2Fv2%2Fcomments&post=778"}],"wp:featuredmedia":[{"embeddable":true,"href":"https:\/\/emporiodoturquinho.com.br\/index.php?rest_route=\/wp\/v2\/media\/784"}],"wp:attachment":[{"href":"https:\/\/emporiodoturquinho.com.br\/index.php?rest_route=%2Fwp%2Fv2%2Fmedia&parent=778"}],"wp:term":[{"taxonomy":"product_cat","embeddable":true,"href":"https:\/\/emporiodoturquinho.com.br\/index.php?rest_route=%2Fwp%2Fv2%2Fproduct_cat&post=778"},{"taxonomy":"product_tag","embeddable":true,"href":"https:\/\/emporiodoturquinho.com.br\/index.php?rest_route=%2Fwp%2Fv2%2Fproduct_tag&post=778"}],"curies":[{"name":"wp","href":"https:\/\/api.w.org\/{rel}","templated":true}]}}