{"id":754,"date":"2024-04-24T14:10:44","date_gmt":"2024-04-24T17:10:44","guid":{"rendered":"https:\/\/emporiodoturquinho.com.br\/?post_type=product&#038;p=754"},"modified":"2024-04-24T15:33:05","modified_gmt":"2024-04-24T18:33:05","slug":"754","status":"publish","type":"product","link":"https:\/\/emporiodoturquinho.com.br\/?product=754","title":{"rendered":"\u00d3LEO ESSENCIAL PURO LARANJA DOCE"},"content":{"rendered":"<p>Descri\u00e7\u00e3o do produto:<br \/>\nEste \u00f3leo essencial, al\u00e9m do seu delicioso aroma c\u00edtrico, apresenta propriedades terap\u00eauticas calmantes, tranquilizantes e antiss\u00e9pticas. E por este motivo, auxilia na redu\u00e7\u00e3o do estresse, ansiedade e nervosismo, promove o relaxamento e induz o sono, e auxilia na digest\u00e3o.<br \/>\nModo de usar:<br \/>\nUso na pele, neste caso deve-se realizar a dilui\u00e7\u00e3o do \u00f3leo essencial em uma base carreadora neutra, que pode ser um \u00f3leo vegetal, creme ou outro.<\/p>\n<p>Via nasal ou olfativa: inalando o \u00f3leo.<\/p>\n<p>Via atmosf\u00e9rica: difusor el\u00e9trico, aromatizador el\u00e9trico, umidificador, difusor ultrass\u00f4nico, colar arom\u00e1tico, entre outros.<\/p>\n<p>Conservar em temperatura ambiente em local seco e arejado, longe da luz e calor.<br \/>\nPrecau\u00e7\u00f5es:<br \/>\n&#8211; N\u00e3o utilize \u00f3leo essencial dentro dos olhos, mesmo que este seja dilu\u00eddo ou puro. Em caso acidental, lavar abundantemente com \u00e1gua.<\/p>\n<p>&#8211; N\u00e3o utilizar\/aplicar \u00f3leo essencial puro em mucosas nasais. Sempre realizar a dilui\u00e7\u00e3o conforme indica\u00e7\u00e3o.<\/p>\n<p>&#8211; N\u00e3o injetar \u00f3leo essencial.<\/p>\n<p>&#8211; Nunca aplicar \u00f3leo essencial puro em peles sens\u00edveis, de beb\u00ea e de gr\u00e1vidas. Aos al\u00e9rgicos, realizar um teste de sensibilidade ao \u00f3leo essencial.<\/p>\n<p>&#8211; Manter fora do alcance de crian\u00e7as.<\/p>\n<p>-Os \u00f3leos essenciais (100 % puros) podem apresentar naturalmente compostos qu\u00edmicos que s\u00e3o considerados potencial al\u00e9rgenos. Dentre estes podemos citar: linalol, limoneno, citral, geraniol, citronelal, entre outros. No caso do \u00f3leo essencial de Laranja doce, os compostos qu\u00edmicos limoneno, linalol e citral est\u00e3o presentes em sua composi\u00e7\u00e3o. Por este motivo recomendamos a dilui\u00e7\u00e3o correta\u00a0para\u00a0uso.<\/p>\n<p>&#8211; N\u00e3o recomendamos a ingest\u00e3o de \u00f3leos essenciais, estes produtos podem apresentar efeitos irritativos ou serem agressivos em mucosas se administrados de forma inadequada. Sabemos que os \u00f3leos essenciais podem ser utilizados como aromatizantes naturais, por\u00e9m existe legisla\u00e7\u00e3o espec\u00edfica para esta forma de uso.<\/p>\n<p>A Florata \u00e9 registrada na Anvisa como uma empresa de produtos cosm\u00e9ticos, por este motivo n\u00e3o indicamos a ingest\u00e3o, assim como qualquer outra empresa do segmento.<\/p>\n<p>\u26a0\ufe0f ESTES PRODUTOS N\u00c3O S\u00c3O MEDICAMENTOS. CONSULTE SEMPRE UM M\u00c9DICO.<\/p>\n","protected":false},"excerpt":{"rendered":"<p>\u00d3leo Essencial de Laranja Doce<br \/>\nNome cient\u00edfico:<br \/>\nCitrus aurantium dulcis<\/p>\n<p>Nome popular:<br \/>\nLaranja Doce<\/p>\n<p>M\u00e9todo de extra\u00e7\u00e3o:<br \/>\nPrensagem<\/p>\n<p>Parte da planta:<br \/>\nCascas do fruto<\/p>\n<p>Principais componentes qu\u00edmicos:<br \/>\nLimoneno.<\/p>\n","protected":false},"featured_media":755,"comment_status":"open","ping_status":"closed","template":"","meta":[],"product_cat":[82,78],"product_tag":[],"class_list":{"0":"post-754","1":"product","2":"type-product","3":"status-publish","4":"has-post-thumbnail","6":"product_cat-florata-oleos-essenciais-linha-100-puros","7":"product_cat-oleos-essenciais","9":"first","10":"instock","11":"shipping-taxable","12":"product-type-simple"},"supplier_id":null,"supplier_sku":"","barcode":null,"atum_controlled":true,"out_stock_date":null,"out_stock_threshold":null,"inheritable":false,"inbound_stock":null,"stock_on_hold":0,"sold_today":0,"sales_last_days":0,"reserved_stock":null,"customer_returns":null,"warehouse_damage":null,"lost_in_post":null,"other_logs":null,"out_stock_days":0,"lost_sales":0,"has_location":false,"update_date":"2026-04-22T12:24:26","atum_locations":[],"atum_stock_status":"instock","restock_status":false,"low_stock_amount":"","sales_update_date":"2026-04-22T12:24:26","calc_backorders":null,"_links":{"self":[{"href":"https:\/\/emporiodoturquinho.com.br\/index.php?rest_route=\/wp\/v2\/product\/754","targetHints":{"allow":["GET"]}}],"collection":[{"href":"https:\/\/emporiodoturquinho.com.br\/index.php?rest_route=\/wp\/v2\/product"}],"about":[{"href":"https:\/\/emporiodoturquinho.com.br\/index.php?rest_route=\/wp\/v2\/types\/product"}],"replies":[{"embeddable":true,"href":"https:\/\/emporiodoturquinho.com.br\/index.php?rest_route=%2Fwp%2Fv2%2Fcomments&post=754"}],"wp:featuredmedia":[{"embeddable":true,"href":"https:\/\/emporiodoturquinho.com.br\/index.php?rest_route=\/wp\/v2\/media\/755"}],"wp:attachment":[{"href":"https:\/\/emporiodoturquinho.com.br\/index.php?rest_route=%2Fwp%2Fv2%2Fmedia&parent=754"}],"wp:term":[{"taxonomy":"product_cat","embeddable":true,"href":"https:\/\/emporiodoturquinho.com.br\/index.php?rest_route=%2Fwp%2Fv2%2Fproduct_cat&post=754"},{"taxonomy":"product_tag","embeddable":true,"href":"https:\/\/emporiodoturquinho.com.br\/index.php?rest_route=%2Fwp%2Fv2%2Fproduct_tag&post=754"}],"curies":[{"name":"wp","href":"https:\/\/api.w.org\/{rel}","templated":true}]}}