{"id":715,"date":"2024-01-26T15:40:37","date_gmt":"2024-01-26T18:40:37","guid":{"rendered":"http:\/\/emporiodoturquinho.com.br\/?post_type=product&#038;p=715"},"modified":"2024-01-26T15:40:37","modified_gmt":"2024-01-26T18:40:37","slug":"condrol-dimalex","status":"publish","type":"product","link":"https:\/\/emporiodoturquinho.com.br\/?product=condrol-dimalex","title":{"rendered":"CONDROL DIMALEX"},"content":{"rendered":"","protected":false},"excerpt":{"rendered":"<p>CONDROL DIMALEX 60 C\u00c1PSULAS 1000mg &#8211; UNILIFE<\/p>\n<p>Ingredientes: Magn\u00e9sio Dimalato, Col\u00e1geno Tipo II nativo, Menaquinona MK-7, Colecalciferol, estabilizante celulose microcristalina, lubrificantes: silicato de magn\u00e9sio e estearato de magn\u00e9sio, antiumectante di\u00f3xido de sil\u00edcio. N\u00c3O CONT\u00c9M GL\u00daTEN. LIVRE DE LACTOSE.<\/p>\n<p>Modo de ingest\u00e3o: sugere-se a ingest\u00e3o de 2 comprimidos ao dia. Ingerir com l\u00edquido.<\/p>\n","protected":false},"featured_media":716,"comment_status":"open","ping_status":"closed","template":"","meta":[],"product_cat":[37],"product_tag":[],"class_list":{"0":"post-715","1":"product","2":"type-product","3":"status-publish","4":"has-post-thumbnail","6":"product_cat-suplementos","8":"first","9":"instock","10":"shipping-taxable","11":"product-type-simple"},"supplier_id":null,"supplier_sku":"","barcode":null,"atum_controlled":true,"out_stock_date":null,"out_stock_threshold":null,"inheritable":false,"inbound_stock":0,"stock_on_hold":0,"sold_today":0,"sales_last_days":0,"reserved_stock":0,"customer_returns":0,"warehouse_damage":0,"lost_in_post":0,"other_logs":0,"out_stock_days":0,"lost_sales":0,"has_location":false,"update_date":"2026-04-22T12:24:26","atum_locations":[],"atum_stock_status":"instock","restock_status":false,"low_stock_amount":"","sales_update_date":"2026-04-22T12:24:26","calc_backorders":null,"_links":{"self":[{"href":"https:\/\/emporiodoturquinho.com.br\/index.php?rest_route=\/wp\/v2\/product\/715","targetHints":{"allow":["GET"]}}],"collection":[{"href":"https:\/\/emporiodoturquinho.com.br\/index.php?rest_route=\/wp\/v2\/product"}],"about":[{"href":"https:\/\/emporiodoturquinho.com.br\/index.php?rest_route=\/wp\/v2\/types\/product"}],"replies":[{"embeddable":true,"href":"https:\/\/emporiodoturquinho.com.br\/index.php?rest_route=%2Fwp%2Fv2%2Fcomments&post=715"}],"wp:featuredmedia":[{"embeddable":true,"href":"https:\/\/emporiodoturquinho.com.br\/index.php?rest_route=\/wp\/v2\/media\/716"}],"wp:attachment":[{"href":"https:\/\/emporiodoturquinho.com.br\/index.php?rest_route=%2Fwp%2Fv2%2Fmedia&parent=715"}],"wp:term":[{"taxonomy":"product_cat","embeddable":true,"href":"https:\/\/emporiodoturquinho.com.br\/index.php?rest_route=%2Fwp%2Fv2%2Fproduct_cat&post=715"},{"taxonomy":"product_tag","embeddable":true,"href":"https:\/\/emporiodoturquinho.com.br\/index.php?rest_route=%2Fwp%2Fv2%2Fproduct_tag&post=715"}],"curies":[{"name":"wp","href":"https:\/\/api.w.org\/{rel}","templated":true}]}}