{"id":711,"date":"2024-01-26T15:39:05","date_gmt":"2024-01-26T18:39:05","guid":{"rendered":"http:\/\/emporiodoturquinho.com.br\/?post_type=product&#038;p=711"},"modified":"2024-01-26T15:39:05","modified_gmt":"2024-01-26T18:39:05","slug":"hibisco-cha-soluvel-200gr","status":"publish","type":"product","link":"https:\/\/emporiodoturquinho.com.br\/?product=hibisco-cha-soluvel-200gr","title":{"rendered":"HIBISCO CH\u00c1 SOLUVEL &#8211; 200GR"},"content":{"rendered":"","protected":false},"excerpt":{"rendered":"<p>O Ch\u00e1 de Hibiscus Sol\u00favel \u00e9 uma forma pr\u00e1tica e r\u00e1pida de garantir todos os benef\u00edcios do ch\u00e1, basta misturar o p\u00f3 na \u00e1gua gelada ou quente e est\u00e1 pronto. Formulado a partir da flor de nome Hibiscus sabidariffa, rica em antocianinas e polifen\u00f3is, o ch\u00e1 de Hibisco ado\u00e7ado com stevia torna-se importante antioxidante natural (neutralizando os radicais livres, respons\u00e1veis pelo envelhecimento das c\u00e9lulas do organismo), al\u00e9m de estimular a queima de gordura corporal e combater a reten\u00e7\u00e3o de l\u00edquidos.<br \/>\nSugest\u00e3o de consumo: diluir 10g (01 colher de sopa) em 200ml de \u00e1gua gelada ou quente, at\u00e9 total dissolu\u00e7\u00e3o, 2 vezes ao dia. Antes de usar, agite a embalagem.<br \/>\nIngredientes: polidextrose, hibisco p\u00f3, acidulante \u00e1cido c\u00edtrico, antiumectante, fosfato tric\u00e1lcico, edulcorante, folha de est\u00e9via, aroma id\u00eantico ao natural de hibisco.<br \/>\nPRODUTO 100% NATURAL. ZERO ADI\u00c7\u00c3O DE A\u00c7\u00daCAR. N\u00c3O CONT\u00c9M GL\u00daTEN. AL\u00c9RGICOS: PODE CONTER TRA\u00c7OS DE SOJA E LACTOSE.<br \/>\nINDICADO PARA ADULTOS ACIMA DE 19 ANOS.<\/p>\n","protected":false},"featured_media":712,"comment_status":"open","ping_status":"closed","template":"","meta":[],"product_cat":[37],"product_tag":[],"class_list":{"0":"post-711","1":"product","2":"type-product","3":"status-publish","4":"has-post-thumbnail","6":"product_cat-suplementos","8":"first","9":"instock","10":"shipping-taxable","11":"product-type-simple"},"supplier_id":null,"supplier_sku":"","barcode":null,"atum_controlled":true,"out_stock_date":null,"out_stock_threshold":null,"inheritable":false,"inbound_stock":0,"stock_on_hold":0,"sold_today":0,"sales_last_days":0,"reserved_stock":0,"customer_returns":0,"warehouse_damage":0,"lost_in_post":0,"other_logs":0,"out_stock_days":0,"lost_sales":0,"has_location":false,"update_date":"2026-04-22T12:24:26","atum_locations":[],"atum_stock_status":"instock","restock_status":false,"low_stock_amount":"","sales_update_date":"2026-04-22T12:24:26","calc_backorders":null,"_links":{"self":[{"href":"https:\/\/emporiodoturquinho.com.br\/index.php?rest_route=\/wp\/v2\/product\/711","targetHints":{"allow":["GET"]}}],"collection":[{"href":"https:\/\/emporiodoturquinho.com.br\/index.php?rest_route=\/wp\/v2\/product"}],"about":[{"href":"https:\/\/emporiodoturquinho.com.br\/index.php?rest_route=\/wp\/v2\/types\/product"}],"replies":[{"embeddable":true,"href":"https:\/\/emporiodoturquinho.com.br\/index.php?rest_route=%2Fwp%2Fv2%2Fcomments&post=711"}],"wp:featuredmedia":[{"embeddable":true,"href":"https:\/\/emporiodoturquinho.com.br\/index.php?rest_route=\/wp\/v2\/media\/712"}],"wp:attachment":[{"href":"https:\/\/emporiodoturquinho.com.br\/index.php?rest_route=%2Fwp%2Fv2%2Fmedia&parent=711"}],"wp:term":[{"taxonomy":"product_cat","embeddable":true,"href":"https:\/\/emporiodoturquinho.com.br\/index.php?rest_route=%2Fwp%2Fv2%2Fproduct_cat&post=711"},{"taxonomy":"product_tag","embeddable":true,"href":"https:\/\/emporiodoturquinho.com.br\/index.php?rest_route=%2Fwp%2Fv2%2Fproduct_tag&post=711"}],"curies":[{"name":"wp","href":"https:\/\/api.w.org\/{rel}","templated":true}]}}