{"id":709,"date":"2024-01-26T15:38:31","date_gmt":"2024-01-26T18:38:31","guid":{"rendered":"http:\/\/emporiodoturquinho.com.br\/?post_type=product&#038;p=709"},"modified":"2024-01-26T15:38:31","modified_gmt":"2024-01-26T18:38:31","slug":"l-triptofano-com-vitaminas","status":"publish","type":"product","link":"https:\/\/emporiodoturquinho.com.br\/?product=l-triptofano-com-vitaminas","title":{"rendered":"L TRIPTOFANO COM VITAMINAS"},"content":{"rendered":"","protected":false},"excerpt":{"rendered":"<p>Ingredientes: Bisglicintato de magn\u00e9sio, L-triptofano, nicotinamida, cloridrato de piridoxina, antiumectantes: estearato de magn\u00e9sio e di\u00f3xido de sil\u00edcio.<br \/>\nC\u00e1psula: gelatina vegetariana e \u00e1gua.<br \/>\nModo de ingest\u00e3o: sugere-se a ingest\u00e3o de 2 c\u00e1psulas a noite antes de deitar. Ingerir com l\u00edquido.<\/p>\n","protected":false},"featured_media":710,"comment_status":"open","ping_status":"closed","template":"","meta":[],"product_cat":[37],"product_tag":[],"class_list":{"0":"post-709","1":"product","2":"type-product","3":"status-publish","4":"has-post-thumbnail","6":"product_cat-suplementos","8":"first","9":"instock","10":"shipping-taxable","11":"product-type-simple"},"supplier_id":null,"supplier_sku":"","barcode":null,"atum_controlled":true,"out_stock_date":null,"out_stock_threshold":null,"inheritable":false,"inbound_stock":0,"stock_on_hold":0,"sold_today":0,"sales_last_days":0,"reserved_stock":0,"customer_returns":0,"warehouse_damage":0,"lost_in_post":0,"other_logs":0,"out_stock_days":0,"lost_sales":0,"has_location":false,"update_date":"2026-04-22T12:24:26","atum_locations":[],"atum_stock_status":"instock","restock_status":false,"low_stock_amount":"","sales_update_date":"2026-04-22T12:24:26","calc_backorders":null,"_links":{"self":[{"href":"https:\/\/emporiodoturquinho.com.br\/index.php?rest_route=\/wp\/v2\/product\/709","targetHints":{"allow":["GET"]}}],"collection":[{"href":"https:\/\/emporiodoturquinho.com.br\/index.php?rest_route=\/wp\/v2\/product"}],"about":[{"href":"https:\/\/emporiodoturquinho.com.br\/index.php?rest_route=\/wp\/v2\/types\/product"}],"replies":[{"embeddable":true,"href":"https:\/\/emporiodoturquinho.com.br\/index.php?rest_route=%2Fwp%2Fv2%2Fcomments&post=709"}],"wp:featuredmedia":[{"embeddable":true,"href":"https:\/\/emporiodoturquinho.com.br\/index.php?rest_route=\/wp\/v2\/media\/710"}],"wp:attachment":[{"href":"https:\/\/emporiodoturquinho.com.br\/index.php?rest_route=%2Fwp%2Fv2%2Fmedia&parent=709"}],"wp:term":[{"taxonomy":"product_cat","embeddable":true,"href":"https:\/\/emporiodoturquinho.com.br\/index.php?rest_route=%2Fwp%2Fv2%2Fproduct_cat&post=709"},{"taxonomy":"product_tag","embeddable":true,"href":"https:\/\/emporiodoturquinho.com.br\/index.php?rest_route=%2Fwp%2Fv2%2Fproduct_tag&post=709"}],"curies":[{"name":"wp","href":"https:\/\/api.w.org\/{rel}","templated":true}]}}