{"id":705,"date":"2024-01-26T15:37:31","date_gmt":"2024-01-26T18:37:31","guid":{"rendered":"http:\/\/emporiodoturquinho.com.br\/?post_type=product&#038;p=705"},"modified":"2024-01-26T15:37:31","modified_gmt":"2024-01-26T18:37:31","slug":"oleo-de-semente-de-uva-120-capsulas","status":"publish","type":"product","link":"https:\/\/emporiodoturquinho.com.br\/?product=oleo-de-semente-de-uva-120-capsulas","title":{"rendered":"\u00d3LEO DE SEMENTE DE UVA &#8211; 120 C\u00c1PSULAS"},"content":{"rendered":"<p>Extra\u00eddo da semente da uva, tem elevado teor de vitamina E, \u00f4mega-6 e \u00f4mega-9, que s\u00e3o respons\u00e1veis pela regenera\u00e7\u00e3o e manuten\u00e7\u00e3o dos tecidos. Auxilia na regula\u00e7\u00e3o do colesterol e triglicer\u00eddeos, al\u00e9m de ser antioxidante.<br \/>\nIngredientes: \u00d3leo de semente de uva. Modo de ingest\u00e3o: Sugere-se a ingest\u00e3o de 2 c\u00e1psulas ao dia, ap\u00f3s a principal refei\u00e7\u00e3o. Ingerir com l\u00edquido. Condi\u00e7\u00f5es de armazenamento: Conserve o produto bem fechado, em temperatura entre 15\u00baC e 30\u00baC e umidade relativa do ar entre 35% e 65%.<br \/>\nO Minist\u00e9rio da Sa\u00fade adverte: N\u00e3o existem evid\u00eancias cient\u00edficas comprovadas que este alimento previna, trate ou cure doen\u00e7as.<\/p>\n","protected":false},"excerpt":{"rendered":"<p>Extra\u00eddo da semente da uva, tem elevado teor de vitamina E, \u00f4mega-6 e \u00f4mega-9, que s\u00e3o respons\u00e1veis pela regenera\u00e7\u00e3o e manuten\u00e7\u00e3o dos tecidos. Auxilia na regula\u00e7\u00e3o<span class=\"excerpt-hellip\"> [\u2026]<\/span><\/p>\n","protected":false},"featured_media":706,"comment_status":"open","ping_status":"closed","template":"","meta":[],"product_cat":[37],"product_tag":[],"class_list":{"0":"post-705","1":"product","2":"type-product","3":"status-publish","4":"has-post-thumbnail","6":"product_cat-suplementos","8":"first","9":"instock","10":"shipping-taxable","11":"product-type-simple"},"supplier_id":null,"supplier_sku":"","barcode":null,"atum_controlled":true,"out_stock_date":null,"out_stock_threshold":null,"inheritable":false,"inbound_stock":0,"stock_on_hold":0,"sold_today":0,"sales_last_days":0,"reserved_stock":0,"customer_returns":0,"warehouse_damage":0,"lost_in_post":0,"other_logs":0,"out_stock_days":0,"lost_sales":0,"has_location":false,"update_date":"2026-04-22T12:24:26","atum_locations":[],"atum_stock_status":"instock","restock_status":false,"low_stock_amount":"","sales_update_date":"2026-04-22T12:24:26","calc_backorders":null,"_links":{"self":[{"href":"https:\/\/emporiodoturquinho.com.br\/index.php?rest_route=\/wp\/v2\/product\/705","targetHints":{"allow":["GET"]}}],"collection":[{"href":"https:\/\/emporiodoturquinho.com.br\/index.php?rest_route=\/wp\/v2\/product"}],"about":[{"href":"https:\/\/emporiodoturquinho.com.br\/index.php?rest_route=\/wp\/v2\/types\/product"}],"replies":[{"embeddable":true,"href":"https:\/\/emporiodoturquinho.com.br\/index.php?rest_route=%2Fwp%2Fv2%2Fcomments&post=705"}],"wp:featuredmedia":[{"embeddable":true,"href":"https:\/\/emporiodoturquinho.com.br\/index.php?rest_route=\/wp\/v2\/media\/706"}],"wp:attachment":[{"href":"https:\/\/emporiodoturquinho.com.br\/index.php?rest_route=%2Fwp%2Fv2%2Fmedia&parent=705"}],"wp:term":[{"taxonomy":"product_cat","embeddable":true,"href":"https:\/\/emporiodoturquinho.com.br\/index.php?rest_route=%2Fwp%2Fv2%2Fproduct_cat&post=705"},{"taxonomy":"product_tag","embeddable":true,"href":"https:\/\/emporiodoturquinho.com.br\/index.php?rest_route=%2Fwp%2Fv2%2Fproduct_tag&post=705"}],"curies":[{"name":"wp","href":"https:\/\/api.w.org\/{rel}","templated":true}]}}