{"id":703,"date":"2024-01-26T15:36:58","date_gmt":"2024-01-26T18:36:58","guid":{"rendered":"http:\/\/emporiodoturquinho.com.br\/?post_type=product&#038;p=703"},"modified":"2024-01-26T15:36:58","modified_gmt":"2024-01-26T18:36:58","slug":"ora-pro-nobis-60-e-120-capsulas","status":"publish","type":"product","link":"https:\/\/emporiodoturquinho.com.br\/?product=ora-pro-nobis-60-e-120-capsulas","title":{"rendered":"ORA PRO-N\u00d3BIS 60 E 120 C\u00c1PSULAS"},"content":{"rendered":"","protected":false},"excerpt":{"rendered":"<p>A Ora-pro-n\u00f3bis (Pereskia aculeata) \u00e9 uma planta r\u00fastica, origin\u00e1ria do continente americano. Destaca-se a presen\u00e7a de caroten\u00f3ides como o betacaroteno e a lute\u00edna. \u00c9 rica em vitamina C e pr\u00f3-vitamina A.<\/p>\n<p>Sugest\u00e3o de uso:<br \/>\nSugere-se a ingest\u00e3o de 4 c\u00e1psulas ao dia, antes da principal refei\u00e7\u00e3o. Ingerir com l\u00edquido.<\/p>\n","protected":false},"featured_media":704,"comment_status":"open","ping_status":"closed","template":"","meta":[],"product_cat":[37],"product_tag":[],"class_list":{"0":"post-703","1":"product","2":"type-product","3":"status-publish","4":"has-post-thumbnail","6":"product_cat-suplementos","8":"first","9":"instock","10":"shipping-taxable","11":"product-type-simple"},"supplier_id":null,"supplier_sku":"","barcode":null,"atum_controlled":true,"out_stock_date":null,"out_stock_threshold":null,"inheritable":false,"inbound_stock":0,"stock_on_hold":0,"sold_today":0,"sales_last_days":0,"reserved_stock":0,"customer_returns":0,"warehouse_damage":0,"lost_in_post":0,"other_logs":0,"out_stock_days":0,"lost_sales":0,"has_location":false,"update_date":"2026-04-22T12:24:26","atum_locations":[],"atum_stock_status":"instock","restock_status":false,"low_stock_amount":"","sales_update_date":"2026-04-22T12:24:26","calc_backorders":null,"_links":{"self":[{"href":"https:\/\/emporiodoturquinho.com.br\/index.php?rest_route=\/wp\/v2\/product\/703","targetHints":{"allow":["GET"]}}],"collection":[{"href":"https:\/\/emporiodoturquinho.com.br\/index.php?rest_route=\/wp\/v2\/product"}],"about":[{"href":"https:\/\/emporiodoturquinho.com.br\/index.php?rest_route=\/wp\/v2\/types\/product"}],"replies":[{"embeddable":true,"href":"https:\/\/emporiodoturquinho.com.br\/index.php?rest_route=%2Fwp%2Fv2%2Fcomments&post=703"}],"wp:featuredmedia":[{"embeddable":true,"href":"https:\/\/emporiodoturquinho.com.br\/index.php?rest_route=\/wp\/v2\/media\/704"}],"wp:attachment":[{"href":"https:\/\/emporiodoturquinho.com.br\/index.php?rest_route=%2Fwp%2Fv2%2Fmedia&parent=703"}],"wp:term":[{"taxonomy":"product_cat","embeddable":true,"href":"https:\/\/emporiodoturquinho.com.br\/index.php?rest_route=%2Fwp%2Fv2%2Fproduct_cat&post=703"},{"taxonomy":"product_tag","embeddable":true,"href":"https:\/\/emporiodoturquinho.com.br\/index.php?rest_route=%2Fwp%2Fv2%2Fproduct_tag&post=703"}],"curies":[{"name":"wp","href":"https:\/\/api.w.org\/{rel}","templated":true}]}}