{"id":701,"date":"2024-01-26T15:36:24","date_gmt":"2024-01-26T18:36:24","guid":{"rendered":"http:\/\/emporiodoturquinho.com.br\/?post_type=product&#038;p=701"},"modified":"2024-01-26T15:36:24","modified_gmt":"2024-01-26T18:36:24","slug":"psylliumax-psyllium-120-capsulas","status":"publish","type":"product","link":"https:\/\/emporiodoturquinho.com.br\/?product=psylliumax-psyllium-120-capsulas","title":{"rendered":"PSYLLIUMAX &#8211; PSYLLIUM 120 C\u00c1PSULAS"},"content":{"rendered":"","protected":false},"excerpt":{"rendered":"<p>O psyllium \u00e9 uma rica fonte de fibras sol\u00faveis. Segundo o Minist\u00e9rio da Sa\u00fade, o psyllium (fibra alimentar) auxilia na redu\u00e7\u00e3o da absor\u00e7\u00e3o de gordura. Seu consumo deve estar associado a uma alimenta\u00e7\u00e3o equilibrada e h\u00e1bitos de vida saud\u00e1veis. N\u00e3o cont\u00e9m quantidades significativas de carboidratos, prote\u00ednas, gorduras totais, gorduras saturadas, gorduras trans e s\u00f3dio. Ingredientes: Psyllium em p\u00f3. Modo de ingest\u00e3o: Sugere-se a ingest\u00e3o de 7 c\u00e1psulas ao dia, antes da principal refei\u00e7\u00e3o. O consumo deste produto deve ser acompanhado da ingest\u00e3o de l\u00edquidos. Condi\u00e7\u00f5es de armazenamento: Conserve o produto bem fechado, em temperatura entre 15\u00baC e 25\u00baC e umidade relativa do ar entre 35% e 65%. Informa\u00e7\u00f5es: O Psyllium (fibra alimentar) auxilia na redu\u00e7\u00e3o da absor\u00e7\u00e3o de gordura. Seu consumo deve estar associado a uma alimenta\u00e7\u00e3o equilibrada e h\u00e1bitos de vida saud\u00e1veis.<\/p>\n","protected":false},"featured_media":702,"comment_status":"open","ping_status":"closed","template":"","meta":[],"product_cat":[37],"product_tag":[],"class_list":{"0":"post-701","1":"product","2":"type-product","3":"status-publish","4":"has-post-thumbnail","6":"product_cat-suplementos","8":"first","9":"instock","10":"shipping-taxable","11":"product-type-simple"},"supplier_id":null,"supplier_sku":"","barcode":null,"atum_controlled":true,"out_stock_date":null,"out_stock_threshold":null,"inheritable":false,"inbound_stock":0,"stock_on_hold":0,"sold_today":0,"sales_last_days":0,"reserved_stock":0,"customer_returns":0,"warehouse_damage":0,"lost_in_post":0,"other_logs":0,"out_stock_days":0,"lost_sales":0,"has_location":false,"update_date":"2026-04-22T12:24:26","atum_locations":[],"atum_stock_status":"instock","restock_status":false,"low_stock_amount":"","sales_update_date":"2026-04-22T12:24:26","calc_backorders":null,"_links":{"self":[{"href":"https:\/\/emporiodoturquinho.com.br\/index.php?rest_route=\/wp\/v2\/product\/701","targetHints":{"allow":["GET"]}}],"collection":[{"href":"https:\/\/emporiodoturquinho.com.br\/index.php?rest_route=\/wp\/v2\/product"}],"about":[{"href":"https:\/\/emporiodoturquinho.com.br\/index.php?rest_route=\/wp\/v2\/types\/product"}],"replies":[{"embeddable":true,"href":"https:\/\/emporiodoturquinho.com.br\/index.php?rest_route=%2Fwp%2Fv2%2Fcomments&post=701"}],"wp:featuredmedia":[{"embeddable":true,"href":"https:\/\/emporiodoturquinho.com.br\/index.php?rest_route=\/wp\/v2\/media\/702"}],"wp:attachment":[{"href":"https:\/\/emporiodoturquinho.com.br\/index.php?rest_route=%2Fwp%2Fv2%2Fmedia&parent=701"}],"wp:term":[{"taxonomy":"product_cat","embeddable":true,"href":"https:\/\/emporiodoturquinho.com.br\/index.php?rest_route=%2Fwp%2Fv2%2Fproduct_cat&post=701"},{"taxonomy":"product_tag","embeddable":true,"href":"https:\/\/emporiodoturquinho.com.br\/index.php?rest_route=%2Fwp%2Fv2%2Fproduct_tag&post=701"}],"curies":[{"name":"wp","href":"https:\/\/api.w.org\/{rel}","templated":true}]}}