{"id":699,"date":"2024-01-26T15:35:29","date_gmt":"2024-01-26T18:35:29","guid":{"rendered":"http:\/\/emporiodoturquinho.com.br\/?post_type=product&#038;p=699"},"modified":"2024-01-26T15:35:29","modified_gmt":"2024-01-26T18:35:29","slug":"selenio-quelato","status":"publish","type":"product","link":"https:\/\/emporiodoturquinho.com.br\/?product=selenio-quelato","title":{"rendered":"SEL\u00caNIO QUELATO"},"content":{"rendered":"","protected":false},"excerpt":{"rendered":"<p>Participa na regenera\u00e7\u00e3o de v\u00e1rios sistemas antioxidantes e auxilia na fun\u00e7\u00e3o hormonal da tireoide. N\u00e3o cont\u00e9m quantidades significativas de carboidratos, prote\u00ednas, gorduras totais, gorduras saturadas, gorduras trans, fibra alimentar e s\u00f3dio.<br \/>\nIngredientes: sel\u00eanio quelato e excipiente q.s.p. 500 mg. Peso total da c\u00e1psula: 500mg.<br \/>\nModo de ingest\u00e3o: sugere-se a ingest\u00e3o de 1 c\u00e1psula ao dia, ap\u00f3s a refei\u00e7\u00e3o. Ingerir com l\u00edquido. Condi\u00e7\u00f5es de armazenamento: Conserve o produto bem fechado, em temperatura entre 15\u00baC e 25\u00baC e umidade relativa do ar entre 35% e 65%. Informa\u00e7\u00f5es: Gestantes, nutrizes e crian\u00e7as at\u00e9 3 (tr\u00eas) anos, somente devem consumir este produto sob orienta\u00e7\u00e3o de nutricionista ou m\u00e9dico. Consumir este produto conforme recomenda\u00e7\u00e3o de ingest\u00e3o di\u00e1ria constante na embalagem. N\u00e3o consumir mais que 1 c\u00e1psula ao dia.<\/p>\n","protected":false},"featured_media":700,"comment_status":"open","ping_status":"closed","template":"","meta":[],"product_cat":[37],"product_tag":[],"class_list":{"0":"post-699","1":"product","2":"type-product","3":"status-publish","4":"has-post-thumbnail","6":"product_cat-suplementos","8":"first","9":"instock","10":"shipping-taxable","11":"product-type-simple"},"supplier_id":null,"supplier_sku":"","barcode":null,"atum_controlled":true,"out_stock_date":null,"out_stock_threshold":null,"inheritable":false,"inbound_stock":0,"stock_on_hold":0,"sold_today":0,"sales_last_days":0,"reserved_stock":0,"customer_returns":0,"warehouse_damage":0,"lost_in_post":0,"other_logs":0,"out_stock_days":0,"lost_sales":0,"has_location":false,"update_date":"2026-04-22T12:24:25","atum_locations":[],"atum_stock_status":"instock","restock_status":false,"low_stock_amount":"","sales_update_date":"2026-04-22T12:24:25","calc_backorders":null,"_links":{"self":[{"href":"https:\/\/emporiodoturquinho.com.br\/index.php?rest_route=\/wp\/v2\/product\/699","targetHints":{"allow":["GET"]}}],"collection":[{"href":"https:\/\/emporiodoturquinho.com.br\/index.php?rest_route=\/wp\/v2\/product"}],"about":[{"href":"https:\/\/emporiodoturquinho.com.br\/index.php?rest_route=\/wp\/v2\/types\/product"}],"replies":[{"embeddable":true,"href":"https:\/\/emporiodoturquinho.com.br\/index.php?rest_route=%2Fwp%2Fv2%2Fcomments&post=699"}],"wp:featuredmedia":[{"embeddable":true,"href":"https:\/\/emporiodoturquinho.com.br\/index.php?rest_route=\/wp\/v2\/media\/700"}],"wp:attachment":[{"href":"https:\/\/emporiodoturquinho.com.br\/index.php?rest_route=%2Fwp%2Fv2%2Fmedia&parent=699"}],"wp:term":[{"taxonomy":"product_cat","embeddable":true,"href":"https:\/\/emporiodoturquinho.com.br\/index.php?rest_route=%2Fwp%2Fv2%2Fproduct_cat&post=699"},{"taxonomy":"product_tag","embeddable":true,"href":"https:\/\/emporiodoturquinho.com.br\/index.php?rest_route=%2Fwp%2Fv2%2Fproduct_tag&post=699"}],"curies":[{"name":"wp","href":"https:\/\/api.w.org\/{rel}","templated":true}]}}