{"id":697,"date":"2024-01-26T15:34:59","date_gmt":"2024-01-26T18:34:59","guid":{"rendered":"http:\/\/emporiodoturquinho.com.br\/?post_type=product&#038;p=697"},"modified":"2024-01-26T15:34:59","modified_gmt":"2024-01-26T18:34:59","slug":"vegan-protein-protein-chocolate-900g","status":"publish","type":"product","link":"https:\/\/emporiodoturquinho.com.br\/?product=vegan-protein-protein-chocolate-900g","title":{"rendered":"VEGAN PROTEIN PROTEIN CHOCOLATE 900G"},"content":{"rendered":"<p>Ingredientes: prote\u00edna isolada de soja, prote\u00edna de ervilha, prote\u00edna de arroz integral, polpa de morango, farinha de beterraba, \u00e1cido asc\u00f3rbico, zinco quelato, acetato de tocoferol, niacina, piridoxina, cianocobalamina, aroma id\u00eantico ao natural de morango, aroma id\u00eantico ao natural de baunilha, antiumectante fosfato tric\u00e1lcico, edulcorantes naturais: taumatina e glicos\u00eddeos de steviol, edulcorante sucralose.<\/p>\n<p>N\u00c3O CONT\u00c9M GL\u00daTEN. N\u00c3O CONT\u00c9M COLESTEROL. LIVRE DE LACTOSE.<\/p>\n","protected":false},"excerpt":{"rendered":"<p>Suplemento proteico 100% vegetal para atletas<\/p>\n<p>Desenvolvido para atender \u00e0s necessidades proteicas de pessoas e\/ou atletas com dieta restrita de prote\u00edna animal. Elaborado a partir de prote\u00ednas 100% vegetal de alto valor biol\u00f3gico, \u00e9 rico em amino\u00e1cidos essenciais como o BCAA.<\/p>\n<p>22g de prote\u00ednas na por\u00e7\u00e3o<\/p>\n<p>Modo de ingest\u00e3o: adicione 3 scoop (30g) de W-Pro Vegan Protein em 300 ml de \u00e1gua. Mexa bem.<br \/>\nAcompanha 1 scoop<\/p>\n","protected":false},"featured_media":698,"comment_status":"open","ping_status":"closed","template":"","meta":[],"product_cat":[37],"product_tag":[],"class_list":{"0":"post-697","1":"product","2":"type-product","3":"status-publish","4":"has-post-thumbnail","6":"product_cat-suplementos","8":"first","9":"instock","10":"shipping-taxable","11":"product-type-simple"},"supplier_id":null,"supplier_sku":"","barcode":null,"atum_controlled":true,"out_stock_date":null,"out_stock_threshold":null,"inheritable":false,"inbound_stock":0,"stock_on_hold":0,"sold_today":0,"sales_last_days":0,"reserved_stock":0,"customer_returns":0,"warehouse_damage":0,"lost_in_post":0,"other_logs":0,"out_stock_days":0,"lost_sales":0,"has_location":false,"update_date":"2026-04-22T12:24:26","atum_locations":[],"atum_stock_status":"instock","restock_status":false,"low_stock_amount":"","sales_update_date":"2026-04-22T12:24:26","calc_backorders":null,"_links":{"self":[{"href":"https:\/\/emporiodoturquinho.com.br\/index.php?rest_route=\/wp\/v2\/product\/697","targetHints":{"allow":["GET"]}}],"collection":[{"href":"https:\/\/emporiodoturquinho.com.br\/index.php?rest_route=\/wp\/v2\/product"}],"about":[{"href":"https:\/\/emporiodoturquinho.com.br\/index.php?rest_route=\/wp\/v2\/types\/product"}],"replies":[{"embeddable":true,"href":"https:\/\/emporiodoturquinho.com.br\/index.php?rest_route=%2Fwp%2Fv2%2Fcomments&post=697"}],"wp:featuredmedia":[{"embeddable":true,"href":"https:\/\/emporiodoturquinho.com.br\/index.php?rest_route=\/wp\/v2\/media\/698"}],"wp:attachment":[{"href":"https:\/\/emporiodoturquinho.com.br\/index.php?rest_route=%2Fwp%2Fv2%2Fmedia&parent=697"}],"wp:term":[{"taxonomy":"product_cat","embeddable":true,"href":"https:\/\/emporiodoturquinho.com.br\/index.php?rest_route=%2Fwp%2Fv2%2Fproduct_cat&post=697"},{"taxonomy":"product_tag","embeddable":true,"href":"https:\/\/emporiodoturquinho.com.br\/index.php?rest_route=%2Fwp%2Fv2%2Fproduct_tag&post=697"}],"curies":[{"name":"wp","href":"https:\/\/api.w.org\/{rel}","templated":true}]}}