{"id":685,"date":"2024-01-26T13:18:23","date_gmt":"2024-01-26T16:18:23","guid":{"rendered":"http:\/\/emporiodoturquinho.com.br\/?post_type=product&#038;p=685"},"modified":"2024-01-26T13:18:23","modified_gmt":"2024-01-26T16:18:23","slug":"triptofano-unilife-60-capsulas","status":"publish","type":"product","link":"https:\/\/emporiodoturquinho.com.br\/?product=triptofano-unilife-60-capsulas","title":{"rendered":"TRIPTOFANO &#8211; UNILIFE &#8211; 60 CAPSULAS"},"content":{"rendered":"<p>VALORES NUTRICIONAIS Conhe\u00e7a os valores nutricionais deste produto<br \/>\nQuantidade por por\u00e7\u00e3o de 0.3g (1 Capsula) %VD(*)<br \/>\nValor Energ\u00e9tico 0Kcal=0KJ 0<br \/>\nCarboidratos 0g 0<br \/>\nProte\u00ednas 0g 0<br \/>\nGorduras Totais 0g 0<br \/>\nGorduras Saturadas 0g 0<br \/>\nGorduras Trans 0g **<br \/>\nFibra Alimentar 0g 0<br \/>\nS\u00f3dio 0mg 0<br \/>\nIngredientes: Polpa de a\u00e7a\u00ed (Euterpe precatoria Mart.), maltodextrina e \u00e1cido asc\u00f3rbico.<\/p>\n<p>Ap\u00f3s abertura da embalagem, mantenha bem fechada, armazenando-a em local fresco e seco.<\/p>\n<p>N\u00c3O CONT\u00c9M GL\u00daTEN.<\/p>\n<p>CARACTER\u00cdSTICAS<br \/>\nSem Gl\u00faten: Sim<br \/>\nVegano: N\u00e3o<br \/>\nLow Carb: Sim<br \/>\nOrg\u00e2nico: N\u00e3o<br \/>\nLivre Transg\u00eanicos: Sim<br \/>\nSem Lactose: Sim<br \/>\nOrigem: Nacional<br \/>\nGranel: N\u00e3o<\/p>\n","protected":false},"excerpt":{"rendered":"<p>O L-Triptofano Unilife \u00e9 um amino\u00e1cido essencial para a forma\u00e7\u00e3o e manunte\u00e7\u00e3o dos m\u00fasculo e na produ\u00e7\u00e3o de serotonina e melatonina.<\/p>\n<p>O L-Triptofano \u00e9 um amino\u00e1cido que participa de varias fun\u00e7\u00f5es no organismo. Sendo ele um elemento ess\u00eancial para o organismo.<\/p>\n","protected":false},"featured_media":686,"comment_status":"open","ping_status":"closed","template":"","meta":[],"product_cat":[37],"product_tag":[],"class_list":{"0":"post-685","1":"product","2":"type-product","3":"status-publish","4":"has-post-thumbnail","6":"product_cat-suplementos","8":"first","9":"instock","10":"shipping-taxable","11":"product-type-simple"},"supplier_id":null,"supplier_sku":"","barcode":null,"atum_controlled":true,"out_stock_date":null,"out_stock_threshold":null,"inheritable":false,"inbound_stock":0,"stock_on_hold":0,"sold_today":0,"sales_last_days":0,"reserved_stock":0,"customer_returns":0,"warehouse_damage":0,"lost_in_post":0,"other_logs":0,"out_stock_days":0,"lost_sales":0,"has_location":false,"update_date":"2026-04-22T12:24:26","atum_locations":[],"atum_stock_status":"instock","restock_status":false,"low_stock_amount":"","sales_update_date":"2026-04-22T12:24:26","calc_backorders":null,"_links":{"self":[{"href":"https:\/\/emporiodoturquinho.com.br\/index.php?rest_route=\/wp\/v2\/product\/685","targetHints":{"allow":["GET"]}}],"collection":[{"href":"https:\/\/emporiodoturquinho.com.br\/index.php?rest_route=\/wp\/v2\/product"}],"about":[{"href":"https:\/\/emporiodoturquinho.com.br\/index.php?rest_route=\/wp\/v2\/types\/product"}],"replies":[{"embeddable":true,"href":"https:\/\/emporiodoturquinho.com.br\/index.php?rest_route=%2Fwp%2Fv2%2Fcomments&post=685"}],"wp:featuredmedia":[{"embeddable":true,"href":"https:\/\/emporiodoturquinho.com.br\/index.php?rest_route=\/wp\/v2\/media\/686"}],"wp:attachment":[{"href":"https:\/\/emporiodoturquinho.com.br\/index.php?rest_route=%2Fwp%2Fv2%2Fmedia&parent=685"}],"wp:term":[{"taxonomy":"product_cat","embeddable":true,"href":"https:\/\/emporiodoturquinho.com.br\/index.php?rest_route=%2Fwp%2Fv2%2Fproduct_cat&post=685"},{"taxonomy":"product_tag","embeddable":true,"href":"https:\/\/emporiodoturquinho.com.br\/index.php?rest_route=%2Fwp%2Fv2%2Fproduct_tag&post=685"}],"curies":[{"name":"wp","href":"https:\/\/api.w.org\/{rel}","templated":true}]}}