{"id":683,"date":"2024-01-26T13:17:43","date_gmt":"2024-01-26T16:17:43","guid":{"rendered":"http:\/\/emporiodoturquinho.com.br\/?post_type=product&#038;p=683"},"modified":"2024-01-26T13:17:43","modified_gmt":"2024-01-26T16:17:43","slug":"tri-omega-3-6-9-unilife-60-capsulas","status":"publish","type":"product","link":"https:\/\/emporiodoturquinho.com.br\/?product=tri-omega-3-6-9-unilife-60-capsulas","title":{"rendered":"TRI OMEGA  3 6 9 &#8211; UNILIFE &#8211; 60 CAPSULAS"},"content":{"rendered":"<p>VALORES NUTRICIONAIS Conhe\u00e7a os valores nutricionais deste produto<br \/>\nQuantidade por por\u00e7\u00e3o de 2g (2 Unidades) %VD(*)<br \/>\nValor Energ\u00e9tico 18Kcal=76KJ 2<br \/>\nCarboidratos 0g 0<br \/>\nProte\u00ednas 0g 0<br \/>\nGorduras Totais 2g 4<br \/>\nGorduras Saturadas 0.4g 2<br \/>\nGorduras Trans 0g **<br \/>\nFibra Alimentar 0g 0<br \/>\nS\u00f3dio 0mg 0<br \/>\nIngredientes: \u00d3leo de cartamo, \u00f3leo de coco, \u00f3leo de abacate, \u00f3leo de chia, DL alfa tocoferol, palmitato de retinol, fitomenadiona e colecalciferol.<\/p>\n<p>C\u00e1psula: Gealtina bovina, \u00e1gua e umectante glicerina.<\/p>\n<p>Apos aberto, conservar fechado em local seco e arejado.<\/p>\n<p>N\u00c3O CONT\u00c9M GL\u00daTEN<\/p>\n<p>CARACTER\u00cdSTICAS<br \/>\nSem Gl\u00faten: Sim<br \/>\nVegano: N\u00e3o<br \/>\nLow Carb: Sim<br \/>\nOrg\u00e2nico: N\u00e3o<br \/>\nLivre Transg\u00eanicos: Sim<br \/>\nSem Lactose: Sim<br \/>\nOrigem: Nacional<br \/>\nGranel: N\u00e3o<\/p>\n","protected":false},"excerpt":{"rendered":"<p>O Tri \u00d4mega 3 6 9 Unilife \u00e9 um suplemento alimentar \u00e0 base de: \u00f3leo de c\u00e1rtamo, \u00f3leo de coco, \u00f3leo de abacate e \u00f3leo de chia. A combina\u00e7\u00e3o desses ingredientes faz como que o produto seja rico nos tr\u00eas tipos de \u00f4mega e com isso tr\u00e1s muitos benef\u00edcios para sa\u00fade.<\/p>\n<p>Os \u00d4megas 3 6 9 contidos nos Ingredientes deste produto s\u00e3o uma combina\u00e7\u00e3o de \u00f3leos de origem vegetal que s\u00e3o ricos em \u00e1cidos graxos extremamente ben\u00e9ficos para nossa sa\u00fade. Estes \u00e1cidos graxos s\u00e3o essenciais ao nosso organismo, mas n\u00e3o s\u00e3o produzidos pelo nosso corpo, ent\u00e3o precisamos obt\u00ea-los pela alimenta\u00e7\u00e3o ou suplement\u00e1-los.<\/p>\n<p>Benef\u00edcios do Tri \u00d4mega 3 6 9<br \/>\n&#8211; Ajuda a proteger o cora\u00e7\u00e3o;<br \/>\n&#8211; Auxilia nosso c\u00e9rebro e tem propriedades que inibem algumas inflama\u00e7\u00f5es;<br \/>\n&#8211; Mant\u00e9m a hidrata\u00e7\u00e3o e elasticidade da pele;<br \/>\n&#8211; Possui um papel fundamental na s\u00edntese dos horm\u00f4nios.<\/p>\n<p>Cont\u00e9m vitaminas A, D, E e K.<\/p>\n<p>Sugere-se a ingest\u00e3o de 2 c\u00e1psulas ao dia, ap\u00f3s as refei\u00e7\u00f5es. Ingerir com l\u00edquido<\/p>\n","protected":false},"featured_media":684,"comment_status":"open","ping_status":"closed","template":"","meta":[],"product_cat":[37],"product_tag":[],"class_list":{"0":"post-683","1":"product","2":"type-product","3":"status-publish","4":"has-post-thumbnail","6":"product_cat-suplementos","8":"first","9":"instock","10":"shipping-taxable","11":"product-type-simple"},"supplier_id":null,"supplier_sku":"","barcode":null,"atum_controlled":true,"out_stock_date":null,"out_stock_threshold":null,"inheritable":false,"inbound_stock":0,"stock_on_hold":0,"sold_today":0,"sales_last_days":0,"reserved_stock":0,"customer_returns":0,"warehouse_damage":0,"lost_in_post":0,"other_logs":0,"out_stock_days":0,"lost_sales":0,"has_location":false,"update_date":"2026-04-22T12:24:26","atum_locations":[],"atum_stock_status":"instock","restock_status":false,"low_stock_amount":"","sales_update_date":"2026-04-22T12:24:26","calc_backorders":null,"_links":{"self":[{"href":"https:\/\/emporiodoturquinho.com.br\/index.php?rest_route=\/wp\/v2\/product\/683","targetHints":{"allow":["GET"]}}],"collection":[{"href":"https:\/\/emporiodoturquinho.com.br\/index.php?rest_route=\/wp\/v2\/product"}],"about":[{"href":"https:\/\/emporiodoturquinho.com.br\/index.php?rest_route=\/wp\/v2\/types\/product"}],"replies":[{"embeddable":true,"href":"https:\/\/emporiodoturquinho.com.br\/index.php?rest_route=%2Fwp%2Fv2%2Fcomments&post=683"}],"wp:featuredmedia":[{"embeddable":true,"href":"https:\/\/emporiodoturquinho.com.br\/index.php?rest_route=\/wp\/v2\/media\/684"}],"wp:attachment":[{"href":"https:\/\/emporiodoturquinho.com.br\/index.php?rest_route=%2Fwp%2Fv2%2Fmedia&parent=683"}],"wp:term":[{"taxonomy":"product_cat","embeddable":true,"href":"https:\/\/emporiodoturquinho.com.br\/index.php?rest_route=%2Fwp%2Fv2%2Fproduct_cat&post=683"},{"taxonomy":"product_tag","embeddable":true,"href":"https:\/\/emporiodoturquinho.com.br\/index.php?rest_route=%2Fwp%2Fv2%2Fproduct_tag&post=683"}],"curies":[{"name":"wp","href":"https:\/\/api.w.org\/{rel}","templated":true}]}}