{"id":673,"date":"2024-01-26T13:06:02","date_gmt":"2024-01-26T16:06:02","guid":{"rendered":"http:\/\/emporiodoturquinho.com.br\/?post_type=product&#038;p=673"},"modified":"2024-01-26T13:06:02","modified_gmt":"2024-01-26T16:06:02","slug":"magnesia-quelato-unilife-60-capsulas","status":"publish","type":"product","link":"https:\/\/emporiodoturquinho.com.br\/?product=magnesia-quelato-unilife-60-capsulas","title":{"rendered":"MAGN\u00c9SIA QUELATO &#8211; UNILIFE &#8211; 60 C\u00c1PSULAS"},"content":{"rendered":"<p>VALORES NUTRICIONAIS Conhe\u00e7a os valores nutricionais deste produto<br \/>\nQuantidade por por\u00e7\u00e3o de 1.4g (2 C\u00e1psulas) %VD(*)<br \/>\nValor Energ\u00e9tico 0Kcal=0KJ 0<br \/>\nCarboidratos 0g 0<br \/>\nProte\u00ednas 0g 0<br \/>\nGorduras Totais 0g 0<br \/>\nGorduras Saturadas 0g 0<br \/>\nGorduras Trans 0g **<br \/>\nFibra Alimentar 0g 0<br \/>\nS\u00f3dio 0mg 0<br \/>\nIngredientes: bisglicinato de magn\u00e9sio (magn\u00e9sio quelato).<\/p>\n<p>C\u00e1psula: Gelatina vegetal e \u00e1gua.<\/p>\n<p>Apos aberto, conservar fechado em local seco e arejado.<\/p>\n<p>N\u00c3O CONT\u00c9M GL\u00daTEN.<\/p>\n<p>CARACTER\u00cdSTICAS<br \/>\nSem Gl\u00faten: Sim<br \/>\nVegano: N\u00e3o<br \/>\nLow Carb: Sim<br \/>\nOrg\u00e2nico: N\u00e3o<br \/>\nLivre Transg\u00eanicos: Sim<br \/>\nSem Lactose: Sim<br \/>\nOrigem: Nacional<br \/>\nGranel: N\u00e3o<\/p>\n","protected":false},"excerpt":{"rendered":"<p>O Magn\u00e9sio Quelato &#8211; Unilife \u00e9 um suplemento \u00e0 base do mineral magn\u00e9sio, que \u00e9 extremamente importante para nossa sa\u00fade pois ele participa em mais de 350 rea\u00e7\u00f5es enzim\u00e1ticas no organismo humano. Participa diretamente no metabolismo \u00f3sseo e muscular.<br \/>\nFazer uma dieta suplementar baseada em magn\u00e9sio quelato pode ajudar a diminuir o risco de insufici\u00eancia card\u00edaca congestiva e arritmia card\u00edaca, ou frequ\u00eancia card\u00edaca irregular.<br \/>\nO magn\u00e9sio ajuda a construir e manter ossos fortes e tomar suplementos de magn\u00e9sio quelato. A maioria dos brasileiros n\u00e3o consome magn\u00e9sio suficiente, e ter magn\u00e9sio quelato ao seu dispor \u00e9 a melhor forma de investir na sua sa\u00fade. Uma dieta abundante em gr\u00e3os inteiros, vegetais de folhas (verdes escuras), nozes e feij\u00f5es pode ajudar a maioria das pessoas a cumprir seu subs\u00eddio di\u00e1rio.<\/p>\n<p>Sugere &#8211; Se a ingest\u00e3o de 2 c\u00e1psulas ao dia, ap\u00f3s a refei\u00e7\u00e3o. Ingerir com l\u00edquido.<\/p>\n<p>Consumir este produto conforme recomenda\u00e7\u00e3o de ingest\u00e3o constante na embalagem. N\u00e3o consumir mais que 2 c\u00e1psulas ao dia.<br \/>\nGestantes, m\u00e3es que amamentam e crian\u00e7as menores de 3 (tr\u00eas) anos, somente devem consumir este produto sob orienta\u00e7\u00e3o de nutricionista e\/ou m\u00e9dico.<\/p>\n<p>Princ\u00edpio ativo: 350mg de bisglicinato de magn\u00e9sio (magn\u00e9sio quelato) em 2 c\u00e1psulas.<\/p>\n<p>Gostou? Fa\u00e7a sua compra agora e receba com todo conforto na sua casa ou trabalho.<\/p>\n","protected":false},"featured_media":674,"comment_status":"open","ping_status":"closed","template":"","meta":[],"product_cat":[37],"product_tag":[],"class_list":{"0":"post-673","1":"product","2":"type-product","3":"status-publish","4":"has-post-thumbnail","6":"product_cat-suplementos","8":"first","9":"instock","10":"shipping-taxable","11":"product-type-simple"},"supplier_id":null,"supplier_sku":"","barcode":null,"atum_controlled":true,"out_stock_date":null,"out_stock_threshold":null,"inheritable":false,"inbound_stock":0,"stock_on_hold":0,"sold_today":0,"sales_last_days":0,"reserved_stock":0,"customer_returns":0,"warehouse_damage":0,"lost_in_post":0,"other_logs":0,"out_stock_days":0,"lost_sales":0,"has_location":false,"update_date":"2026-04-22T12:24:26","atum_locations":[],"atum_stock_status":"instock","restock_status":false,"low_stock_amount":"","sales_update_date":"2026-04-22T12:24:26","calc_backorders":null,"_links":{"self":[{"href":"https:\/\/emporiodoturquinho.com.br\/index.php?rest_route=\/wp\/v2\/product\/673","targetHints":{"allow":["GET"]}}],"collection":[{"href":"https:\/\/emporiodoturquinho.com.br\/index.php?rest_route=\/wp\/v2\/product"}],"about":[{"href":"https:\/\/emporiodoturquinho.com.br\/index.php?rest_route=\/wp\/v2\/types\/product"}],"replies":[{"embeddable":true,"href":"https:\/\/emporiodoturquinho.com.br\/index.php?rest_route=%2Fwp%2Fv2%2Fcomments&post=673"}],"wp:featuredmedia":[{"embeddable":true,"href":"https:\/\/emporiodoturquinho.com.br\/index.php?rest_route=\/wp\/v2\/media\/674"}],"wp:attachment":[{"href":"https:\/\/emporiodoturquinho.com.br\/index.php?rest_route=%2Fwp%2Fv2%2Fmedia&parent=673"}],"wp:term":[{"taxonomy":"product_cat","embeddable":true,"href":"https:\/\/emporiodoturquinho.com.br\/index.php?rest_route=%2Fwp%2Fv2%2Fproduct_cat&post=673"},{"taxonomy":"product_tag","embeddable":true,"href":"https:\/\/emporiodoturquinho.com.br\/index.php?rest_route=%2Fwp%2Fv2%2Fproduct_tag&post=673"}],"curies":[{"name":"wp","href":"https:\/\/api.w.org\/{rel}","templated":true}]}}