{"id":671,"date":"2024-01-26T13:05:00","date_gmt":"2024-01-26T16:05:00","guid":{"rendered":"http:\/\/emporiodoturquinho.com.br\/?post_type=product&#038;p=671"},"modified":"2024-01-26T13:05:00","modified_gmt":"2024-01-26T16:05:00","slug":"maca-peruana-unilife-60-capsulas","status":"publish","type":"product","link":"https:\/\/emporiodoturquinho.com.br\/?product=maca-peruana-unilife-60-capsulas","title":{"rendered":"MACA PERUANA &#8211; UNILIFE &#8211; 60 CAPSULAS"},"content":{"rendered":"<p>VALORES NUTRICIONAIS Conhe\u00e7a os valores nutricionais deste produto<br \/>\nQuantidade por por\u00e7\u00e3o de 0.5g (1 Unidade) %VD(*)<br \/>\nValor Energ\u00e9tico 0Kcal=0KJ 0<br \/>\nCarboidratos 0g 0<br \/>\nProte\u00ednas 0g 0<br \/>\nGorduras Totais 0g 0<br \/>\nGorduras Saturadas 0g 0<br \/>\nGorduras Trans 0g **<br \/>\nFibra Alimentar 0g 0<br \/>\nS\u00f3dio 0mg 0<br \/>\nIngredientes: Maca peruana, \u00e1cido asc\u00f3rbico, bisglicinato de zinco.<\/p>\n<p>C\u00e1psula: gelatina vegetariana e \u00e1gua.<\/p>\n<p>Apos aberto, conservar fechado em local seco e arejado.<\/p>\n<p>N\u00c3O CONT\u00c9M GL\u00daTEN.<\/p>\n<p>CARACTER\u00cdSTICAS<br \/>\nSem Gl\u00faten: Sim<br \/>\nVegano: N\u00e3o<br \/>\nLow Carb: Sim<br \/>\nOrg\u00e2nico: N\u00e3o<br \/>\nLivre Transg\u00eanicos: Sim<br \/>\nSem Lactose: Sim<br \/>\nOrigem: Nacional<br \/>\nGranel: N\u00e3o<\/p>\n","protected":false},"excerpt":{"rendered":"<p>O Col\u00e1geno Dermfix Abacaxi com Hortel\u00e3 \u00e9 um col\u00e1geno hidrolisado com adi\u00e7\u00e3o de vitaminas e amino\u00e1cidos essenciais.<\/p>\n<p>A Maca Peruana \u00e9 um tub\u00e9rculo com formato semelhante ao do rabanete proveniente da Cordilheira dos Andes.<\/p>\n<p>\u00c9 considerado um poderoso alimento pois tem alto teor de carboidratos, prote\u00ednas, lip\u00eddeos, minerais (c\u00e1lcio, magn\u00e9sio, f\u00f3sforo, pot\u00e1ssio, zinco, sel\u00eanio e ferro) e vitaminas (B1, B2, C e E).<\/p>\n<p>Al\u00e9m disso, \u00e9 rico em fibras. Esse legume cont\u00e9m bastante carboidrato \u2013 principal nutriente respons\u00e1vel pelo fornecimento de energia ao nosso organismo. Apesar disso, n\u00e3o \u00e9 t\u00e3o cal\u00f3rico assim: cerca de duas colheres de sopa de farinha de maca cont\u00eam apenas 31 calorias<\/p>\n<p>Cont\u00e9m \u00e1cidos graxos de cadeia longa, conhecidos como macaenos e macamidas; possui uma variedade de fitoqu\u00edmicos, com atividade antioxidante e altos n\u00edveis de pot\u00e1ssio.<\/p>\n<p>\u2022 \u00c9 altamente nutritiva<\/p>\n<p>\u2022 Pode melhorar seu humor<\/p>\n<p>\u2022 Pode impulsionar o desempenho e a energia esportiva<\/p>\n<p>\u2022 Pode melhorar a aprendizagem e a mem\u00f3ria<\/p>\n<p>Gostou? Fa\u00e7a sua compra agora e receba com todo conforto na sua casa ou trabalho.<\/p>\n","protected":false},"featured_media":672,"comment_status":"open","ping_status":"closed","template":"","meta":[],"product_cat":[37],"product_tag":[],"class_list":{"0":"post-671","1":"product","2":"type-product","3":"status-publish","4":"has-post-thumbnail","6":"product_cat-suplementos","8":"first","9":"instock","10":"shipping-taxable","11":"product-type-simple"},"supplier_id":null,"supplier_sku":"","barcode":null,"atum_controlled":true,"out_stock_date":null,"out_stock_threshold":null,"inheritable":false,"inbound_stock":null,"stock_on_hold":0,"sold_today":0,"sales_last_days":0,"reserved_stock":null,"customer_returns":null,"warehouse_damage":null,"lost_in_post":null,"other_logs":null,"out_stock_days":0,"lost_sales":0,"has_location":null,"update_date":"2026-04-22T12:24:26","atum_locations":[],"atum_stock_status":"instock","restock_status":false,"low_stock_amount":"","sales_update_date":"2026-04-22T12:24:26","calc_backorders":null,"_links":{"self":[{"href":"https:\/\/emporiodoturquinho.com.br\/index.php?rest_route=\/wp\/v2\/product\/671","targetHints":{"allow":["GET"]}}],"collection":[{"href":"https:\/\/emporiodoturquinho.com.br\/index.php?rest_route=\/wp\/v2\/product"}],"about":[{"href":"https:\/\/emporiodoturquinho.com.br\/index.php?rest_route=\/wp\/v2\/types\/product"}],"replies":[{"embeddable":true,"href":"https:\/\/emporiodoturquinho.com.br\/index.php?rest_route=%2Fwp%2Fv2%2Fcomments&post=671"}],"wp:featuredmedia":[{"embeddable":true,"href":"https:\/\/emporiodoturquinho.com.br\/index.php?rest_route=\/wp\/v2\/media\/672"}],"wp:attachment":[{"href":"https:\/\/emporiodoturquinho.com.br\/index.php?rest_route=%2Fwp%2Fv2%2Fmedia&parent=671"}],"wp:term":[{"taxonomy":"product_cat","embeddable":true,"href":"https:\/\/emporiodoturquinho.com.br\/index.php?rest_route=%2Fwp%2Fv2%2Fproduct_cat&post=671"},{"taxonomy":"product_tag","embeddable":true,"href":"https:\/\/emporiodoturquinho.com.br\/index.php?rest_route=%2Fwp%2Fv2%2Fproduct_tag&post=671"}],"curies":[{"name":"wp","href":"https:\/\/api.w.org\/{rel}","templated":true}]}}