{"id":669,"date":"2024-01-26T13:03:48","date_gmt":"2024-01-26T16:03:48","guid":{"rendered":"http:\/\/emporiodoturquinho.com.br\/?post_type=product&#038;p=669"},"modified":"2024-01-26T13:03:48","modified_gmt":"2024-01-26T16:03:48","slug":"luteina-zeaxantina-400mg-60caps-unilife-unilife","status":"publish","type":"product","link":"https:\/\/emporiodoturquinho.com.br\/?product=luteina-zeaxantina-400mg-60caps-unilife-unilife","title":{"rendered":"LUTEINA ZEAXANTINA 400MG 60CAPS UNILIFE UNILIFE"},"content":{"rendered":"<p>VALORES NUTRICIONAIS Conhe\u00e7a os valores nutricionais deste produto<br \/>\nQuantidade por por\u00e7\u00e3o de 0.5g (1 Unidades) %VD(*)<br \/>\nValor Energ\u00e9tico 0Kcal=0KJ 0<br \/>\nCarboidratos 0g 0<br \/>\nProte\u00ednas 0g 0<br \/>\nGorduras Totais 0g 0<br \/>\nGorduras Saturadas 0g 0<br \/>\nGorduras Trans 0g **<br \/>\nFibra Alimentar 0g 0<br \/>\nS\u00f3dio 0mg 0<br \/>\nIngredientes: Lute\u00edna, zeaxantina e celulose microcistalina.<\/p>\n<p>C\u00e1psula: gelatina vegetal e \u00e1gua.<\/p>\n<p>Apos aberto, conservar fechado em local seco e arejado.<\/p>\n<p>N\u00c3O CONT\u00c9M GL\u00daTEN.<\/p>\n<p>CARACTER\u00cdSTICAS<br \/>\nSem Gl\u00faten: Sim<br \/>\nVegano: N\u00e3o<br \/>\nLow Carb: Sim<br \/>\nOrg\u00e2nico: N\u00e3o<br \/>\nLivre Transg\u00eanicos: Sim<br \/>\nSem Lactose: Sim<br \/>\nOrigem: Nacional<br \/>\nGranel: N\u00e3o<\/p>\n","protected":false},"excerpt":{"rendered":"<p>Lute\u00edna e Zeaxantina s\u00e3o carotenoides de cor amarela presentes em alguns alimentos. Esses dois compostos juntos t\u00eam como principal finalidade cuidar da sa\u00fade dos olhos, mas n\u00e3o \u00e9 somente esse benef\u00edcio que a Lute\u00edna e Zeaxantina da Unilife pode lhe proporcionar.<\/p>\n<p>A Lute\u00edna e Zeaxantina como s\u00e3o propriedades ricas em antioxidantes absorvem a energia da luz obtida pelo sol impedindo que os radicais livres tomem conta tamb\u00e9m da retina.<\/p>\n<p>Lute\u00edna E Zeaxantina Unilife \u00e9 um produto totalmente natural. As subst\u00e2ncias em si j\u00e1 s\u00e3o produzidas em pequenas quantidades pelo nosso organismo devido ao consumo de alguns alimentos. No entanto, algumas pessoas sofrem com a defici\u00eancia dessas subst\u00e2ncias, optando pela ingest\u00e3o do suplemento.<\/p>\n<p>Gostou? Fa\u00e7a sua compra agora e receba com todo conforto na sua casa ou trabalho.<\/p>\n","protected":false},"featured_media":670,"comment_status":"open","ping_status":"closed","template":"","meta":[],"product_cat":[37],"product_tag":[],"class_list":{"0":"post-669","1":"product","2":"type-product","3":"status-publish","4":"has-post-thumbnail","6":"product_cat-suplementos","8":"first","9":"instock","10":"shipping-taxable","11":"product-type-simple"},"supplier_id":null,"supplier_sku":"","barcode":null,"atum_controlled":true,"out_stock_date":null,"out_stock_threshold":null,"inheritable":false,"inbound_stock":null,"stock_on_hold":0,"sold_today":0,"sales_last_days":0,"reserved_stock":null,"customer_returns":null,"warehouse_damage":null,"lost_in_post":null,"other_logs":null,"out_stock_days":0,"lost_sales":0,"has_location":null,"update_date":"2026-04-22T12:24:26","atum_locations":[],"atum_stock_status":"instock","restock_status":false,"low_stock_amount":"","sales_update_date":"2026-04-22T12:24:26","calc_backorders":null,"_links":{"self":[{"href":"https:\/\/emporiodoturquinho.com.br\/index.php?rest_route=\/wp\/v2\/product\/669","targetHints":{"allow":["GET"]}}],"collection":[{"href":"https:\/\/emporiodoturquinho.com.br\/index.php?rest_route=\/wp\/v2\/product"}],"about":[{"href":"https:\/\/emporiodoturquinho.com.br\/index.php?rest_route=\/wp\/v2\/types\/product"}],"replies":[{"embeddable":true,"href":"https:\/\/emporiodoturquinho.com.br\/index.php?rest_route=%2Fwp%2Fv2%2Fcomments&post=669"}],"wp:featuredmedia":[{"embeddable":true,"href":"https:\/\/emporiodoturquinho.com.br\/index.php?rest_route=\/wp\/v2\/media\/670"}],"wp:attachment":[{"href":"https:\/\/emporiodoturquinho.com.br\/index.php?rest_route=%2Fwp%2Fv2%2Fmedia&parent=669"}],"wp:term":[{"taxonomy":"product_cat","embeddable":true,"href":"https:\/\/emporiodoturquinho.com.br\/index.php?rest_route=%2Fwp%2Fv2%2Fproduct_cat&post=669"},{"taxonomy":"product_tag","embeddable":true,"href":"https:\/\/emporiodoturquinho.com.br\/index.php?rest_route=%2Fwp%2Fv2%2Fproduct_tag&post=669"}],"curies":[{"name":"wp","href":"https:\/\/api.w.org\/{rel}","templated":true}]}}