{"id":665,"date":"2024-01-26T13:02:38","date_gmt":"2024-01-26T16:02:38","guid":{"rendered":"http:\/\/emporiodoturquinho.com.br\/?post_type=product&#038;p=665"},"modified":"2024-01-26T13:02:38","modified_gmt":"2024-01-26T16:02:38","slug":"ferro-unilife-60-capsulas","status":"publish","type":"product","link":"https:\/\/emporiodoturquinho.com.br\/?product=ferro-unilife-60-capsulas","title":{"rendered":"FERRO &#8211; UNILIFE &#8211; 60 CAPSULAS"},"content":{"rendered":"<p>VALORES NUTRICIONAIS Conhe\u00e7a os valores nutricionais deste produto<br \/>\nQuantidade por por\u00e7\u00e3o de 0.5g (1 C\u00e1psula) %VD(*)<br \/>\nValor Energ\u00e9tico 0Kcal=0KJ 0<br \/>\nCarboidratos 0g 0<br \/>\nProte\u00ednas 0g 0<br \/>\nGorduras Totais 0g 0<br \/>\nGorduras Saturadas 0g 0<br \/>\nGorduras Trans 0g **<br \/>\nFibra Alimentar 0g 0<br \/>\nS\u00f3dio 0mg 0<br \/>\nIngredientes: bisglicinato ferroso, excipiente q.s.p. 500mg.<\/p>\n<p>C\u00e1psula: gelatina vegetariana e \u00e1gua.<\/p>\n<p>Apos aberto, conservar fechado em local seco e arejado.<\/p>\n<p>N\u00c3O CONT\u00c9M GL\u00daTEN.<\/p>\n<p>CARACTER\u00cdSTICAS<br \/>\nSem Gl\u00faten: Sim<br \/>\nVegano: N\u00e3o<br \/>\nLow Carb: Sim<br \/>\nOrg\u00e2nico: N\u00e3o<br \/>\nLivre Transg\u00eanicos: Sim<br \/>\nSem Lactose: Sim<br \/>\nOrigem: Nacional<br \/>\nGranel: N\u00e3o<\/p>\n","protected":false},"excerpt":{"rendered":"<p>Chlorella \u00e9 uma microalga verde, que apresenta 70% de clorofila em sua composi\u00e7\u00e3o, \u00e9 um alimento riqu\u00edssimo em vitaminas, minerais, enzimas, prote\u00ednas e \u00e1cidos graxos insaturados.<\/p>\n<p>Dentre as enzimas presentes na chlorella, est\u00e3o as que participam da digest\u00e3o, dessa forma auxilia no melhor desempenho do trato digest\u00f3rio e o protege.<\/p>\n<p>Al\u00e9m de ser fonte de muitos nutrientes, tem sido Utilizada tamb\u00e9m com o objetivo de desintoxicar o organismo, pois se liga a toxinas como uma esponja, e depois \u00e9 excretada Mineral Ferro Quelato Fe Unilife \u00e9 um suplemento composto pelo mineral Ferro. A defici\u00eancia de ferro \u00e9 muito comum, fazendo com que sua suplementa\u00e7\u00e3o seja necess\u00e1ria.<\/p>\n<p>Nosso organismo \u00e9 totalmente depende de nutrientes, vitaminas e minerais para fazer o seu bom funcionamento, nem sempre a alimenta\u00e7\u00e3o \u00e9 suficiente para obter as quantidades ideais adequadas.<\/p>\n<p>A Unilife recomenda o uso de 1 c\u00e1psula ao dia, ap\u00f3s a principal refei\u00e7\u00e3o, o consumo deve ser feito juntamente de l\u00edquidos para melhor facilidade de absor\u00e7\u00e3o.<\/p>\n<p>Gostou? Fa\u00e7a sua compra agora e receba com todo conforto na sua casa ou trabalho.<\/p>\n","protected":false},"featured_media":666,"comment_status":"open","ping_status":"closed","template":"","meta":[],"product_cat":[37],"product_tag":[],"class_list":{"0":"post-665","1":"product","2":"type-product","3":"status-publish","4":"has-post-thumbnail","6":"product_cat-suplementos","8":"first","9":"instock","10":"shipping-taxable","11":"product-type-simple"},"supplier_id":null,"supplier_sku":"","barcode":null,"atum_controlled":true,"out_stock_date":null,"out_stock_threshold":null,"inheritable":false,"inbound_stock":null,"stock_on_hold":0,"sold_today":0,"sales_last_days":0,"reserved_stock":null,"customer_returns":null,"warehouse_damage":null,"lost_in_post":null,"other_logs":null,"out_stock_days":0,"lost_sales":0,"has_location":null,"update_date":"2026-04-22T12:24:26","atum_locations":[],"atum_stock_status":"instock","restock_status":false,"low_stock_amount":"","sales_update_date":"2026-04-22T12:24:26","calc_backorders":null,"_links":{"self":[{"href":"https:\/\/emporiodoturquinho.com.br\/index.php?rest_route=\/wp\/v2\/product\/665","targetHints":{"allow":["GET"]}}],"collection":[{"href":"https:\/\/emporiodoturquinho.com.br\/index.php?rest_route=\/wp\/v2\/product"}],"about":[{"href":"https:\/\/emporiodoturquinho.com.br\/index.php?rest_route=\/wp\/v2\/types\/product"}],"replies":[{"embeddable":true,"href":"https:\/\/emporiodoturquinho.com.br\/index.php?rest_route=%2Fwp%2Fv2%2Fcomments&post=665"}],"wp:featuredmedia":[{"embeddable":true,"href":"https:\/\/emporiodoturquinho.com.br\/index.php?rest_route=\/wp\/v2\/media\/666"}],"wp:attachment":[{"href":"https:\/\/emporiodoturquinho.com.br\/index.php?rest_route=%2Fwp%2Fv2%2Fmedia&parent=665"}],"wp:term":[{"taxonomy":"product_cat","embeddable":true,"href":"https:\/\/emporiodoturquinho.com.br\/index.php?rest_route=%2Fwp%2Fv2%2Fproduct_cat&post=665"},{"taxonomy":"product_tag","embeddable":true,"href":"https:\/\/emporiodoturquinho.com.br\/index.php?rest_route=%2Fwp%2Fv2%2Fproduct_tag&post=665"}],"curies":[{"name":"wp","href":"https:\/\/api.w.org\/{rel}","templated":true}]}}