{"id":663,"date":"2024-01-26T13:01:45","date_gmt":"2024-01-26T16:01:45","guid":{"rendered":"http:\/\/emporiodoturquinho.com.br\/?post_type=product&#038;p=663"},"modified":"2024-01-26T13:01:45","modified_gmt":"2024-01-26T16:01:45","slug":"dolomita-d-unilife-60-capsulas","status":"publish","type":"product","link":"https:\/\/emporiodoturquinho.com.br\/?product=dolomita-d-unilife-60-capsulas","title":{"rendered":"DOLOMITA D &#8211; UNILIFE &#8211; 60 CAPSULAS"},"content":{"rendered":"<p>VALORES NUTRICIONAIS Conhe\u00e7a os valores nutricionais deste produto<br \/>\nQuantidade por por\u00e7\u00e3o de 2.8g (3 C\u00e1psulas) %VD(*)<br \/>\nValor Energ\u00e9tico 0Kcal=0KJ 0<br \/>\nCarboidratos 0g 0<br \/>\nProte\u00ednas 0g 0<br \/>\nGorduras Totais 0g 0<br \/>\nGorduras Saturadas 0g 0<br \/>\nGorduras Trans 0g **<br \/>\nFibra Alimentar 0g 0<br \/>\nS\u00f3dio 0mg 0<br \/>\nIngredientes: Carbonato de c\u00e1lcio e magn\u00e9sio, colecalciferol (vitamina D3).<\/p>\n<p>C\u00e1psula: Gelatina bovina e \u00e1gua.<\/p>\n<p>Apos aberto, conservar fechado em local seco e arejado.<\/p>\n<p>N\u00c3O CONT\u00c9M GL\u00daTEN.<\/p>\n<p>CARACTER\u00cdSTICAS<br \/>\nSem Gl\u00faten: Sim<br \/>\nVegano: N\u00e3o<br \/>\nLow Carb: Sim<br \/>\nOrg\u00e2nico: N\u00e3o<br \/>\nLivre Transg\u00eanicos: Sim<br \/>\nSem Lactose: Sim<br \/>\nOrigem: Nacional<br \/>\nGranel: N\u00e3o<\/p>\n","protected":false},"excerpt":{"rendered":"<p>Dolomita D da Unilife \u00e9 um suplemento mineral a base de c\u00e1lcio, magn\u00e9sio e vitamina D, ela \u00e9 extra\u00edda de rochas de origem italiana, que passa por um processamento para retirar todas substancias impropria, tornando um produto muito utilizado para fortalecimento \u00f3sseo, reposi\u00e7\u00e3o muscular, adequa\u00e7\u00e3o das necessidades de magn\u00e9sio, c\u00e1lcio e vitamina D.<\/p>\n<p>Quais os benef\u00edcios do Dolomita D da Unilife?<br \/>\n&#8211; \u00c9 um \u00f3timo aliado da pele<br \/>\n&#8211; Possui propriedades que facilitam a absor\u00e7\u00e3o de \u00e1cido \u00farico no organismo, entre diversos outros nutrientes dif\u00edceis de serem obtidos somente pelo organismo.<br \/>\n&#8211; Dolomita: A dolomita possui propriedade alcalinizante, anti &#8211; Inflamat\u00f3ria, analg\u00e9sica, calmante, remineralizante, descongestionante, tonificante e relaxante, o que a torna uma importante substancia para a sa\u00fade do organismo e at\u00e9 mesmo dos cabelos.<br \/>\n&#8211; C\u00e1lcio: a principal finalidade do c\u00e1lcio \u00e9 a sua fun\u00e7\u00e3o na constru\u00e7\u00e3o e manuten\u00e7\u00e3o da estrutura \u00f3ssea.<br \/>\n&#8211; Magn\u00e9sio: O magn\u00e9sio tamb\u00e9m possui diversas finalidades tais como diminuir os radicais livres do organismo, auxiliando no combate contra o envelhecimento precoce<br \/>\n&#8211; Vitamina D: A vitamina D tem como principal finalidade atuar diretamente no fortalecimento dos \u00f3sseos, ele \u00e9 um horm\u00f4nio essencial para o corpo, podendo ter atua\u00e7\u00e3o at\u00e9 mesmo no sistema cardiovascular.<\/p>\n<p>Gostou? Fa\u00e7a sua compra agora e receba com todo conforto na sua casa ou trabalho.<\/p>\n","protected":false},"featured_media":664,"comment_status":"open","ping_status":"closed","template":"","meta":[],"product_cat":[37],"product_tag":[],"class_list":{"0":"post-663","1":"product","2":"type-product","3":"status-publish","4":"has-post-thumbnail","6":"product_cat-suplementos","8":"first","9":"instock","10":"shipping-taxable","11":"product-type-simple"},"supplier_id":null,"supplier_sku":"","barcode":null,"atum_controlled":true,"out_stock_date":null,"out_stock_threshold":null,"inheritable":false,"inbound_stock":null,"stock_on_hold":0,"sold_today":0,"sales_last_days":0,"reserved_stock":null,"customer_returns":null,"warehouse_damage":null,"lost_in_post":null,"other_logs":null,"out_stock_days":0,"lost_sales":0,"has_location":null,"update_date":"2026-04-22T12:24:26","atum_locations":[],"atum_stock_status":"instock","restock_status":false,"low_stock_amount":"","sales_update_date":"2026-04-22T12:24:26","calc_backorders":null,"_links":{"self":[{"href":"https:\/\/emporiodoturquinho.com.br\/index.php?rest_route=\/wp\/v2\/product\/663","targetHints":{"allow":["GET"]}}],"collection":[{"href":"https:\/\/emporiodoturquinho.com.br\/index.php?rest_route=\/wp\/v2\/product"}],"about":[{"href":"https:\/\/emporiodoturquinho.com.br\/index.php?rest_route=\/wp\/v2\/types\/product"}],"replies":[{"embeddable":true,"href":"https:\/\/emporiodoturquinho.com.br\/index.php?rest_route=%2Fwp%2Fv2%2Fcomments&post=663"}],"wp:featuredmedia":[{"embeddable":true,"href":"https:\/\/emporiodoturquinho.com.br\/index.php?rest_route=\/wp\/v2\/media\/664"}],"wp:attachment":[{"href":"https:\/\/emporiodoturquinho.com.br\/index.php?rest_route=%2Fwp%2Fv2%2Fmedia&parent=663"}],"wp:term":[{"taxonomy":"product_cat","embeddable":true,"href":"https:\/\/emporiodoturquinho.com.br\/index.php?rest_route=%2Fwp%2Fv2%2Fproduct_cat&post=663"},{"taxonomy":"product_tag","embeddable":true,"href":"https:\/\/emporiodoturquinho.com.br\/index.php?rest_route=%2Fwp%2Fv2%2Fproduct_tag&post=663"}],"curies":[{"name":"wp","href":"https:\/\/api.w.org\/{rel}","templated":true}]}}